{"id":14309,"date":"2025-09-15T16:58:05","date_gmt":"2025-09-15T14:58:05","guid":{"rendered":"https:\/\/boreait.com\/de\/?post_type=product&#038;p=14309"},"modified":"2026-01-30T08:16:44","modified_gmt":"2026-01-30T07:16:44","slug":"fujitsu-s936p-reparaturteile-ssd-halterung-laptop-komponenten","status":"publish","type":"product","link":"https:\/\/boreait.com\/de\/produkt\/fujitsu-s936p-reparaturteile-ssd-halterung-laptop-komponenten\/","title":{"rendered":"Fujitsu S936P Reparaturteile SSD-Halterung Laptop-Komponenten"},"content":{"rendered":"<p>Bringen Sie Ihr Fujitsu S936\/P Notebook mit der Fujitsu S936\/P SSD-Halterung als Ersatzteile wieder in Schwung. Dieses unverzichtbare Ersatzteil erm\u00f6glicht die nahtlose Montage Ihrer SSD und sorgt f\u00fcr optimale Leistung und Zuverl\u00e4ssigkeit Ihres Ger\u00e4ts.<\/p>\n<p>Dieses pr\u00e4zise gefertigte und auf Kompatibilit\u00e4t ausgelegte SSD-Halterungs-Ersatzteil erf\u00fcllt h\u00f6chste Qualit\u00e4tsstandards. Egal, ob Sie eine besch\u00e4digte Halterung ersetzen oder Ihren Speicher aufr\u00fcsten m\u00f6chten \u2013 dieses Original Fujitsu-Ersatzteil bietet eine zuverl\u00e4ssige L\u00f6sung f\u00fcr Ihre Laptop-Reparatur.<\/p>\n<p>Die einfache Installation macht es noch nie so einfach, die volle Funktionalit\u00e4t Ihres Fujitsu S936\/P wiederherzustellen. Installieren Sie einfach die SSD-Halterung und genie\u00dfen Sie die Gewissheit, dass Ihr Laptop mit Original Fujitsu-Ersatzteilen ausgestattet ist.<\/p>\n<p>Erleben Sie den Unterschied, den Original Fujitsu-Ersatzteile ausmachen, und sorgen Sie mit der Fujitsu S936\/P SSD-Halterung als Ersatzteile f\u00fcr Ersatzteile daf\u00fcr, dass Ihr Laptop weiterhin optimale Leistung bringt. Bestellen Sie noch heute und profitieren Sie von einer unkomplizierten und schnellen Reparatur.<\/p>\n","protected":false},"excerpt":{"rendered":"<p>Stellen Sie mit diesem SSD-Montage-Reparaturteil die volle Funktionalit\u00e4t Ihres Fujitsu S936\/P-Laptops wieder her. Genie\u00dfen Sie eine problemlose Installation und stellen Sie sicher, dass Ihr Laptop im Handumdrehen wieder einsatzbereit ist.<\/p>\n","protected":false},"featured_media":14375,"template":"","meta":[],"product_brand":[],"product_cat":[52],"product_tag":[64],"class_list":{"0":"post-14309","1":"product","2":"type-product","3":"status-publish","4":"has-post-thumbnail","6":"product_cat-laptop-housing","7":"product_tag-fujitsu","9":"first","10":"instock","11":"taxable","12":"shipping-taxable","13":"purchasable","14":"product-type-simple"},"_links":{"self":[{"href":"https:\/\/boreait.com\/de\/wp-json\/wp\/v2\/product\/14309","targetHints":{"allow":["GET"]}}],"collection":[{"href":"https:\/\/boreait.com\/de\/wp-json\/wp\/v2\/product"}],"about":[{"href":"https:\/\/boreait.com\/de\/wp-json\/wp\/v2\/types\/product"}],"wp:featuredmedia":[{"embeddable":true,"href":"https:\/\/boreait.com\/de\/wp-json\/wp\/v2\/media\/14375"}],"wp:attachment":[{"href":"https:\/\/boreait.com\/de\/wp-json\/wp\/v2\/media?parent=14309"}],"wp:term":[{"taxonomy":"product_brand","embeddable":true,"href":"https:\/\/boreait.com\/de\/wp-json\/wp\/v2\/product_brand?post=14309"},{"taxonomy":"product_cat","embeddable":true,"href":"https:\/\/boreait.com\/de\/wp-json\/wp\/v2\/product_cat?post=14309"},{"taxonomy":"product_tag","embeddable":true,"href":"https:\/\/boreait.com\/de\/wp-json\/wp\/v2\/product_tag?post=14309"}],"curies":[{"name":"wp","href":"https:\/\/api.w.org\/{rel}","templated":true}]}}