{"id":14291,"date":"2025-09-15T16:57:38","date_gmt":"2025-09-15T14:57:38","guid":{"rendered":"https:\/\/boreait.com\/de\/?post_type=product&#038;p=14291"},"modified":"2025-09-16T12:56:49","modified_gmt":"2025-09-16T10:56:49","slug":"original-fujitsu-lifebook-s936-laptop-lcd-bildschirm-luenette-frontabdeckung-surround-rahmen","status":"publish","type":"product","link":"https:\/\/boreait.com\/de\/produkt\/original-fujitsu-lifebook-s936-laptop-lcd-bildschirm-luenette-frontabdeckung-surround-rahmen\/","title":{"rendered":"Original Fujitsu LifeBook S936 Laptop LCD Bildschirm L\u00fcnette Frontabdeckung Surround Rahmen"},"content":{"rendered":"<p>Verbessern und restaurieren Sie Ihr Fujitsu LifeBook S936 mit dem original Fujitsu LifeBook S936 LCD-Bildschirmrahmen. Dieser speziell f\u00fcr das S936-Modell entwickelte Rahmen bietet perfekte Passform und ein \u00e4sthetisch ansprechendes Finish.<\/p>\n<p>Dieser Rahmen aus hochwertigen Materialien ist langlebig und bietet Haltbarkeit und Stabilit\u00e4t zum Schutz Ihres Laptop-Bildschirms. Egal, ob Ihr Originalrahmen besch\u00e4digt ist oder Sie das Erscheinungsbild Ihres Laptops auffrischen m\u00f6chten \u2013 dieses Originalteil von Fujitsu garantiert nahtlose Integration und Zuverl\u00e4ssigkeit.<\/p>\n<p>Die pr\u00e4zise Verarbeitung dieses Rahmens erm\u00f6glicht eine einfache Installation und ist somit eine unkomplizierte Ersatzl\u00f6sung f\u00fcr Ihre Laptop-Reparatur. Dank des schlanken Designs und der pr\u00e4zisen Spezifikationen behalten Sie den professionellen und eleganten Look Ihres Fujitsu LifeBook S936.<\/p>\n<p>Die Fotos in der Auflistung sind echte Fotos der gelieferten Teile und gew\u00e4hrleisten Transparenz und Authentizit\u00e4t. Bitte beachten Sie, dass diesem Produkt keine Austauschanleitung beiliegt. Unser Team steht Ihnen bei Fragen und f\u00fcr weitere Hilfe gerne zur Verf\u00fcgung.<\/p>\n<p>Investieren Sie in die Qualit\u00e4t und Leistung von Fujitsu-Originalteilen mit dem Original Fujitsu LifeBook S936 Laptop-LCD-Bildschirmrahmen. Bestellen Sie noch heute und verpassen Sie Ihrem Laptop das Upgrade, das er verdient.<\/p>\n","protected":false},"excerpt":{"rendered":"<p>Verleihen Sie Ihrem Fujitsu LifeBook S936 mit dieser originalen LCD-Bildschirmblende neuen Glanz. Dieser hochwertige Rahmen sorgt f\u00fcr perfekte Passform und Verarbeitung und gew\u00e4hrleistet Langlebigkeit und eine nahtlose Integration in Ihr Notebook.<\/p>\n","protected":false},"featured_media":14343,"template":"","meta":[],"product_brand":[],"product_cat":[52],"product_tag":[64],"class_list":{"0":"post-14291","1":"product","2":"type-product","3":"status-publish","4":"has-post-thumbnail","6":"product_cat-laptop-housing","7":"product_tag-fujitsu","9":"first","10":"instock","11":"taxable","12":"shipping-taxable","13":"purchasable","14":"product-type-simple"},"_links":{"self":[{"href":"https:\/\/boreait.com\/de\/wp-json\/wp\/v2\/product\/14291","targetHints":{"allow":["GET"]}}],"collection":[{"href":"https:\/\/boreait.com\/de\/wp-json\/wp\/v2\/product"}],"about":[{"href":"https:\/\/boreait.com\/de\/wp-json\/wp\/v2\/types\/product"}],"wp:featuredmedia":[{"embeddable":true,"href":"https:\/\/boreait.com\/de\/wp-json\/wp\/v2\/media\/14343"}],"wp:attachment":[{"href":"https:\/\/boreait.com\/de\/wp-json\/wp\/v2\/media?parent=14291"}],"wp:term":[{"taxonomy":"product_brand","embeddable":true,"href":"https:\/\/boreait.com\/de\/wp-json\/wp\/v2\/product_brand?post=14291"},{"taxonomy":"product_cat","embeddable":true,"href":"https:\/\/boreait.com\/de\/wp-json\/wp\/v2\/product_cat?post=14291"},{"taxonomy":"product_tag","embeddable":true,"href":"https:\/\/boreait.com\/de\/wp-json\/wp\/v2\/product_tag?post=14291"}],"curies":[{"name":"wp","href":"https:\/\/api.w.org\/{rel}","templated":true}]}}