{"id":14263,"date":"2025-09-15T16:56:40","date_gmt":"2025-09-15T14:56:40","guid":{"rendered":"https:\/\/boreait.com\/de\/?post_type=product&#038;p=14263"},"modified":"2026-01-28T09:09:45","modified_gmt":"2026-01-28T08:09:45","slug":"h5321-lenovo-thinkpad-x220-t430-wwan-3g-umts-hsdp-laptop-teile","status":"publish","type":"product","link":"https:\/\/boreait.com\/de\/produkt\/h5321-lenovo-thinkpad-x220-t430-wwan-3g-umts-hsdp-laptop-teile\/","title":{"rendered":"H5321 Lenovo ThinkPad X220 T430 WWAN 3G UMTS HSDP Laptop-Teile"},"content":{"rendered":"<p>R\u00fcsten Sie Ihr Lenovo ThinkPad X220 oder T430 mit dem H5321 WWAN 3G UMTS HSDP-Modul auf und genie\u00dfen Sie Highspeed-Internet, egal wo Sie sind. Dank nahtloser Integration und zuverl\u00e4ssiger Leistung bleiben Sie mit diesem Modul auch unterwegs mit schnellem 3G-Internetzugang verbunden.<\/p>\n<p>Ob Sie gesch\u00e4ftlich unterwegs sind oder einfach nur Internetzugang ben\u00f6tigen, wenn Sie keinen WLAN-Hotspot haben \u2013 dieses WWAN-Modul bietet Ihnen eine praktische L\u00f6sung f\u00fcr den Internetzugang von praktisch \u00fcberall. Dank der Plug-and-Play-Installation ist die Aufr\u00fcstung Ihres Laptops auf 3G-Konnektivit\u00e4t schnell und einfach, sodass Sie im Handumdrehen die Vorteile des mobilen Internetzugangs nutzen k\u00f6nnen.<\/p>\n<p>Erleben Sie die Freiheit und den Komfort, auch unterwegs verbunden zu bleiben \u2013 mit dem H5321 WWAN 3G UMTS HSDP-Modul f\u00fcr Lenovo ThinkPad X220 und T430. Bestellen Sie noch heute und genie\u00dfen Sie zuverl\u00e4ssigen Internetzugang, egal wo Ihre Abenteuer Sie hinf\u00fchren.<\/p>\n","protected":false},"excerpt":{"rendered":"<p>Erweitern Sie Ihr Lenovo ThinkPad X220 oder T430 mit dem H5321 3G UMTS HSDP-Modul um Highspeed-WWAN-Konnektivit\u00e4t. R\u00fcsten Sie Ihr Notebook auf, um auch unterwegs mit zuverl\u00e4ssigem 3G-Internetzugang verbunden zu bleiben, egal wo Sie sind.<\/p>\n","protected":false},"featured_media":14319,"template":"","meta":[],"product_brand":[],"product_cat":[63],"product_tag":[62],"class_list":{"0":"post-14263","1":"product","2":"type-product","3":"status-publish","4":"has-post-thumbnail","6":"product_cat-motherboards-board-parts","7":"product_tag-lenovo","9":"first","10":"instock","11":"taxable","12":"shipping-taxable","13":"purchasable","14":"product-type-simple"},"_links":{"self":[{"href":"https:\/\/boreait.com\/de\/wp-json\/wp\/v2\/product\/14263","targetHints":{"allow":["GET"]}}],"collection":[{"href":"https:\/\/boreait.com\/de\/wp-json\/wp\/v2\/product"}],"about":[{"href":"https:\/\/boreait.com\/de\/wp-json\/wp\/v2\/types\/product"}],"wp:featuredmedia":[{"embeddable":true,"href":"https:\/\/boreait.com\/de\/wp-json\/wp\/v2\/media\/14319"}],"wp:attachment":[{"href":"https:\/\/boreait.com\/de\/wp-json\/wp\/v2\/media?parent=14263"}],"wp:term":[{"taxonomy":"product_brand","embeddable":true,"href":"https:\/\/boreait.com\/de\/wp-json\/wp\/v2\/product_brand?post=14263"},{"taxonomy":"product_cat","embeddable":true,"href":"https:\/\/boreait.com\/de\/wp-json\/wp\/v2\/product_cat?post=14263"},{"taxonomy":"product_tag","embeddable":true,"href":"https:\/\/boreait.com\/de\/wp-json\/wp\/v2\/product_tag?post=14263"}],"curies":[{"name":"wp","href":"https:\/\/api.w.org\/{rel}","templated":true}]}}