{"id":14244,"date":"2025-09-15T16:56:14","date_gmt":"2025-09-15T14:56:14","guid":{"rendered":"https:\/\/boreait.com\/de\/?post_type=product&#038;p=14244"},"modified":"2025-09-16T12:56:45","modified_gmt":"2025-09-16T10:56:45","slug":"original-lenovo-thinkpad-fru-fingerabdruckleser-48-4qe17-011-48-4qe18-011","status":"publish","type":"product","link":"https:\/\/boreait.com\/de\/produkt\/original-lenovo-thinkpad-fru-fingerabdruckleser-48-4qe17-011-48-4qe18-011\/","title":{"rendered":"Original Lenovo ThinkPad FRU Fingerabdruckleser 48.4QE17.011 48.4QE18.011"},"content":{"rendered":"<p>Verbessern Sie die Sicherheit Ihres Lenovo ThinkPad mit dem originalen FRU-Fingerabdruckleser, kompatibel mit den Teilenummern 48.4QE17.011 und 48.4QE18.011. Dieses Original-Ersatzteil ist auf Langlebigkeit und Zuverl\u00e4ssigkeit ausgelegt und gew\u00e4hrleistet eine nahtlose Integration und verbesserten Schutz f\u00fcr Ihr Ger\u00e4t.<\/p>\n<p>Hauptmerkmale:<\/p>\n<p>\u2013 Original Lenovo Ersatzteil: Gew\u00e4hrleisten Sie Kompatibilit\u00e4t und Zuverl\u00e4ssigkeit mit dem originalen FRU-Fingerabdruckleser.<\/p>\n<p>\u2013 Einfache Installation: Verbessern Sie die Sicherheit Ihres Ger\u00e4ts m\u00fchelos durch einfache Installation.<\/p>\n<p>\u2013 Verbesserte Sicherheit: Sch\u00fctzen Sie Ihre Daten und Ihr Ger\u00e4t mit fortschrittlicher Fingerabdruckerkennungstechnologie.<\/p>\n<p>\u2013 Robuste Konstruktion: F\u00fcr den t\u00e4glichen Gebrauch konzipiert, gew\u00e4hrleistet Langlebigkeit und Zuverl\u00e4ssigkeit.<\/p>\n<p>R\u00fcsten Sie Ihr Lenovo ThinkPad noch heute mit dem originalen FRU-Fingerabdruckleser auf. Kaufen Sie mit der Gewissheit, in ein hochwertiges Ersatzteil f\u00fcr Ihr Ger\u00e4t zu investieren. Bei Fragen oder f\u00fcr Hilfe kontaktieren Sie uns gerne. Wir helfen Ihnen, die Sicherheit Ihres Ger\u00e4ts zu erh\u00f6hen.<\/p>\n","protected":false},"excerpt":{"rendered":"<p>R\u00fcsten Sie Ihr Lenovo ThinkPad mit diesem originalen FRU-Fingerabdruckleser auf. Einfach zu installieren und kompatibel mit den Teilenummern 48.4QE17.011 und 48.4QE18.011. Verbessern Sie noch heute die Sicherheit Ihres Ger\u00e4ts!<\/p>\n","protected":false},"featured_media":14304,"template":"","meta":[],"product_brand":[],"product_cat":[63],"product_tag":[62],"class_list":{"0":"post-14244","1":"product","2":"type-product","3":"status-publish","4":"has-post-thumbnail","6":"product_cat-motherboards-board-parts","7":"product_tag-lenovo","9":"first","10":"instock","11":"taxable","12":"shipping-taxable","13":"purchasable","14":"product-type-simple"},"_links":{"self":[{"href":"https:\/\/boreait.com\/de\/wp-json\/wp\/v2\/product\/14244","targetHints":{"allow":["GET"]}}],"collection":[{"href":"https:\/\/boreait.com\/de\/wp-json\/wp\/v2\/product"}],"about":[{"href":"https:\/\/boreait.com\/de\/wp-json\/wp\/v2\/types\/product"}],"wp:featuredmedia":[{"embeddable":true,"href":"https:\/\/boreait.com\/de\/wp-json\/wp\/v2\/media\/14304"}],"wp:attachment":[{"href":"https:\/\/boreait.com\/de\/wp-json\/wp\/v2\/media?parent=14244"}],"wp:term":[{"taxonomy":"product_brand","embeddable":true,"href":"https:\/\/boreait.com\/de\/wp-json\/wp\/v2\/product_brand?post=14244"},{"taxonomy":"product_cat","embeddable":true,"href":"https:\/\/boreait.com\/de\/wp-json\/wp\/v2\/product_cat?post=14244"},{"taxonomy":"product_tag","embeddable":true,"href":"https:\/\/boreait.com\/de\/wp-json\/wp\/v2\/product_tag?post=14244"}],"curies":[{"name":"wp","href":"https:\/\/api.w.org\/{rel}","templated":true}]}}