{"id":14229,"date":"2025-09-15T16:55:47","date_gmt":"2025-09-15T14:55:47","guid":{"rendered":"https:\/\/boreait.com\/de\/?post_type=product&#038;p=14229"},"modified":"2026-01-27T20:12:30","modified_gmt":"2026-01-27T19:12:30","slug":"hp-chromebook-11-11a-g8-ee-t77h644-88-qcnfa344a-original-hp-wireless-bluetooth-karte","status":"publish","type":"product","link":"https:\/\/boreait.com\/de\/produkt\/hp-chromebook-11-11a-g8-ee-t77h644-88-qcnfa344a-original-hp-wireless-bluetooth-karte\/","title":{"rendered":"HP Chromebook 11 11a G8 EE T77H644.88 QCNFA344A ORIGINAL HP WIRELESS BLUETOOTH-KARTE"},"content":{"rendered":"<p>Verbessern Sie die Konnektivit\u00e4t Ihres HP Chromebook 11 11a G8 EE mit der originalen HP Wireless Bluetooth-Karte, Modell T77H644.88 QCNFA344A. Dieses Original-Ersatzteil ist auf Zuverl\u00e4ssigkeit und Kompatibilit\u00e4t ausgelegt und gew\u00e4hrleistet nahtlose Bluetooth-Konnektivit\u00e4t und eine einfache Installation.<\/p>\n<p>Hauptmerkmale:<\/p>\n<p>\u2013 Original HP Ersatzteil: Sichern Sie sich Kompatibilit\u00e4t und Zuverl\u00e4ssigkeit mit einem Original-Ersatzteil.<\/p>\n<p>\u2013 Nahtlose Konnektivit\u00e4t: Genie\u00dfen Sie unterbrechungsfreie Bluetooth-Konnektivit\u00e4t f\u00fcr Ihr HP Chromebook 11 11a G8 EE.<\/p>\n<p>\u2013 Einfache Installation: R\u00fcsten Sie Ihr Ger\u00e4t m\u00fchelos auf.<\/p>\n<p>\u2013 Erweiterte Funktionalit\u00e4t: Erweitern Sie die Funktionen Ihres Chromebooks mit zuverl\u00e4ssiger Bluetooth-Konnektivit\u00e4t.<\/p>\n<p>R\u00fcsten Sie Ihr HP Chromebook 11 11a G8 EE noch heute mit der originalen HP Wireless Bluetooth-Karte auf. Kaufen Sie mit Vertrauen in ein hochwertiges Ersatzteil f\u00fcr Ihr Ger\u00e4t. Bei Fragen oder f\u00fcr Hilfe kontaktieren Sie uns gerne. Wir sind hier, um Ihnen dabei zu helfen, die Funktionalit\u00e4t Ihres Chromebooks zu verbessern.<\/p>\n","protected":false},"excerpt":{"rendered":"<p>R\u00fcsten Sie Ihr HP Chromebook 11 11a G8 EE mit dieser originalen HP Wireless Bluetooth-Karte auf. Sorgen Sie f\u00fcr nahtlose Konnektivit\u00e4t und Kompatibilit\u00e4t. Erweitern Sie noch heute die Funktionalit\u00e4t Ihres Ger\u00e4ts!<\/p>\n","protected":false},"featured_media":14285,"template":"","meta":[],"product_brand":[],"product_cat":[63],"product_tag":[61],"class_list":{"0":"post-14229","1":"product","2":"type-product","3":"status-publish","4":"has-post-thumbnail","6":"product_cat-motherboards-board-parts","7":"product_tag-hp","9":"first","10":"instock","11":"taxable","12":"shipping-taxable","13":"purchasable","14":"product-type-simple"},"_links":{"self":[{"href":"https:\/\/boreait.com\/de\/wp-json\/wp\/v2\/product\/14229","targetHints":{"allow":["GET"]}}],"collection":[{"href":"https:\/\/boreait.com\/de\/wp-json\/wp\/v2\/product"}],"about":[{"href":"https:\/\/boreait.com\/de\/wp-json\/wp\/v2\/types\/product"}],"wp:featuredmedia":[{"embeddable":true,"href":"https:\/\/boreait.com\/de\/wp-json\/wp\/v2\/media\/14285"}],"wp:attachment":[{"href":"https:\/\/boreait.com\/de\/wp-json\/wp\/v2\/media?parent=14229"}],"wp:term":[{"taxonomy":"product_brand","embeddable":true,"href":"https:\/\/boreait.com\/de\/wp-json\/wp\/v2\/product_brand?post=14229"},{"taxonomy":"product_cat","embeddable":true,"href":"https:\/\/boreait.com\/de\/wp-json\/wp\/v2\/product_cat?post=14229"},{"taxonomy":"product_tag","embeddable":true,"href":"https:\/\/boreait.com\/de\/wp-json\/wp\/v2\/product_tag?post=14229"}],"curies":[{"name":"wp","href":"https:\/\/api.w.org\/{rel}","templated":true}]}}