{"id":14225,"date":"2025-09-15T16:55:46","date_gmt":"2025-09-15T14:55:46","guid":{"rendered":"https:\/\/boreait.com\/de\/?post_type=product&#038;p=14225"},"modified":"2026-01-27T20:11:44","modified_gmt":"2026-01-27T19:11:44","slug":"original-hp-11-g8-ee-l92813-001-l92817-001-kuehlkoerper-waermemodul","status":"publish","type":"product","link":"https:\/\/boreait.com\/de\/produkt\/original-hp-11-g8-ee-l92813-001-l92817-001-kuehlkoerper-waermemodul\/","title":{"rendered":"Original HP 11 G8 EE L92813-001 L92817-001 K\u00fchlk\u00f6rper-W\u00e4rmemodul"},"content":{"rendered":"<p>Verbessern Sie die K\u00fchleffizienz Ihres HP 11 G8 EE Laptops mit dem Original-K\u00fchlk\u00f6rpermodul, kompatibel mit den Teilenummern L92813-001 und L92817-001. Dieses Original-Ersatzteil wurde f\u00fcr optimales W\u00e4rmemanagement entwickelt und gew\u00e4hrleistet zuverl\u00e4ssige Leistung und einfache Installation.<\/p>\n<p>Hauptmerkmale:<\/p>\n<p>\u2013 Original HP Ersatzteil: Sichern Sie sich Kompatibilit\u00e4t und Zuverl\u00e4ssigkeit mit einem Original-Ersatzteil.<\/p>\n<p>\u2013 Effektives W\u00e4rmemanagement: Verbessern Sie das K\u00fchlsystem Ihres Ger\u00e4ts f\u00fcr eine verbesserte Leistung.<\/p>\n<p>\u2013 Kompatibilit\u00e4t: Kompatibel mit HP 11 G8 EE Laptops mit den Teilenummern L92813-001 und L92817-001.<\/p>\n<p>\u2013 Einfache Installation: Verbessern Sie das W\u00e4rmemanagement Ihres Ger\u00e4ts m\u00fchelos durch einfache Installation.<\/p>\n<p>R\u00fcsten Sie Ihr HP 11 G8 EE Laptop noch heute mit dem Original-K\u00fchlk\u00f6rpermodul auf. Kaufen Sie mit der Gewissheit, in ein hochwertiges Ersatzteil f\u00fcr Ihr Ger\u00e4t zu investieren. Wenn Sie Fragen haben oder Hilfe ben\u00f6tigen, z\u00f6gern Sie nicht, uns zu kontaktieren. Wir helfen Ihnen, die Leistung Ihres Ger\u00e4ts zu verbessern.<\/p>\n","protected":false},"excerpt":{"rendered":"<p>Verbessern Sie das K\u00fchlsystem Ihres HP 11 G8 EE mit diesem originalen K\u00fchlk\u00f6rper-Thermomodul. Kompatibel mit den Teilenummern L92813-001 und L92817-001. Verbessern Sie noch heute das W\u00e4rmemanagement Ihres Ger\u00e4ts!<\/p>\n","protected":false},"featured_media":14281,"template":"","meta":[],"product_brand":[],"product_cat":[69],"product_tag":[61],"class_list":{"0":"post-14225","1":"product","2":"type-product","3":"status-publish","4":"has-post-thumbnail","6":"product_cat-cpu-fans-heatsinks","7":"product_tag-hp","9":"first","10":"instock","11":"taxable","12":"shipping-taxable","13":"purchasable","14":"product-type-simple"},"_links":{"self":[{"href":"https:\/\/boreait.com\/de\/wp-json\/wp\/v2\/product\/14225","targetHints":{"allow":["GET"]}}],"collection":[{"href":"https:\/\/boreait.com\/de\/wp-json\/wp\/v2\/product"}],"about":[{"href":"https:\/\/boreait.com\/de\/wp-json\/wp\/v2\/types\/product"}],"wp:featuredmedia":[{"embeddable":true,"href":"https:\/\/boreait.com\/de\/wp-json\/wp\/v2\/media\/14281"}],"wp:attachment":[{"href":"https:\/\/boreait.com\/de\/wp-json\/wp\/v2\/media?parent=14225"}],"wp:term":[{"taxonomy":"product_brand","embeddable":true,"href":"https:\/\/boreait.com\/de\/wp-json\/wp\/v2\/product_brand?post=14225"},{"taxonomy":"product_cat","embeddable":true,"href":"https:\/\/boreait.com\/de\/wp-json\/wp\/v2\/product_cat?post=14225"},{"taxonomy":"product_tag","embeddable":true,"href":"https:\/\/boreait.com\/de\/wp-json\/wp\/v2\/product_tag?post=14225"}],"curies":[{"name":"wp","href":"https:\/\/api.w.org\/{rel}","templated":true}]}}