{"id":14224,"date":"2025-09-15T16:55:45","date_gmt":"2025-09-15T14:55:45","guid":{"rendered":"https:\/\/boreait.com\/de\/?post_type=product&#038;p=14224"},"modified":"2025-09-16T12:56:44","modified_gmt":"2025-09-16T10:56:44","slug":"original-hp-11-g8-ee-amd-chromebook-motherboard-l92813-001","status":"publish","type":"product","link":"https:\/\/boreait.com\/de\/produkt\/original-hp-11-g8-ee-amd-chromebook-motherboard-l92813-001\/","title":{"rendered":"Original HP 11 G8 EE (AMD) Chromebook-Motherboard L92813-001"},"content":{"rendered":"<p><strong>GETESTET UND VOLLST\u00c4NDIG FUNKTIONIERT!<\/strong><\/p>\n<p>Steigern Sie die Leistung Ihres HP 11 G8 EE (AMD) Chromebooks mit dem Original-Motherboard, Teilenummer L92813-001. Dieses Original-Ersatzteil ist auf Langlebigkeit und Kompatibilit\u00e4t ausgelegt und gew\u00e4hrleistet zuverl\u00e4ssige Leistung und einfache Installation. AMD A4-9120C, 4 GB RAM, 32 GB.<\/p>\n<p>Hauptmerkmale:<\/p>\n<p>\u2013 Original HP Ersatzteil: Sichern Sie sich Kompatibilit\u00e4t und Zuverl\u00e4ssigkeit mit einem Original-Ersatzteil.<\/p>\n<p>\u2013 Einfache Installation: Steigern Sie die Leistung Ihres Chromebooks m\u00fchelos durch einfache Installation.<\/p>\n<p>\u2013 Verbesserte Leistung: Erleben Sie mehr Geschwindigkeit und Funktionalit\u00e4t mit einem neuen Motherboard.<\/p>\n<p>\u2013 Robuste Konstruktion: F\u00fcr den t\u00e4glichen Gebrauch konzipiert, gew\u00e4hrleistet Langlebigkeit und Zuverl\u00e4ssigkeit.<\/p>\n<p>R\u00fcsten Sie Ihr HP 11 G8 EE (AMD) Chromebook noch heute mit dem Original-Motherboard auf. Kaufen Sie mit der Gewissheit, in ein hochwertiges Ersatzteil f\u00fcr Ihr Ger\u00e4t zu investieren. Wenn Sie Fragen haben oder Hilfe ben\u00f6tigen, z\u00f6gern Sie nicht, uns zu kontaktieren. Wir helfen Ihnen, die Leistung Ihres Chromebooks zu verbessern.<\/p>\n","protected":false},"excerpt":{"rendered":"<p>R\u00fcsten Sie Ihr HP 11 G8 EE (AMD) Chromebook mit diesem Original-Motherboard auf. Einfach zu installieren und kompatibel mit Teilenummer L92813-001. Steigern Sie noch heute die Leistung Ihres Chromebooks!<\/p>\n","protected":false},"featured_media":14280,"template":"","meta":[],"product_brand":[],"product_cat":[63],"product_tag":[61],"class_list":{"0":"post-14224","1":"product","2":"type-product","3":"status-publish","4":"has-post-thumbnail","6":"product_cat-motherboards-board-parts","7":"product_tag-hp","9":"first","10":"instock","11":"taxable","12":"shipping-taxable","13":"purchasable","14":"product-type-simple"},"_links":{"self":[{"href":"https:\/\/boreait.com\/de\/wp-json\/wp\/v2\/product\/14224","targetHints":{"allow":["GET"]}}],"collection":[{"href":"https:\/\/boreait.com\/de\/wp-json\/wp\/v2\/product"}],"about":[{"href":"https:\/\/boreait.com\/de\/wp-json\/wp\/v2\/types\/product"}],"wp:featuredmedia":[{"embeddable":true,"href":"https:\/\/boreait.com\/de\/wp-json\/wp\/v2\/media\/14280"}],"wp:attachment":[{"href":"https:\/\/boreait.com\/de\/wp-json\/wp\/v2\/media?parent=14224"}],"wp:term":[{"taxonomy":"product_brand","embeddable":true,"href":"https:\/\/boreait.com\/de\/wp-json\/wp\/v2\/product_brand?post=14224"},{"taxonomy":"product_cat","embeddable":true,"href":"https:\/\/boreait.com\/de\/wp-json\/wp\/v2\/product_cat?post=14224"},{"taxonomy":"product_tag","embeddable":true,"href":"https:\/\/boreait.com\/de\/wp-json\/wp\/v2\/product_tag?post=14224"}],"curies":[{"name":"wp","href":"https:\/\/api.w.org\/{rel}","templated":true}]}}