{"id":14197,"date":"2025-09-15T16:54:58","date_gmt":"2025-09-15T14:54:58","guid":{"rendered":"https:\/\/boreait.com\/de\/?post_type=product&#038;p=14197"},"modified":"2025-09-16T12:56:40","modified_gmt":"2025-09-16T10:56:40","slug":"original-asus-eee-1225b-1225c-usb-audiobuchsenplatine-mit-kabel-60-0a3lau1000-c01","status":"publish","type":"product","link":"https:\/\/boreait.com\/de\/produkt\/original-asus-eee-1225b-1225c-usb-audiobuchsenplatine-mit-kabel-60-0a3lau1000-c01\/","title":{"rendered":"Original ASUS Eee 1225B 1225C USB-Audiobuchsenplatine mit Kabel 60-0a3lau1000-c01"},"content":{"rendered":"<p>Ersetzen oder aktualisieren Sie Ihren ASUS Eee 1225B oder 1225C mit der originalen USB-Audiobuchsenplatine mit Kabel, Teilenummer 60-0a3lau1000-c01. Dieses Original-Ersatzteil gew\u00e4hrleistet zuverl\u00e4ssige Konnektivit\u00e4t und optimale Audioleistung \u2013 perfekt, um die volle Funktionalit\u00e4t Ihres Laptops wiederherzustellen.<\/p>\n<p>Hauptmerkmale:<\/p>\n<p>\u2013 Original ASUS-Ersatzteil: Sichern Sie sich Kompatibilit\u00e4t und Zuverl\u00e4ssigkeit mit einem Original-Ersatzteil.<\/p>\n<p>\u2013 Einfache Installation: Aktualisieren Sie Ihr Ger\u00e4t m\u00fchelos mit der einfachen Installation.<\/p>\n<p>\u2013 Zuverl\u00e4ssige Konnektivit\u00e4t: Erhalten Sie die USB- und Audiofunktionalit\u00e4t Ihres Laptops mit dieser hochwertigen Platine.<\/p>\n<p>\u2013 Kompatibilit\u00e4t: Speziell f\u00fcr die Modelle ASUS Eee 1225B und 1225C entwickelt.<\/p>\n<p>Aktualisieren Sie Ihren ASUS Eee 1225B oder 1225C noch heute mit der originalen USB-Audiobuchsenplatine mit Kabel. Kaufen Sie mit Vertrauen in die Gewissheit, in ein hochwertiges Ersatzteil f\u00fcr Ihr Ger\u00e4t zu investieren. Wenn Sie Fragen haben oder Hilfe ben\u00f6tigen, z\u00f6gern Sie nicht, uns zu kontaktieren. Wir helfen Ihnen, die Leistung Ihres Laptops zu verbessern.<\/p>\n","protected":false},"excerpt":{"rendered":"<p>Ersetzen oder aktualisieren Sie Ihren ASUS Eee 1225B oder 1225C mit dieser originalen USB-Audio-Buchsenplatine mit Kabel. Kompatibel mit Teilenummer 60-0a3lau1000-c01. Sichern Sie sich noch heute zuverl\u00e4ssige Konnektivit\u00e4t und Audioleistung!<\/p>\n","protected":false},"featured_media":14251,"template":"","meta":[],"product_brand":[],"product_cat":[63],"product_tag":[66],"class_list":{"0":"post-14197","1":"product","2":"type-product","3":"status-publish","4":"has-post-thumbnail","6":"product_cat-motherboards-board-parts","7":"product_tag-asus","9":"first","10":"instock","11":"taxable","12":"shipping-taxable","13":"purchasable","14":"product-type-simple"},"_links":{"self":[{"href":"https:\/\/boreait.com\/de\/wp-json\/wp\/v2\/product\/14197","targetHints":{"allow":["GET"]}}],"collection":[{"href":"https:\/\/boreait.com\/de\/wp-json\/wp\/v2\/product"}],"about":[{"href":"https:\/\/boreait.com\/de\/wp-json\/wp\/v2\/types\/product"}],"wp:featuredmedia":[{"embeddable":true,"href":"https:\/\/boreait.com\/de\/wp-json\/wp\/v2\/media\/14251"}],"wp:attachment":[{"href":"https:\/\/boreait.com\/de\/wp-json\/wp\/v2\/media?parent=14197"}],"wp:term":[{"taxonomy":"product_brand","embeddable":true,"href":"https:\/\/boreait.com\/de\/wp-json\/wp\/v2\/product_brand?post=14197"},{"taxonomy":"product_cat","embeddable":true,"href":"https:\/\/boreait.com\/de\/wp-json\/wp\/v2\/product_cat?post=14197"},{"taxonomy":"product_tag","embeddable":true,"href":"https:\/\/boreait.com\/de\/wp-json\/wp\/v2\/product_tag?post=14197"}],"curies":[{"name":"wp","href":"https:\/\/api.w.org\/{rel}","templated":true}]}}