{"id":14194,"date":"2025-09-15T16:54:57","date_gmt":"2025-09-15T14:54:57","guid":{"rendered":"https:\/\/boreait.com\/de\/?post_type=product&#038;p=14194"},"modified":"2026-01-27T16:50:00","modified_gmt":"2026-01-27T15:50:00","slug":"13goa3m10p010-10-asus-kunststoff-scharnierabdeckungssatz-1225b-serie-klasse-a","status":"publish","type":"product","link":"https:\/\/boreait.com\/de\/produkt\/13goa3m10p010-10-asus-kunststoff-scharnierabdeckungssatz-1225b-serie-klasse-a\/","title":{"rendered":"13Goa3M10P010-10 ASUS Kunststoff-Scharnierabdeckungssatz 1225B-Serie, Klasse A"},"content":{"rendered":"<p>Verbessern Sie das Erscheinungsbild Ihres ASUS 1225B-Laptops mit dem Original-Kunststoff-Scharnierabdeckungs-Kit (Teilenummer 13Goa3M10P010-10). Dieses Original-Ersatzteil ist auf Langlebigkeit und Kompatibilit\u00e4t ausgelegt und gew\u00e4hrleistet zuverl\u00e4ssige Leistung und einfache Installation.<\/p>\n<p>Hauptmerkmale:<\/p>\n<p>\u2013 Original ASUS-Ersatzteil: Sichern Sie sich Kompatibilit\u00e4t und Zuverl\u00e4ssigkeit mit einem Original-Ersatzteil.<\/p>\n<p>\u2013 Einfache Installation: Werten Sie das Erscheinungsbild Ihres Ger\u00e4ts m\u00fchelos auf.<\/p>\n<p>\u2013 Erstklassiger Zustand: Sie k\u00f6nnen sicher sein, in ein hochwertiges, neuwertiges Produkt zu investieren.<\/p>\n<p>\u2013 Verbessertes Erscheinungsbild: Verwandeln Sie das Erscheinungsbild Ihres ASUS 1225B-Laptops mit diesem eleganten Scharnierabdeckungs-Kit.<\/p>\n<p>Upgraden Sie Ihren ASUS 1225B-Laptop noch heute mit dem Original-Kunststoff-Scharnierabdeckungs-Kit. Kaufen Sie mit Vertrauen in ein hochwertiges Ersatzteil f\u00fcr Ihr Ger\u00e4t. Bei Fragen oder f\u00fcr Hilfe kontaktieren Sie uns gerne. Wir sind hier, um Ihnen dabei zu helfen, das Aussehen und die Funktionalit\u00e4t Ihres Ger\u00e4ts zu verbessern.<\/p>\n","protected":false},"excerpt":{"rendered":"<p>R\u00fcsten Sie Ihr ASUS 1225B-Laptop mit diesem originalen Kunststoff-Scharnierabdeckungs-Kit auf. Einfach zu installieren und in erstklassigem Zustand. Versch\u00f6nern Sie Ihr Ger\u00e4t noch heute!<\/p>\n","protected":false},"featured_media":14248,"template":"","meta":[],"product_brand":[],"product_cat":[52],"product_tag":[66],"class_list":{"0":"post-14194","1":"product","2":"type-product","3":"status-publish","4":"has-post-thumbnail","6":"product_cat-laptop-housing","7":"product_tag-asus","9":"first","10":"instock","11":"taxable","12":"shipping-taxable","13":"purchasable","14":"product-type-simple"},"_links":{"self":[{"href":"https:\/\/boreait.com\/de\/wp-json\/wp\/v2\/product\/14194","targetHints":{"allow":["GET"]}}],"collection":[{"href":"https:\/\/boreait.com\/de\/wp-json\/wp\/v2\/product"}],"about":[{"href":"https:\/\/boreait.com\/de\/wp-json\/wp\/v2\/types\/product"}],"wp:featuredmedia":[{"embeddable":true,"href":"https:\/\/boreait.com\/de\/wp-json\/wp\/v2\/media\/14248"}],"wp:attachment":[{"href":"https:\/\/boreait.com\/de\/wp-json\/wp\/v2\/media?parent=14194"}],"wp:term":[{"taxonomy":"product_brand","embeddable":true,"href":"https:\/\/boreait.com\/de\/wp-json\/wp\/v2\/product_brand?post=14194"},{"taxonomy":"product_cat","embeddable":true,"href":"https:\/\/boreait.com\/de\/wp-json\/wp\/v2\/product_cat?post=14194"},{"taxonomy":"product_tag","embeddable":true,"href":"https:\/\/boreait.com\/de\/wp-json\/wp\/v2\/product_tag?post=14194"}],"curies":[{"name":"wp","href":"https:\/\/api.w.org\/{rel}","templated":true}]}}