{"id":14177,"date":"2025-09-15T16:54:34","date_gmt":"2025-09-15T14:54:34","guid":{"rendered":"https:\/\/boreait.com\/de\/?post_type=product&#038;p=14177"},"modified":"2025-09-16T12:56:39","modified_gmt":"2025-09-16T10:56:39","slug":"original-asus-1225b-lcd-rueckabdeckung-13na-3ma0c11-13goa3m1ap071-10","status":"publish","type":"product","link":"https:\/\/boreait.com\/de\/produkt\/original-asus-1225b-lcd-rueckabdeckung-13na-3ma0c11-13goa3m1ap071-10\/","title":{"rendered":"Original Asus 1225B LCD-R\u00fcckabdeckung 13NA-3MA0C11 13GOA3M1AP071-10"},"content":{"rendered":"<p>Werten Sie das Erscheinungsbild Ihres Asus 1225B Laptops mit der Original-LCD-R\u00fcckabdeckung (Teilenummer 13NA-3MA0C11 und 13GOA3M1AP071-10) auf. Dieses Original-Ersatzteil ist auf Langlebigkeit und Kompatibilit\u00e4t ausgelegt und gew\u00e4hrleistet zuverl\u00e4ssige Leistung und einfache Installation.<\/p>\n<p>Hauptmerkmale:<\/p>\n<p>\u2013 Original Asus Ersatzteil: Sichern Sie sich Kompatibilit\u00e4t und Zuverl\u00e4ssigkeit mit einem Original-Ersatzteil.<\/p>\n<p>\u2013 Einfache Installation: Werten Sie das Erscheinungsbild Ihres Laptops m\u00fchelos auf.<\/p>\n<p>\u2013 Verbessertes Erscheinungsbild: Verwandeln Sie das Aussehen Ihres Asus 1225B mit dieser eleganten LCD-R\u00fcckabdeckung.<\/p>\n<p>\u2013 Robuste Konstruktion: F\u00fcr den t\u00e4glichen Gebrauch konzipiert, gew\u00e4hrleistet Langlebigkeit und Zuverl\u00e4ssigkeit.<\/p>\n<p>R\u00fcsten Sie Ihr Asus 1225B Laptop noch heute mit der Original-LCD-R\u00fcckabdeckung auf. Kaufen Sie mit Vertrauen in ein hochwertiges Ersatzteil f\u00fcr Ihr Ger\u00e4t. Bei Fragen oder f\u00fcr Hilfe kontaktieren Sie uns gerne. Wir sind hier, um Ihnen zu helfen, die \u00c4sthetik Ihres Laptops zu verbessern.<\/p>\n","protected":false},"excerpt":{"rendered":"<p>Versch\u00f6nern Sie Ihr Asus 1225B mit diesem originalen LCD-Backcover. Einfach zu installieren und kompatibel mit den Teilenummern 13NA-3MA0C11 und 13GOA3M1AP071-10. Werten Sie Ihr Notebook noch heute auf!<\/p>\n","protected":false},"featured_media":14234,"template":"","meta":[],"product_brand":[],"product_cat":[52],"product_tag":[66],"class_list":{"0":"post-14177","1":"product","2":"type-product","3":"status-publish","4":"has-post-thumbnail","6":"product_cat-laptop-housing","7":"product_tag-asus","9":"first","10":"instock","11":"taxable","12":"shipping-taxable","13":"purchasable","14":"product-type-simple"},"_links":{"self":[{"href":"https:\/\/boreait.com\/de\/wp-json\/wp\/v2\/product\/14177","targetHints":{"allow":["GET"]}}],"collection":[{"href":"https:\/\/boreait.com\/de\/wp-json\/wp\/v2\/product"}],"about":[{"href":"https:\/\/boreait.com\/de\/wp-json\/wp\/v2\/types\/product"}],"wp:featuredmedia":[{"embeddable":true,"href":"https:\/\/boreait.com\/de\/wp-json\/wp\/v2\/media\/14234"}],"wp:attachment":[{"href":"https:\/\/boreait.com\/de\/wp-json\/wp\/v2\/media?parent=14177"}],"wp:term":[{"taxonomy":"product_brand","embeddable":true,"href":"https:\/\/boreait.com\/de\/wp-json\/wp\/v2\/product_brand?post=14177"},{"taxonomy":"product_cat","embeddable":true,"href":"https:\/\/boreait.com\/de\/wp-json\/wp\/v2\/product_cat?post=14177"},{"taxonomy":"product_tag","embeddable":true,"href":"https:\/\/boreait.com\/de\/wp-json\/wp\/v2\/product_tag?post=14177"}],"curies":[{"name":"wp","href":"https:\/\/api.w.org\/{rel}","templated":true}]}}