{"id":14176,"date":"2025-09-15T16:54:34","date_gmt":"2025-09-15T14:54:34","guid":{"rendered":"https:\/\/boreait.com\/de\/?post_type=product&#038;p=14176"},"modified":"2025-09-16T12:56:39","modified_gmt":"2025-09-16T10:56:39","slug":"original-asus-1225b-lcd-blende-13na-3ma0601-13goa3m4ap060-10","status":"publish","type":"product","link":"https:\/\/boreait.com\/de\/produkt\/original-asus-1225b-lcd-blende-13na-3ma0601-13goa3m4ap060-10\/","title":{"rendered":"Original Asus 1225B LCD-Blende 13NA-3MA0601 13GOA3M4AP060-10"},"content":{"rendered":"<p>Verleihen Sie Ihrem Asus 1225B Laptop mit dem Original-LCD-Rahmen, kompatibel mit den Teilenummern 13NA-3MA0601 und 13GOA3M4AP060-10, ein neues Aussehen. Dieses originale Ersatzteil ist pr\u00e4zise und langlebig gefertigt und garantiert perfekte Passform und einfache Installation.<\/p>\n<p>Hauptmerkmale:<\/p>\n<p>\u2013 Original Asus Ersatzteil: Sichern Sie sich Kompatibilit\u00e4t und Zuverl\u00e4ssigkeit mit einem originalen Ersatzteil.<\/p>\n<p>\u2013 Einfache Installation: Verbessern Sie die \u00c4sthetik Ihres Laptops m\u00fchelos durch einfache Installation.<\/p>\n<p>\u2013 Verbessertes Erscheinungsbild: Verwandeln Sie das Aussehen Ihres Asus 1225B mit diesem eleganten LCD-Rahmen.<\/p>\n<p>\u2013 Robuste Konstruktion: F\u00fcr den t\u00e4glichen Gebrauch konzipiert, gew\u00e4hrleistet Langlebigkeit und Zuverl\u00e4ssigkeit.<\/p>\n<p>R\u00fcsten Sie Ihr Asus 1225B Laptop noch heute mit dem Original-LCD-Rahmen auf. Kaufen Sie mit Vertrauen in ein hochwertiges Ersatzteil f\u00fcr Ihr Ger\u00e4t. Bei Fragen oder f\u00fcr Hilfe kontaktieren Sie uns gerne. Wir sind hier, um Ihnen zu helfen, die \u00c4sthetik Ihres Laptops zu verbessern.<\/p>\n","protected":false},"excerpt":{"rendered":"<p>Versch\u00f6nern Sie Ihr Asus 1225B mit dieser originalen LCD-Blende. Einfach zu installieren und kompatibel mit den Teilenummern 13NA-3MA0601 und 13GOA3M4AP060-10. Werten Sie die \u00c4sthetik Ihres Laptops noch heute auf!<\/p>\n","protected":false},"featured_media":14232,"template":"","meta":[],"product_brand":[],"product_cat":[52],"product_tag":[66],"class_list":{"0":"post-14176","1":"product","2":"type-product","3":"status-publish","4":"has-post-thumbnail","6":"product_cat-laptop-housing","7":"product_tag-asus","9":"first","10":"instock","11":"taxable","12":"shipping-taxable","13":"purchasable","14":"product-type-simple"},"_links":{"self":[{"href":"https:\/\/boreait.com\/de\/wp-json\/wp\/v2\/product\/14176","targetHints":{"allow":["GET"]}}],"collection":[{"href":"https:\/\/boreait.com\/de\/wp-json\/wp\/v2\/product"}],"about":[{"href":"https:\/\/boreait.com\/de\/wp-json\/wp\/v2\/types\/product"}],"wp:featuredmedia":[{"embeddable":true,"href":"https:\/\/boreait.com\/de\/wp-json\/wp\/v2\/media\/14232"}],"wp:attachment":[{"href":"https:\/\/boreait.com\/de\/wp-json\/wp\/v2\/media?parent=14176"}],"wp:term":[{"taxonomy":"product_brand","embeddable":true,"href":"https:\/\/boreait.com\/de\/wp-json\/wp\/v2\/product_brand?post=14176"},{"taxonomy":"product_cat","embeddable":true,"href":"https:\/\/boreait.com\/de\/wp-json\/wp\/v2\/product_cat?post=14176"},{"taxonomy":"product_tag","embeddable":true,"href":"https:\/\/boreait.com\/de\/wp-json\/wp\/v2\/product_tag?post=14176"}],"curies":[{"name":"wp","href":"https:\/\/api.w.org\/{rel}","templated":true}]}}