{"id":14172,"date":"2025-09-15T16:54:32","date_gmt":"2025-09-15T14:54:32","guid":{"rendered":"https:\/\/boreait.com\/de\/?post_type=product&#038;p=14172"},"modified":"2026-01-27T16:48:42","modified_gmt":"2026-01-27T15:48:42","slug":"ac-dc-power-jack-port-kabel-fuer-ibm-lenovo-thinkpad-x61-x60-x60s-x61s-93p4367","status":"publish","type":"product","link":"https:\/\/boreait.com\/de\/produkt\/ac-dc-power-jack-port-kabel-fuer-ibm-lenovo-thinkpad-x61-x60-x60s-x61s-93p4367\/","title":{"rendered":"AC DC POWER JACK PORT KABEL F\u00dcR IBM Lenovo Thinkpad X61 X60 X60s X61s 93P4367"},"content":{"rendered":"<p>Stellen Sie die Stromversorgung Ihres IBM Lenovo Thinkpad X61 X60 X60s X61s Laptops mit dem Original AC-DC-Anschlusskabel (Modellnummer 93P4367) wieder her. Dieses Original-Ersatzteil ist auf Langlebigkeit und Kompatibilit\u00e4t ausgelegt und gew\u00e4hrleistet eine zuverl\u00e4ssige Stromversorgung sowie eine einfache Installation.<\/p>\n<p>Hauptmerkmale:<\/p>\n<p>\u2013 Originalersatz: Gew\u00e4hrleisten Sie Kompatibilit\u00e4t und Zuverl\u00e4ssigkeit mit einem Original-Ersatzteil.<\/p>\n<p>\u2013 Einfache Installation: Ersetzen Sie das Stromanschlusskabel Ihres Laptops m\u00fchelos durch eine einfache Installation.<\/p>\n<p>\u2013 Wiederherstellen der Stromversorgung: Beheben Sie Probleme mit der Stromversorgung und stellen Sie die Funktionalit\u00e4t Ihres Ger\u00e4ts wieder her.<\/p>\n<p>\u2013 Robuste Konstruktion: F\u00fcr den t\u00e4glichen Gebrauch konzipiert, gew\u00e4hrleistet Langlebigkeit und Zuverl\u00e4ssigkeit.<\/p>\n<p>R\u00fcsten Sie Ihr IBM Lenovo Thinkpad X61 X60 X60s X61s Laptop noch heute mit dem Original AC-DC-Anschlusskabel auf. Kaufen Sie mit Vertrauen in die Gewissheit, in ein hochwertiges Ersatzteil f\u00fcr Ihr Ger\u00e4t zu investieren. Bei Fragen oder f\u00fcr Hilfe kontaktieren Sie uns gerne. Wir sind hier, um Ihnen dabei zu helfen, die Funktionalit\u00e4t Ihres Ger\u00e4ts wiederherzustellen.<\/p>\n","protected":false},"excerpt":{"rendered":"<p>Ersetzen Sie das Stromanschlusskabel Ihres IBM Lenovo Thinkpad X61 X60 X60s X61s durch dieses Original-Ersatzteil mit der Modellnummer 93P4367. Stellen Sie die Stromversorgung Ihres Ger\u00e4ts ganz einfach wieder her!<\/p>\n","protected":false},"featured_media":14217,"template":"","meta":[],"product_brand":[],"product_cat":[56],"product_tag":[62],"class_list":{"0":"post-14172","1":"product","2":"type-product","3":"status-publish","4":"has-post-thumbnail","6":"product_cat-cables","7":"product_tag-lenovo","9":"first","10":"instock","11":"taxable","12":"shipping-taxable","13":"purchasable","14":"product-type-simple"},"_links":{"self":[{"href":"https:\/\/boreait.com\/de\/wp-json\/wp\/v2\/product\/14172","targetHints":{"allow":["GET"]}}],"collection":[{"href":"https:\/\/boreait.com\/de\/wp-json\/wp\/v2\/product"}],"about":[{"href":"https:\/\/boreait.com\/de\/wp-json\/wp\/v2\/types\/product"}],"wp:featuredmedia":[{"embeddable":true,"href":"https:\/\/boreait.com\/de\/wp-json\/wp\/v2\/media\/14217"}],"wp:attachment":[{"href":"https:\/\/boreait.com\/de\/wp-json\/wp\/v2\/media?parent=14172"}],"wp:term":[{"taxonomy":"product_brand","embeddable":true,"href":"https:\/\/boreait.com\/de\/wp-json\/wp\/v2\/product_brand?post=14172"},{"taxonomy":"product_cat","embeddable":true,"href":"https:\/\/boreait.com\/de\/wp-json\/wp\/v2\/product_cat?post=14172"},{"taxonomy":"product_tag","embeddable":true,"href":"https:\/\/boreait.com\/de\/wp-json\/wp\/v2\/product_tag?post=14172"}],"curies":[{"name":"wp","href":"https:\/\/api.w.org\/{rel}","templated":true}]}}