{"id":14158,"date":"2025-09-15T16:54:10","date_gmt":"2025-09-15T14:54:10","guid":{"rendered":"https:\/\/boreait.com\/de\/?post_type=product&#038;p=14158"},"modified":"2026-01-27T16:48:13","modified_gmt":"2026-01-27T15:48:13","slug":"kingston-9905295-077-a00lf-ktl-tp667-2g-ddr2-pc2-5300-667mhz-ram","status":"publish","type":"product","link":"https:\/\/boreait.com\/de\/produkt\/kingston-9905295-077-a00lf-ktl-tp667-2g-ddr2-pc2-5300-667mhz-ram\/","title":{"rendered":"Kingston 9905295-077.A00LF KTL-TP667\/2G DDR2 PC2-5300 (667MHz) RAM"},"content":{"rendered":"<p>Steigern Sie die Leistung Ihres Ger\u00e4ts mit dem originalen Kingston 9905295-077.A00LF KTL-TP667\/2G DDR2 PC2-5300 (667 MHz) RAM. Dieses Speichermodul ist f\u00fcr nahtlose Kompatibilit\u00e4t und optimale Geschwindigkeit konzipiert und somit eine zuverl\u00e4ssige Wahl f\u00fcr die Aufr\u00fcstung Ihres Ger\u00e4ts.<\/p>\n<p>Hauptmerkmale:<\/p>\n<p>\u2013 Original Kingston Ersatz: Sichern Sie sich Kompatibilit\u00e4t und Zuverl\u00e4ssigkeit mit einem originalen Ersatzteil.<\/p>\n<p>\u2013 Einfache Installation: R\u00fcsten Sie den Speicher Ihres Ger\u00e4ts m\u00fchelos auf.<\/p>\n<p>\u2013 Verbesserte Leistung: Erleben Sie h\u00f6here Geschwindigkeiten und verbesserte Reaktionsf\u00e4higkeit mit diesem DDR2 RAM.<\/p>\n<p>\u2013 Kompatibilit\u00e4t: Entwickelt f\u00fcr die nahtlose Zusammenarbeit mit einer Vielzahl von Ger\u00e4temodellen f\u00fcr zus\u00e4tzlichen Komfort.<\/p>\n<p>\u2013 Robuste Konstruktion: H\u00e4lt intensiver Beanspruchung stand und gew\u00e4hrleistet Langlebigkeit und Zuverl\u00e4ssigkeit.<\/p>\n<p>R\u00fcsten Sie den Speicher Ihres Ger\u00e4ts noch heute mit dem originalen Kingston DDR2 PC2-5300 (667 MHz) RAM auf. Kaufen Sie mit Vertrauen in ein hochwertiges Ersatzteil f\u00fcr Ihr Ger\u00e4t. Bei Fragen oder Unterst\u00fctzung kontaktieren Sie uns gerne. Wir helfen Ihnen, die Leistung Ihres Ger\u00e4ts zu verbessern.<\/p>\n","protected":false},"excerpt":{"rendered":"<p>Steigern Sie die Leistung Ihres Ger\u00e4ts mit diesem originalen Kingston DDR2 PC2-5300 (667 MHz) RAM. Einfach zu installieren und kompatibel mit verschiedenen Modellen. Steigern Sie noch heute die Geschwindigkeit und Reaktionsf\u00e4higkeit Ihres Ger\u00e4ts!<\/p>\n","protected":false},"featured_media":14214,"template":"","meta":[],"product_brand":[],"product_cat":[77,72],"product_tag":[],"class_list":{"0":"post-14158","1":"product","2":"type-product","3":"status-publish","4":"has-post-thumbnail","6":"product_cat-ddr2","7":"product_cat-ram-memory","9":"first","10":"instock","11":"taxable","12":"shipping-taxable","13":"purchasable","14":"product-type-simple"},"_links":{"self":[{"href":"https:\/\/boreait.com\/de\/wp-json\/wp\/v2\/product\/14158","targetHints":{"allow":["GET"]}}],"collection":[{"href":"https:\/\/boreait.com\/de\/wp-json\/wp\/v2\/product"}],"about":[{"href":"https:\/\/boreait.com\/de\/wp-json\/wp\/v2\/types\/product"}],"wp:featuredmedia":[{"embeddable":true,"href":"https:\/\/boreait.com\/de\/wp-json\/wp\/v2\/media\/14214"}],"wp:attachment":[{"href":"https:\/\/boreait.com\/de\/wp-json\/wp\/v2\/media?parent=14158"}],"wp:term":[{"taxonomy":"product_brand","embeddable":true,"href":"https:\/\/boreait.com\/de\/wp-json\/wp\/v2\/product_brand?post=14158"},{"taxonomy":"product_cat","embeddable":true,"href":"https:\/\/boreait.com\/de\/wp-json\/wp\/v2\/product_cat?post=14158"},{"taxonomy":"product_tag","embeddable":true,"href":"https:\/\/boreait.com\/de\/wp-json\/wp\/v2\/product_tag?post=14158"}],"curies":[{"name":"wp","href":"https:\/\/api.w.org\/{rel}","templated":true}]}}