{"id":14144,"date":"2025-09-15T16:53:47","date_gmt":"2025-09-15T14:53:47","guid":{"rendered":"https:\/\/boreait.com\/de\/?post_type=product&#038;p=14144"},"modified":"2026-01-27T13:31:38","modified_gmt":"2026-01-27T12:31:38","slug":"hdd-festplatte-caddy-schiene-schrauben-fuer-lenovo-ibm-thinkpad-x60-x61-z61-sl400-sl500","status":"publish","type":"product","link":"https:\/\/boreait.com\/de\/produkt\/hdd-festplatte-caddy-schiene-schrauben-fuer-lenovo-ibm-thinkpad-x60-x61-z61-sl400-sl500\/","title":{"rendered":"HDD Festplatte Caddy Schiene Schrauben F\u00fcr Lenovo IBM Thinkpad X60 X61 Z61 SL400 SL500"},"content":{"rendered":"<p>Verbessern Sie die Speicherstabilit\u00e4t Ihres Lenovo IBM Thinkpad mit dem HDD-Festplatten-Caddy-Schienenschrauben-Set, das speziell f\u00fcr die Modelle X60, X61, Z61, SL400 und SL500 entwickelt wurde. Dieses Set gew\u00e4hrleistet eine sichere Installation und zuverl\u00e4ssige Leistung und ist somit der perfekte Ersatz oder das perfekte Upgrade f\u00fcr den Festplatten-Caddy Ihres Laptops.<\/p>\n<p>Hauptmerkmale:<\/p>\n<p>\u2013 Kompatibilit\u00e4t: Entwickelt f\u00fcr die Lenovo IBM Thinkpad Modelle X60, X61, Z61, SL400 und SL500.<\/p>\n<p>\u2013 Sichere Installation: Sorgt f\u00fcr eine sichere Befestigung Ihrer Festplatte f\u00fcr optimale Leistung.<\/p>\n<p>\u2013 Hochwertige Konstruktion: Hergestellt aus langlebigen Materialien f\u00fcr eine lange Lebensdauer.<\/p>\n<p>\u2013 Einfache Installation: Einfache Installation ohne professionelle Hilfe.<\/p>\n<p>R\u00fcsten Sie Ihr Lenovo IBM Thinkpad noch heute mit dem HDD-Festplatten-Caddy-Schienenschrauben-Set auf. Kaufen Sie mit Vertrauen in ein Qualit\u00e4tsprodukt, das die Speicherstabilit\u00e4t Ihres Laptops verbessert. Wenn Sie Fragen haben oder Hilfe ben\u00f6tigen, z\u00f6gern Sie nicht, uns zu kontaktieren. Wir helfen Ihnen gerne, die Funktionalit\u00e4t Ihres Ger\u00e4ts zu verbessern.<\/p>\n","protected":false},"excerpt":{"rendered":"<p>R\u00fcsten Sie Ihr Lenovo IBM Thinkpad mit diesem HDD-Festplatten-Caddy-Schienenschrauben-Set auf. Dieses Set f\u00fcr die Modelle X60, X61, Z61, SL400 und SL500 gew\u00e4hrleistet eine sichere Installation und zuverl\u00e4ssige Leistung. Verbessern Sie noch heute die Speicherstabilit\u00e4t Ihres Laptops!<\/p>\n","protected":false},"featured_media":14200,"template":"","meta":[],"product_brand":[],"product_cat":[52],"product_tag":[62],"class_list":{"0":"post-14144","1":"product","2":"type-product","3":"status-publish","4":"has-post-thumbnail","6":"product_cat-laptop-housing","7":"product_tag-lenovo","9":"first","10":"instock","11":"taxable","12":"shipping-taxable","13":"purchasable","14":"product-type-simple"},"_links":{"self":[{"href":"https:\/\/boreait.com\/de\/wp-json\/wp\/v2\/product\/14144","targetHints":{"allow":["GET"]}}],"collection":[{"href":"https:\/\/boreait.com\/de\/wp-json\/wp\/v2\/product"}],"about":[{"href":"https:\/\/boreait.com\/de\/wp-json\/wp\/v2\/types\/product"}],"wp:featuredmedia":[{"embeddable":true,"href":"https:\/\/boreait.com\/de\/wp-json\/wp\/v2\/media\/14200"}],"wp:attachment":[{"href":"https:\/\/boreait.com\/de\/wp-json\/wp\/v2\/media?parent=14144"}],"wp:term":[{"taxonomy":"product_brand","embeddable":true,"href":"https:\/\/boreait.com\/de\/wp-json\/wp\/v2\/product_brand?post=14144"},{"taxonomy":"product_cat","embeddable":true,"href":"https:\/\/boreait.com\/de\/wp-json\/wp\/v2\/product_cat?post=14144"},{"taxonomy":"product_tag","embeddable":true,"href":"https:\/\/boreait.com\/de\/wp-json\/wp\/v2\/product_tag?post=14144"}],"curies":[{"name":"wp","href":"https:\/\/api.w.org\/{rel}","templated":true}]}}