{"id":14143,"date":"2025-09-15T16:53:47","date_gmt":"2025-09-15T14:53:47","guid":{"rendered":"https:\/\/boreait.com\/de\/?post_type=product&#038;p=14143"},"modified":"2026-01-27T13:31:21","modified_gmt":"2026-01-27T12:31:21","slug":"original-ibm-lenovo-x60s-lautsprecher-23-40202-002-39t7306","status":"publish","type":"product","link":"https:\/\/boreait.com\/de\/produkt\/original-ibm-lenovo-x60s-lautsprecher-23-40202-002-39t7306\/","title":{"rendered":"Original IBM Lenovo X60s Lautsprecher 23.40202.002 39T7306"},"content":{"rendered":"<p>Verbessern Sie das Klangerlebnis Ihres IBM Lenovo X60s Laptops mit dem Original-Lautsprecher (Teilenummer 23.40202.002 und 39T7306). Dieses Original-Ersatzteil wurde f\u00fcr Pr\u00e4zision und Zuverl\u00e4ssigkeit entwickelt und gew\u00e4hrleistet optimale Klangqualit\u00e4t und nahtlose Kompatibilit\u00e4t mit Ihrem Ger\u00e4t.<\/p>\n<p>Hauptmerkmale:<\/p>\n<p>\u2013 Original IBM Lenovo Ersatzteil: Sichern Sie sich Kompatibilit\u00e4t und Zuverl\u00e4ssigkeit mit einem Original-Ersatzteil.<\/p>\n<p>\u2013 Einfache Installation: Verbessern Sie die Audioqualit\u00e4t Ihres Laptops m\u00fchelos durch einfache Installation.<\/p>\n<p>\u2013 Verbesserte Klangqualit\u00e4t: Verbessern Sie die Audioausgabe Ihres IBM Lenovo X60s f\u00fcr bessere Klangklarheit und Leistung.<\/p>\n<p>\u2013 Robuste Konstruktion: Langlebig und bietet dauerhaft gleichbleibende Audioqualit\u00e4t.<\/p>\n<p>Verbessern Sie die Leistung Ihres Laptops:<\/p>\n<p>Erleben Sie bessere Audioqualit\u00e4t und verbesserte Leistung, indem Sie Ihr IBM Lenovo X60s mit diesem Original-Lautsprecher aufr\u00fcsten.<\/p>\n<p>Einfache Installation:<\/p>\n<p>Dank der benutzerfreundlichen Installation ist die Audioverbesserung Ihres Laptops jetzt ganz einfach.<\/p>\n<p>Qualit\u00e4tssicherung:<\/p>\n<p>Sie k\u00f6nnen sich darauf verlassen, dass Sie in ein hochwertiges Original-Ersatzteil von IBM Lenovo investieren. Alle unsere Produkte werden strengen Tests unterzogen, um hohen Standards gerecht zu werden.<\/p>\n<p>R\u00fcsten Sie Ihr IBM Lenovo X60s-Notebook noch heute mit dem Original-Lautsprecher auf. Kaufen Sie mit Vertrauen in ein hochwertiges Ersatzteil f\u00fcr Ihr Notebook. Bei Fragen oder f\u00fcr weitere Unterst\u00fctzung kontaktieren Sie uns gerne. Wir helfen Ihnen, Ihr Computererlebnis zu verbessern.<\/p>\n","protected":false},"excerpt":{"rendered":"<p>Verbessern Sie Ihr IBM Lenovo X60s-Audioerlebnis mit diesem Originallautsprecher (Teilenummer 23.40202.002 und 39T7306). Einfach zu installieren und perfekt kompatibel. Verbessern Sie noch heute die Klangqualit\u00e4t Ihres Laptops!<\/p>\n","protected":false},"featured_media":14199,"template":"","meta":[],"product_brand":[],"product_cat":[54],"product_tag":[62],"class_list":{"0":"post-14143","1":"product","2":"type-product","3":"status-publish","4":"has-post-thumbnail","6":"product_cat-laptop-speakers","7":"product_tag-lenovo","9":"first","10":"instock","11":"taxable","12":"shipping-taxable","13":"purchasable","14":"product-type-simple"},"_links":{"self":[{"href":"https:\/\/boreait.com\/de\/wp-json\/wp\/v2\/product\/14143","targetHints":{"allow":["GET"]}}],"collection":[{"href":"https:\/\/boreait.com\/de\/wp-json\/wp\/v2\/product"}],"about":[{"href":"https:\/\/boreait.com\/de\/wp-json\/wp\/v2\/types\/product"}],"wp:featuredmedia":[{"embeddable":true,"href":"https:\/\/boreait.com\/de\/wp-json\/wp\/v2\/media\/14199"}],"wp:attachment":[{"href":"https:\/\/boreait.com\/de\/wp-json\/wp\/v2\/media?parent=14143"}],"wp:term":[{"taxonomy":"product_brand","embeddable":true,"href":"https:\/\/boreait.com\/de\/wp-json\/wp\/v2\/product_brand?post=14143"},{"taxonomy":"product_cat","embeddable":true,"href":"https:\/\/boreait.com\/de\/wp-json\/wp\/v2\/product_cat?post=14143"},{"taxonomy":"product_tag","embeddable":true,"href":"https:\/\/boreait.com\/de\/wp-json\/wp\/v2\/product_tag?post=14143"}],"curies":[{"name":"wp","href":"https:\/\/api.w.org\/{rel}","templated":true}]}}