{"id":14121,"date":"2025-09-15T16:53:18","date_gmt":"2025-09-15T14:53:18","guid":{"rendered":"https:\/\/boreait.com\/de\/?post_type=product&#038;p=14121"},"modified":"2026-01-27T13:30:28","modified_gmt":"2026-01-27T12:30:28","slug":"ibm-lenovo-thinkpad-t60-t61-r60-r61-x60-x61-bluetooth-kartenplatinenmodul-39t0497","status":"publish","type":"product","link":"https:\/\/boreait.com\/de\/produkt\/ibm-lenovo-thinkpad-t60-t61-r60-r61-x60-x61-bluetooth-kartenplatinenmodul-39t0497\/","title":{"rendered":"IBM Lenovo ThinkPad T60 T61 R60 R61 X60 X61 Bluetooth-Kartenplatinenmodul 39T0497"},"content":{"rendered":"<p>Verbessern Sie die Konnektivit\u00e4t Ihres IBM Lenovo ThinkPad T60, T61, R60, R61, X60 oder X61 Laptops mit dem originalen Bluetooth-Kartenmodul (Teilenummer 39T0497). Dieses Original-Ersatzteil ist auf Kompatibilit\u00e4t und Zuverl\u00e4ssigkeit ausgelegt und gew\u00e4hrleistet nahtlose Bluetooth-Konnektivit\u00e4t und eine einfache Installation.<\/p>\n<p>Hauptmerkmale:<\/p>\n<p>\u2013 Original IBM Lenovo Ersatzteil: Sichern Sie sich Kompatibilit\u00e4t und Zuverl\u00e4ssigkeit mit einem Original-Ersatzteil.<\/p>\n<p>\u2013 Einfache Installation: Verbessern Sie die Konnektivit\u00e4t Ihres Laptops m\u00fchelos durch einfache Installation.<\/p>\n<p>\u2013 Nahtlose Bluetooth-Konnektivit\u00e4t: Genie\u00dfen Sie verbesserte Konnektivit\u00e4t mit zuverl\u00e4ssiger Bluetooth-Funktionalit\u00e4t.<\/p>\n<p>\u2013 Kompatibilit\u00e4t: Speziell f\u00fcr die Modelle IBM Lenovo ThinkPad T60, T61, R60, R61, X60 und X61 entwickelt.<\/p>\n<p>\u2013 Robuste Konstruktion: F\u00fcr den t\u00e4glichen Gebrauch konzipiert, gew\u00e4hrleistet Langlebigkeit und Zuverl\u00e4ssigkeit.<\/p>\n<p>R\u00fcsten Sie Ihr IBM Lenovo ThinkPad Laptop noch heute mit dem originalen Bluetooth-Kartenmodul auf. Kaufen Sie mit Vertrauen in ein hochwertiges Ersatzteil f\u00fcr Ihr Ger\u00e4t. Bei Fragen oder Unterst\u00fctzung kontaktieren Sie uns gerne. Wir helfen Ihnen gerne, die Konnektivit\u00e4t Ihres Laptops zu verbessern.<\/p>\n","protected":false},"excerpt":{"rendered":"<p>R\u00fcsten Sie Ihr IBM Lenovo ThinkPad T60, T61, R60, R61, X60 oder X61 mit diesem originalen Bluetooth-Kartenmodul auf. Kompatibel mit Teilenummer 39T0497. Verbessern Sie noch heute die Konnektivit\u00e4t Ihres Laptops!<\/p>\n","protected":false},"featured_media":14168,"template":"","meta":[],"product_brand":[],"product_cat":[63],"product_tag":[62],"class_list":{"0":"post-14121","1":"product","2":"type-product","3":"status-publish","4":"has-post-thumbnail","6":"product_cat-motherboards-board-parts","7":"product_tag-lenovo","9":"first","10":"instock","11":"taxable","12":"shipping-taxable","13":"purchasable","14":"product-type-simple"},"_links":{"self":[{"href":"https:\/\/boreait.com\/de\/wp-json\/wp\/v2\/product\/14121","targetHints":{"allow":["GET"]}}],"collection":[{"href":"https:\/\/boreait.com\/de\/wp-json\/wp\/v2\/product"}],"about":[{"href":"https:\/\/boreait.com\/de\/wp-json\/wp\/v2\/types\/product"}],"wp:featuredmedia":[{"embeddable":true,"href":"https:\/\/boreait.com\/de\/wp-json\/wp\/v2\/media\/14168"}],"wp:attachment":[{"href":"https:\/\/boreait.com\/de\/wp-json\/wp\/v2\/media?parent=14121"}],"wp:term":[{"taxonomy":"product_brand","embeddable":true,"href":"https:\/\/boreait.com\/de\/wp-json\/wp\/v2\/product_brand?post=14121"},{"taxonomy":"product_cat","embeddable":true,"href":"https:\/\/boreait.com\/de\/wp-json\/wp\/v2\/product_cat?post=14121"},{"taxonomy":"product_tag","embeddable":true,"href":"https:\/\/boreait.com\/de\/wp-json\/wp\/v2\/product_tag?post=14121"}],"curies":[{"name":"wp","href":"https:\/\/api.w.org\/{rel}","templated":true}]}}