{"id":14117,"date":"2025-09-15T16:53:17","date_gmt":"2025-09-15T14:53:17","guid":{"rendered":"https:\/\/boreait.com\/de\/?post_type=product&#038;p=14117"},"modified":"2026-01-27T13:22:44","modified_gmt":"2026-01-27T12:22:44","slug":"original-ibm-lenovo-14-t60-stereo-lautsprecher-loadspeaker-42w7419-42w7427","status":"publish","type":"product","link":"https:\/\/boreait.com\/de\/produkt\/original-ibm-lenovo-14-t60-stereo-lautsprecher-loadspeaker-42w7419-42w7427\/","title":{"rendered":"Original IBM Lenovo 14&#8243; T60 Stereo-Lautsprecher Loadspeaker 42W7419 42W7427"},"content":{"rendered":"<p>Verbessern Sie das Klangerlebnis Ihres IBM Lenovo 14\u2033 T60 Laptops mit dem Original-Stereolautsprecher, kompatibel mit den Teilenummern 42W7419 und 42W7427. Dieses Original-Ersatzteil wurde f\u00fcr hohe Qualit\u00e4t und Kompatibilit\u00e4t entwickelt und sorgt f\u00fcr klaren und beeindruckenden Klang.<\/p>\n<p>Hauptmerkmale:<\/p>\n<p>\u2013 Original IBM Lenovo Ersatzteil: Sichern Sie sich Kompatibilit\u00e4t und Zuverl\u00e4ssigkeit mit Original-Ersatzteilen.<\/p>\n<p>\u2013 Einfache Installation: Verbessern Sie die Audioqualit\u00e4t Ihres Laptops m\u00fchelos durch einfache Installation.<\/p>\n<p>\u2013 Verbesserte Audioqualit\u00e4t: Genie\u00dfen Sie klaren und beeindruckenden Klang f\u00fcr ein verbessertes Multimedia-Erlebnis.<\/p>\n<p>\u2013 Kompatibilit\u00e4t: Speziell f\u00fcr das IBM Lenovo 14\u2033 T60 entwickelt, gew\u00e4hrleistet nahtlose Integration.<\/p>\n<p>R\u00fcsten Sie Ihr IBM Lenovo 14\u2033 T60 Laptop noch heute mit dem Original-Stereolautsprecher auf. Kaufen Sie mit Vertrauen in ein hochwertiges Ersatzteil f\u00fcr Ihr Ger\u00e4t. Bei Fragen oder f\u00fcr Hilfe kontaktieren Sie uns gerne. Wir helfen Ihnen gerne, die Audiofunktionen Ihres Laptops zu verbessern.<\/p>\n","protected":false},"excerpt":{"rendered":"<p>Verbessern Sie das Audioerlebnis Ihres IBM Lenovo 14&#8243; T60 mit diesem originalen Stereo-Lautsprecher. Einfach zu installieren und kompatibel mit den Teilenummern 42W7419 und 42W7427. Verbessern Sie noch heute die Audioqualit\u00e4t Ihres Laptops!<\/p>\n","protected":false},"featured_media":14164,"template":"","meta":[],"product_brand":[],"product_cat":[54],"product_tag":[62],"class_list":{"0":"post-14117","1":"product","2":"type-product","3":"status-publish","4":"has-post-thumbnail","6":"product_cat-laptop-speakers","7":"product_tag-lenovo","9":"first","10":"instock","11":"taxable","12":"shipping-taxable","13":"purchasable","14":"product-type-simple"},"_links":{"self":[{"href":"https:\/\/boreait.com\/de\/wp-json\/wp\/v2\/product\/14117","targetHints":{"allow":["GET"]}}],"collection":[{"href":"https:\/\/boreait.com\/de\/wp-json\/wp\/v2\/product"}],"about":[{"href":"https:\/\/boreait.com\/de\/wp-json\/wp\/v2\/types\/product"}],"wp:featuredmedia":[{"embeddable":true,"href":"https:\/\/boreait.com\/de\/wp-json\/wp\/v2\/media\/14164"}],"wp:attachment":[{"href":"https:\/\/boreait.com\/de\/wp-json\/wp\/v2\/media?parent=14117"}],"wp:term":[{"taxonomy":"product_brand","embeddable":true,"href":"https:\/\/boreait.com\/de\/wp-json\/wp\/v2\/product_brand?post=14117"},{"taxonomy":"product_cat","embeddable":true,"href":"https:\/\/boreait.com\/de\/wp-json\/wp\/v2\/product_cat?post=14117"},{"taxonomy":"product_tag","embeddable":true,"href":"https:\/\/boreait.com\/de\/wp-json\/wp\/v2\/product_tag?post=14117"}],"curies":[{"name":"wp","href":"https:\/\/api.w.org\/{rel}","templated":true}]}}