{"id":14089,"date":"2025-09-15T16:52:49","date_gmt":"2025-09-15T14:52:49","guid":{"rendered":"https:\/\/boreait.com\/de\/?post_type=product&#038;p=14089"},"modified":"2026-01-27T13:21:25","modified_gmt":"2026-01-27T12:21:25","slug":"13n1-7ea0811-original-asus-kuehlkoerper-chromebook-flip-c434t","status":"publish","type":"product","link":"https:\/\/boreait.com\/de\/produkt\/13n1-7ea0811-original-asus-kuehlkoerper-chromebook-flip-c434t\/","title":{"rendered":"13N1-7EA0811 ORIGINAL ASUS K\u00dcHLK\u00d6RPER CHROMEBOOK FLIP C434T"},"content":{"rendered":"<p>Verbessern Sie die K\u00fchlleistung Ihres ASUS Chromebook Flip C434T mit dem Original-K\u00fchlk\u00f6rper (Teilenummer 13N1-7EA0811). Dieses Original-Ersatzteil ist auf Langlebigkeit und Kompatibilit\u00e4t ausgelegt und gew\u00e4hrleistet optimale W\u00e4rmeableitung und eine einfache Installation.<\/p>\n<p>Hauptmerkmale:<\/p>\n<p>\u2013 Original ASUS Ersatzteil: Sichern Sie sich Kompatibilit\u00e4t und Zuverl\u00e4ssigkeit mit einem Original-Ersatzteil.<\/p>\n<p>\u2013 Verbesserte K\u00fchlung: Steigern Sie die Leistung Ihres Ger\u00e4ts durch optimale Betriebstemperaturen.<\/p>\n<p>\u2013 Einfache Installation: R\u00fcsten Sie das K\u00fchlsystem Ihres Ger\u00e4ts m\u00fchelos auf.<\/p>\n<p>\u2013 Robuste Konstruktion: Robust und langlebig, garantiert Langlebigkeit und Zuverl\u00e4ssigkeit.<\/p>\n<p>R\u00fcsten Sie Ihr ASUS Chromebook Flip C434T noch heute mit dem Original-K\u00fchlk\u00f6rper auf. Kaufen Sie mit Vertrauen in ein hochwertiges Ersatzteil f\u00fcr Ihr Ger\u00e4t. Bei Fragen oder f\u00fcr Hilfe kontaktieren Sie uns gerne. Wir helfen Ihnen gerne, die Leistung Ihres Ger\u00e4ts zu verbessern.<\/p>\n","protected":false},"excerpt":{"rendered":"<p>R\u00fcsten Sie das K\u00fchlsystem Ihres ASUS Chromebook Flip C434T mit diesem Original-K\u00fchlk\u00f6rper auf. Entwickelt f\u00fcr optimale W\u00e4rmeableitung und kompatibel mit Teilenummer 13N1-7EA0811. Verbessern Sie noch heute die Leistung Ihres Ger\u00e4ts!<\/p>\n","protected":false},"featured_media":14132,"template":"","meta":[],"product_brand":[],"product_cat":[69],"product_tag":[66],"class_list":{"0":"post-14089","1":"product","2":"type-product","3":"status-publish","4":"has-post-thumbnail","6":"product_cat-cpu-fans-heatsinks","7":"product_tag-asus","9":"first","10":"instock","11":"taxable","12":"shipping-taxable","13":"purchasable","14":"product-type-simple"},"_links":{"self":[{"href":"https:\/\/boreait.com\/de\/wp-json\/wp\/v2\/product\/14089","targetHints":{"allow":["GET"]}}],"collection":[{"href":"https:\/\/boreait.com\/de\/wp-json\/wp\/v2\/product"}],"about":[{"href":"https:\/\/boreait.com\/de\/wp-json\/wp\/v2\/types\/product"}],"wp:featuredmedia":[{"embeddable":true,"href":"https:\/\/boreait.com\/de\/wp-json\/wp\/v2\/media\/14132"}],"wp:attachment":[{"href":"https:\/\/boreait.com\/de\/wp-json\/wp\/v2\/media?parent=14089"}],"wp:term":[{"taxonomy":"product_brand","embeddable":true,"href":"https:\/\/boreait.com\/de\/wp-json\/wp\/v2\/product_brand?post=14089"},{"taxonomy":"product_cat","embeddable":true,"href":"https:\/\/boreait.com\/de\/wp-json\/wp\/v2\/product_cat?post=14089"},{"taxonomy":"product_tag","embeddable":true,"href":"https:\/\/boreait.com\/de\/wp-json\/wp\/v2\/product_tag?post=14089"}],"curies":[{"name":"wp","href":"https:\/\/api.w.org\/{rel}","templated":true}]}}