{"id":14061,"date":"2025-09-15T16:51:59","date_gmt":"2025-09-15T14:51:59","guid":{"rendered":"https:\/\/boreait.com\/de\/?post_type=product&#038;p=14061"},"modified":"2025-09-16T12:56:28","modified_gmt":"2025-09-16T10:56:28","slug":"original-asus-chromebook-flip-c434ta-laptop-abdeckung-13n1-7ea0421-13n1-7ea0431","status":"publish","type":"product","link":"https:\/\/boreait.com\/de\/produkt\/original-asus-chromebook-flip-c434ta-laptop-abdeckung-13n1-7ea0421-13n1-7ea0431\/","title":{"rendered":"ORIGINAL ASUS Chromebook Flip C434TA Laptop-Abdeckung 13N1-7EA0421 13N1-7EA0431"},"content":{"rendered":"<p>Verbessern Sie das Aussehen und den Schutz Ihres ASUS Chromebook Flip C434TA mit der Original-Laptopabdeckung. Dieses originale Ersatzteil ist pr\u00e4zise und langlebig gefertigt und gew\u00e4hrleistet zuverl\u00e4ssige Leistung und einfache Installation. Kompatible Teilenummern: 13N1-7EA0421 & 13N1-7EA0431<\/p>\n<p>Hauptmerkmale:<\/p>\n<p>\u2013 Original ASUS Ersatzteil: Sichern Sie sich Kompatibilit\u00e4t und Zuverl\u00e4ssigkeit mit einem originalen Ersatzteil.<\/p>\n<p>\u2013 Einfache Installation: Verbessern Sie das Aussehen Ihres Laptops m\u00fchelos durch einfache Installation.<\/p>\n<p>\u2013 Verbessertes Aussehen: Verwandeln Sie das Aussehen Ihres ASUS Chromebook Flip C434TA mit dieser eleganten Laptopabdeckung.<\/p>\n<p>\u2013 Zus\u00e4tzlicher Schutz: Sch\u00fctzen Sie Ihr Ger\u00e4t mit dieser robusten Laptopabdeckung vor Kratzern und Besch\u00e4digungen.<\/p>\n<p>R\u00fcsten Sie Ihr ASUS Chromebook Flip C434TA noch heute mit der Original-Laptopabdeckung auf. Kaufen Sie mit Vertrauen in ein hochwertiges Ersatzteil f\u00fcr Ihr Ger\u00e4t. Bei Fragen oder f\u00fcr Hilfe kontaktieren Sie uns gerne. Wir sind hier, um Ihnen dabei zu helfen, die \u00c4sthetik Ihres Ger\u00e4ts zu verbessern.<\/p>\n","protected":false},"excerpt":{"rendered":"<p>Werten Sie das Erscheinungsbild Ihres ASUS Chromebook Flip C434TA mit diesem originalen Laptop-Cover auf. Einfach zu installieren und kompatibel mit Ihrem Ger\u00e4t. Werten Sie die \u00c4sthetik Ihres Laptops noch heute auf!<\/p>\n","protected":false},"featured_media":14110,"template":"","meta":[],"product_brand":[],"product_cat":[52],"product_tag":[66],"class_list":{"0":"post-14061","1":"product","2":"type-product","3":"status-publish","4":"has-post-thumbnail","6":"product_cat-laptop-housing","7":"product_tag-asus","9":"first","10":"instock","11":"taxable","12":"shipping-taxable","13":"purchasable","14":"product-type-simple"},"_links":{"self":[{"href":"https:\/\/boreait.com\/de\/wp-json\/wp\/v2\/product\/14061","targetHints":{"allow":["GET"]}}],"collection":[{"href":"https:\/\/boreait.com\/de\/wp-json\/wp\/v2\/product"}],"about":[{"href":"https:\/\/boreait.com\/de\/wp-json\/wp\/v2\/types\/product"}],"wp:featuredmedia":[{"embeddable":true,"href":"https:\/\/boreait.com\/de\/wp-json\/wp\/v2\/media\/14110"}],"wp:attachment":[{"href":"https:\/\/boreait.com\/de\/wp-json\/wp\/v2\/media?parent=14061"}],"wp:term":[{"taxonomy":"product_brand","embeddable":true,"href":"https:\/\/boreait.com\/de\/wp-json\/wp\/v2\/product_brand?post=14061"},{"taxonomy":"product_cat","embeddable":true,"href":"https:\/\/boreait.com\/de\/wp-json\/wp\/v2\/product_cat?post=14061"},{"taxonomy":"product_tag","embeddable":true,"href":"https:\/\/boreait.com\/de\/wp-json\/wp\/v2\/product_tag?post=14061"}],"curies":[{"name":"wp","href":"https:\/\/api.w.org\/{rel}","templated":true}]}}