{"id":14054,"date":"2025-09-15T16:51:58","date_gmt":"2025-09-15T14:51:58","guid":{"rendered":"https:\/\/boreait.com\/de\/?post_type=product&#038;p=14054"},"modified":"2026-01-27T12:01:41","modified_gmt":"2026-01-27T11:01:41","slug":"original-dell-latitude-14-7404-rugged-extreme-corner-gummipuffer-rueckseite-rechts-2","status":"publish","type":"product","link":"https:\/\/boreait.com\/de\/produkt\/original-dell-latitude-14-7404-rugged-extreme-corner-gummipuffer-rueckseite-rechts-2\/","title":{"rendered":"Original Dell Latitude 14 7404 Rugged Extreme Corner Gummipuffer R\u00fcckseite rechts"},"content":{"rendered":"<p>Verbessern Sie den Schutz und die Haltbarkeit Ihres Dell Latitude 14 7404 Rugged Extreme Laptops mit dem Original-Eckgummipuffer f\u00fcr die rechte R\u00fcckseite. Dieses Original-Ersatzteil wurde speziell f\u00fcr Ihr Modell entwickelt und garantiert perfekte Passform und lang anhaltende Leistung.<\/p>\n<p>Hauptmerkmale:<\/p>\n<p>\u2013 Original Dell-Ersatzteil: Sichern Sie sich Kompatibilit\u00e4t und Zuverl\u00e4ssigkeit mit einem Original-Ersatzteil.<\/p>\n<p>\u2013 Einfache Installation: Verbessern Sie den Schutz Ihres Laptops m\u00fchelos durch einfache Installation.<\/p>\n<p>\u2013 Verbesserte Haltbarkeit: Sch\u00fctzen Sie die Ecken Ihres Laptops vor Besch\u00e4digungen mit diesem robusten Gummipuffer.<\/p>\n<p>\u2013 Spezifische Passform: Speziell f\u00fcr die rechte R\u00fcckseite des Dell Latitude 14 7404 Rugged Extreme entwickelt.<\/p>\n<p>R\u00fcsten Sie Ihr Dell Latitude 14 7404 Rugged Extreme Laptop noch heute mit dem Original-Eckgummipuffer f\u00fcr die rechte R\u00fcckseite auf. Kaufen Sie mit Vertrauen in ein hochwertiges Ersatzteil f\u00fcr Ihr Ger\u00e4t. Bei Fragen oder f\u00fcr Hilfe kontaktieren Sie uns gerne. Wir helfen Ihnen, die Haltbarkeit Ihres Laptops zu verbessern.<\/p>\n","protected":false},"excerpt":{"rendered":"<p>Verbessern Sie den Schutz Ihres Dell Latitude 14 7404 Rugged Extreme mit diesem originalen Eckgummipuffer f\u00fcr die rechte R\u00fcckseite. Einfach zu installieren und langlebig. Steigern Sie noch heute die Haltbarkeit Ihres Laptops!<\/p>\n","protected":false},"featured_media":14103,"template":"","meta":[],"product_brand":[],"product_cat":[52],"product_tag":[53],"class_list":{"0":"post-14054","1":"product","2":"type-product","3":"status-publish","4":"has-post-thumbnail","6":"product_cat-laptop-housing","7":"product_tag-dell","9":"first","10":"instock","11":"taxable","12":"shipping-taxable","13":"purchasable","14":"product-type-simple"},"_links":{"self":[{"href":"https:\/\/boreait.com\/de\/wp-json\/wp\/v2\/product\/14054","targetHints":{"allow":["GET"]}}],"collection":[{"href":"https:\/\/boreait.com\/de\/wp-json\/wp\/v2\/product"}],"about":[{"href":"https:\/\/boreait.com\/de\/wp-json\/wp\/v2\/types\/product"}],"wp:featuredmedia":[{"embeddable":true,"href":"https:\/\/boreait.com\/de\/wp-json\/wp\/v2\/media\/14103"}],"wp:attachment":[{"href":"https:\/\/boreait.com\/de\/wp-json\/wp\/v2\/media?parent=14054"}],"wp:term":[{"taxonomy":"product_brand","embeddable":true,"href":"https:\/\/boreait.com\/de\/wp-json\/wp\/v2\/product_brand?post=14054"},{"taxonomy":"product_cat","embeddable":true,"href":"https:\/\/boreait.com\/de\/wp-json\/wp\/v2\/product_cat?post=14054"},{"taxonomy":"product_tag","embeddable":true,"href":"https:\/\/boreait.com\/de\/wp-json\/wp\/v2\/product_tag?post=14054"}],"curies":[{"name":"wp","href":"https:\/\/api.w.org\/{rel}","templated":true}]}}