{"id":14014,"date":"2025-09-15T16:51:07","date_gmt":"2025-09-15T14:51:07","guid":{"rendered":"https:\/\/boreait.com\/de\/?post_type=product&#038;p=14014"},"modified":"2026-01-27T11:47:10","modified_gmt":"2026-01-27T10:47:10","slug":"original-dell-rugged-7414-tastaturplatine-mit-kabel-aa002a","status":"publish","type":"product","link":"https:\/\/boreait.com\/de\/produkt\/original-dell-rugged-7414-tastaturplatine-mit-kabel-aa002a\/","title":{"rendered":"Original Dell Rugged 7414 Tastaturplatine mit Kabel AA002A"},"content":{"rendered":"<p>Erweitern Sie die Funktionalit\u00e4t Ihres Dell Rugged 7414 Laptops mit der Original-Tastaturplatine inklusive Kabel. Dieses Original-Ersatzteil wurde pr\u00e4zise und zuverl\u00e4ssig gefertigt und gew\u00e4hrleistet nahtlose Kompatibilit\u00e4t und einfache Installation.<\/p>\n<p>Hauptmerkmale:<\/p>\n<p>\u2013 Original Dell-Ersatzteil: Sichern Sie sich Kompatibilit\u00e4t und Zuverl\u00e4ssigkeit mit einem Original-Ersatzteil.<\/p>\n<p>\u2013 Einfache Installation: R\u00fcsten Sie Ihr Ger\u00e4t m\u00fchelos auf.<\/p>\n<p>\u2013 Erweiterte Funktionalit\u00e4t: Verbessern Sie das Tippgef\u00fchl und die allgemeine Funktionalit\u00e4t mit dieser Original-Tastaturplatine.<\/p>\n<p>\u2013 Kompatibilit\u00e4t: Entwickelt f\u00fcr die nahtlose Zusammenarbeit mit Dell Rugged 7414 Modellen.<\/p>\n<p>R\u00fcsten Sie Ihr Dell Rugged 7414 Laptop noch heute mit der Original-Tastaturplatine inklusive Kabel auf. Kaufen Sie mit Vertrauen in ein hochwertiges Ersatzteil f\u00fcr Ihr Ger\u00e4t. Bei Fragen oder f\u00fcr Hilfe kontaktieren Sie uns gerne. Wir helfen Ihnen gerne, die Funktionalit\u00e4t Ihres Ger\u00e4ts zu verbessern.<\/p>\n","protected":false},"excerpt":{"rendered":"<p>Erweitern Sie die Funktionalit\u00e4t Ihres Dell Rugged 7414 mit dieser Original-Tastaturplatine inklusive Kabel. Einfach zu installieren und kompatibel mit verschiedenen Modellen. R\u00fcsten Sie Ihr Ger\u00e4t noch heute auf!<\/p>\n","protected":false},"featured_media":14069,"template":"","meta":[],"product_brand":[],"product_cat":[63],"product_tag":[53],"class_list":{"0":"post-14014","1":"product","2":"type-product","3":"status-publish","4":"has-post-thumbnail","6":"product_cat-motherboards-board-parts","7":"product_tag-dell","9":"first","10":"instock","11":"taxable","12":"shipping-taxable","13":"purchasable","14":"product-type-simple"},"_links":{"self":[{"href":"https:\/\/boreait.com\/de\/wp-json\/wp\/v2\/product\/14014","targetHints":{"allow":["GET"]}}],"collection":[{"href":"https:\/\/boreait.com\/de\/wp-json\/wp\/v2\/product"}],"about":[{"href":"https:\/\/boreait.com\/de\/wp-json\/wp\/v2\/types\/product"}],"wp:featuredmedia":[{"embeddable":true,"href":"https:\/\/boreait.com\/de\/wp-json\/wp\/v2\/media\/14069"}],"wp:attachment":[{"href":"https:\/\/boreait.com\/de\/wp-json\/wp\/v2\/media?parent=14014"}],"wp:term":[{"taxonomy":"product_brand","embeddable":true,"href":"https:\/\/boreait.com\/de\/wp-json\/wp\/v2\/product_brand?post=14014"},{"taxonomy":"product_cat","embeddable":true,"href":"https:\/\/boreait.com\/de\/wp-json\/wp\/v2\/product_cat?post=14014"},{"taxonomy":"product_tag","embeddable":true,"href":"https:\/\/boreait.com\/de\/wp-json\/wp\/v2\/product_tag?post=14014"}],"curies":[{"name":"wp","href":"https:\/\/api.w.org\/{rel}","templated":true}]}}