{"id":13963,"date":"2025-09-15T16:50:17","date_gmt":"2025-09-15T14:50:17","guid":{"rendered":"https:\/\/boreait.com\/de\/?post_type=product&#038;p=13963"},"modified":"2026-01-27T11:39:03","modified_gmt":"2026-01-27T10:39:03","slug":"original-dell-latitude-14-7404-rugged-extreme-frontgriffschloss-l-r-2","status":"publish","type":"product","link":"https:\/\/boreait.com\/de\/produkt\/original-dell-latitude-14-7404-rugged-extreme-frontgriffschloss-l-r-2\/","title":{"rendered":"Original Dell Latitude 14 7404 Rugged Extreme Frontgriffschloss L + R"},"content":{"rendered":"<p>Steigern Sie die Robustheit Ihres Dell Latitude 14 7404 Rugged Extreme Laptops mit dem Original-Frontgriff-Schlossset, kompatibel mit der linken und rechten Seite. Dieses Original-Ersatzteil ist auf Langlebigkeit und Zuverl\u00e4ssigkeit ausgelegt und gew\u00e4hrleistet eine einfache Installation und verbesserten Schutz f\u00fcr Ihr Ger\u00e4t.<\/p>\n<p>Hauptmerkmale:<\/p>\n<p>\u2013 Original Dell-Ersatzteil: Sichern Sie sich Kompatibilit\u00e4t und Zuverl\u00e4ssigkeit mit einem Original-Ersatzteil.<\/p>\n<p>\u2013 Einfache Installation: Verbessern Sie die Robustheit Ihres Ger\u00e4ts m\u00fchelos durch einfache Installation.<\/p>\n<p>\u2013 Verbesserte Haltbarkeit: Steigern Sie die Haltbarkeit Ihres Laptops mit diesem robusten Griff-Schlossset.<\/p>\n<p>\u2013 Kompatibilit\u00e4t: Kompatibel mit der linken und rechten Seite f\u00fcr vielseitige Installationsm\u00f6glichkeiten.<\/p>\n<p>R\u00fcsten Sie Ihr Dell Latitude 14 7404 Rugged Extreme Laptop noch heute mit dem Original-Frontgriff-Schlossset auf. Kaufen Sie mit Vertrauen in ein hochwertiges Ersatzteil f\u00fcr Ihr Ger\u00e4t. Bei Fragen oder f\u00fcr Hilfe kontaktieren Sie uns gerne. Wir helfen Ihnen, die Haltbarkeit Ihres Ger\u00e4ts zu erh\u00f6hen.<\/p>\n","protected":false},"excerpt":{"rendered":"<p>Verbessern Sie die Haltbarkeit Ihres Dell Latitude 14 7404 Rugged Extreme mit diesem originalen Frontgriff-Schloss-Set. Einfach zu installieren und kompatibel mit der linken und rechten Seite. Steigern Sie noch heute die Robustheit Ihres Ger\u00e4ts!<\/p>\n","protected":false},"featured_media":14021,"template":"","meta":[],"product_brand":[],"product_cat":[55],"product_tag":[53],"class_list":{"0":"post-13963","1":"product","2":"type-product","3":"status-publish","4":"has-post-thumbnail","6":"product_cat-screen-hinge","7":"product_tag-dell","9":"first","10":"instock","11":"taxable","12":"shipping-taxable","13":"purchasable","14":"product-type-simple"},"_links":{"self":[{"href":"https:\/\/boreait.com\/de\/wp-json\/wp\/v2\/product\/13963","targetHints":{"allow":["GET"]}}],"collection":[{"href":"https:\/\/boreait.com\/de\/wp-json\/wp\/v2\/product"}],"about":[{"href":"https:\/\/boreait.com\/de\/wp-json\/wp\/v2\/types\/product"}],"wp:featuredmedia":[{"embeddable":true,"href":"https:\/\/boreait.com\/de\/wp-json\/wp\/v2\/media\/14021"}],"wp:attachment":[{"href":"https:\/\/boreait.com\/de\/wp-json\/wp\/v2\/media?parent=13963"}],"wp:term":[{"taxonomy":"product_brand","embeddable":true,"href":"https:\/\/boreait.com\/de\/wp-json\/wp\/v2\/product_brand?post=13963"},{"taxonomy":"product_cat","embeddable":true,"href":"https:\/\/boreait.com\/de\/wp-json\/wp\/v2\/product_cat?post=13963"},{"taxonomy":"product_tag","embeddable":true,"href":"https:\/\/boreait.com\/de\/wp-json\/wp\/v2\/product_tag?post=13963"}],"curies":[{"name":"wp","href":"https:\/\/api.w.org\/{rel}","templated":true}]}}