{"id":13962,"date":"2025-09-15T16:50:16","date_gmt":"2025-09-15T14:50:16","guid":{"rendered":"https:\/\/boreait.com\/de\/?post_type=product&#038;p=13962"},"modified":"2026-01-27T11:31:23","modified_gmt":"2026-01-27T10:31:23","slug":"original-dell-latitude-14-rugged-extreme-7404-festplatten-interposer-kabelabdeckung-caddy","status":"publish","type":"product","link":"https:\/\/boreait.com\/de\/produkt\/original-dell-latitude-14-rugged-extreme-7404-festplatten-interposer-kabelabdeckung-caddy\/","title":{"rendered":"Original Dell Latitude 14 Rugged Extreme 7404 Festplatten-Interposer-Kabelabdeckung Caddy"},"content":{"rendered":"<p>Erweitern Sie die Speicherkapazit\u00e4t Ihres Dell Latitude 14 Rugged Extreme 7404 Laptops mit dem Original-Festplatten-Interposer-Kabelgeh\u00e4use. Dieses Original-Ersatzteil ist auf Langlebigkeit und Kompatibilit\u00e4t ausgelegt und gew\u00e4hrleistet zuverl\u00e4ssige Leistung und eine einfache Installation.<\/p>\n<p>Hauptmerkmale:<\/p>\n<p>\u2013 Original Dell-Ersatzteil: Sichern Sie sich Kompatibilit\u00e4t und Zuverl\u00e4ssigkeit mit einem Original-Ersatzteil.<\/p>\n<p>\u2013 Einfache Installation: Erweitern Sie den Speicher Ihres Ger\u00e4ts m\u00fchelos mit einer einfachen Installation.<\/p>\n<p>\u2013 Erweiterte Speicherkapazit\u00e4t: Erh\u00f6hen Sie die Speicherkapazit\u00e4t Ihres Laptops f\u00fcr erweiterte Funktionalit\u00e4t.<\/p>\n<p>\u2013 Robuste Konstruktion: H\u00e4lt rauen Bedingungen stand und gew\u00e4hrleistet Langlebigkeit und Zuverl\u00e4ssigkeit.<\/p>\n<p>R\u00fcsten Sie Ihr Dell Latitude 14 Rugged Extreme 7404 Laptop noch heute mit dem Original-Festplatten-Interposer-Kabelgeh\u00e4use auf. Kaufen Sie mit Vertrauen in ein hochwertiges Ersatzteil f\u00fcr Ihr Ger\u00e4t. Bei Fragen oder f\u00fcr Hilfe kontaktieren Sie uns gerne. Wir helfen Ihnen gerne, die Funktionalit\u00e4t Ihres Ger\u00e4ts zu verbessern.<\/p>\n","protected":false},"excerpt":{"rendered":"<p>Erweitern Sie den Speicher Ihres Dell Latitude 14 Rugged Extreme 7404 mit diesem originalen Festplatten-Interposer-Kabelschutz-Caddy. Einfach zu installieren und auf Kompatibilit\u00e4t ausgelegt. Erweitern Sie noch heute die Speicherkapazit\u00e4t Ihres Ger\u00e4ts!<\/p>\n","protected":false},"featured_media":14019,"template":"","meta":[],"product_brand":[],"product_cat":[52],"product_tag":[53],"class_list":{"0":"post-13962","1":"product","2":"type-product","3":"status-publish","4":"has-post-thumbnail","6":"product_cat-laptop-housing","7":"product_tag-dell","9":"first","10":"instock","11":"taxable","12":"shipping-taxable","13":"purchasable","14":"product-type-simple"},"_links":{"self":[{"href":"https:\/\/boreait.com\/de\/wp-json\/wp\/v2\/product\/13962","targetHints":{"allow":["GET"]}}],"collection":[{"href":"https:\/\/boreait.com\/de\/wp-json\/wp\/v2\/product"}],"about":[{"href":"https:\/\/boreait.com\/de\/wp-json\/wp\/v2\/types\/product"}],"wp:featuredmedia":[{"embeddable":true,"href":"https:\/\/boreait.com\/de\/wp-json\/wp\/v2\/media\/14019"}],"wp:attachment":[{"href":"https:\/\/boreait.com\/de\/wp-json\/wp\/v2\/media?parent=13962"}],"wp:term":[{"taxonomy":"product_brand","embeddable":true,"href":"https:\/\/boreait.com\/de\/wp-json\/wp\/v2\/product_brand?post=13962"},{"taxonomy":"product_cat","embeddable":true,"href":"https:\/\/boreait.com\/de\/wp-json\/wp\/v2\/product_cat?post=13962"},{"taxonomy":"product_tag","embeddable":true,"href":"https:\/\/boreait.com\/de\/wp-json\/wp\/v2\/product_tag?post=13962"}],"curies":[{"name":"wp","href":"https:\/\/api.w.org\/{rel}","templated":true}]}}