{"id":13961,"date":"2025-09-15T16:50:16","date_gmt":"2025-09-15T14:50:16","guid":{"rendered":"https:\/\/boreait.com\/de\/?post_type=product&#038;p=13961"},"modified":"2026-01-27T11:31:09","modified_gmt":"2026-01-27T10:31:09","slug":"original-dell-latitude-14-7404-rugged-extreme-interne-kunststoffabdeckung-kabelfuehrung-3","status":"publish","type":"product","link":"https:\/\/boreait.com\/de\/produkt\/original-dell-latitude-14-7404-rugged-extreme-interne-kunststoffabdeckung-kabelfuehrung-3\/","title":{"rendered":"Original Dell Latitude 14 7404 Rugged Extreme interne Kunststoffabdeckung, Kabelf\u00fchrung"},"content":{"rendered":"<p>Verbessern Sie die Funktionalit\u00e4t und Langlebigkeit Ihres Dell Latitude 14 7404 Rugged Extreme Laptops mit der originalen internen Kabelf\u00fchrung aus Kunststoff. Dieses Original-Ersatzteil sorgt f\u00fcr sicheres Kabelmanagement und sorgt daf\u00fcr, dass Ihr Ger\u00e4t stets \u00fcbersichtlich und gesch\u00fctzt bleibt.<\/p>\n<p>Hauptmerkmale:<\/p>\n<p>\u2013 Original Dell-Ersatzteil: Sichern Sie sich Kompatibilit\u00e4t und Zuverl\u00e4ssigkeit mit einem Original-Ersatzteil.<\/p>\n<p>\u2013 Einfache Installation: R\u00fcsten Sie Ihr Ger\u00e4t m\u00fchelos auf \u2013 ganz ohne professionelle Hilfe.<\/p>\n<p>\u2013 Verbessertes Kabelmanagement: Sorgen Sie f\u00fcr Ordnung und Sicherheit Ihrer Kabel und reduzieren Sie so Verschlei\u00df.<\/p>\n<p>\u2013 Robuste Konstruktion: Robust f\u00fcr rauen Einsatz und Langlebigkeit.<\/p>\n<p>R\u00fcsten Sie Ihr Dell Latitude 14 7404 Rugged Extreme Laptop noch heute mit der originalen internen Kabelf\u00fchrung aus Kunststoff auf. Kaufen Sie mit Vertrauen in ein hochwertiges Ersatzteil f\u00fcr Ihr Ger\u00e4t. Bei Fragen oder f\u00fcr Hilfe kontaktieren Sie uns gerne. Wir helfen Ihnen gerne, die Funktionalit\u00e4t Ihres Ger\u00e4ts zu verbessern.<\/p>\n","protected":false},"excerpt":{"rendered":"<p>Werten Sie Ihr Dell Latitude 14 7404 Rugged Extreme mit dieser originalen internen Kabelf\u00fchrung aus Kunststoff auf. Einfach zu installieren und auf Langlebigkeit ausgelegt. Sorgen Sie f\u00fcr eine sichere Kabelf\u00fchrung in Ihrem robusten Laptop.<\/p>\n","protected":false},"featured_media":14018,"template":"","meta":[],"product_brand":[],"product_cat":[63],"product_tag":[53],"class_list":{"0":"post-13961","1":"product","2":"type-product","3":"status-publish","4":"has-post-thumbnail","6":"product_cat-motherboards-board-parts","7":"product_tag-dell","9":"first","10":"instock","11":"taxable","12":"shipping-taxable","13":"purchasable","14":"product-type-simple"},"_links":{"self":[{"href":"https:\/\/boreait.com\/de\/wp-json\/wp\/v2\/product\/13961","targetHints":{"allow":["GET"]}}],"collection":[{"href":"https:\/\/boreait.com\/de\/wp-json\/wp\/v2\/product"}],"about":[{"href":"https:\/\/boreait.com\/de\/wp-json\/wp\/v2\/types\/product"}],"wp:featuredmedia":[{"embeddable":true,"href":"https:\/\/boreait.com\/de\/wp-json\/wp\/v2\/media\/14018"}],"wp:attachment":[{"href":"https:\/\/boreait.com\/de\/wp-json\/wp\/v2\/media?parent=13961"}],"wp:term":[{"taxonomy":"product_brand","embeddable":true,"href":"https:\/\/boreait.com\/de\/wp-json\/wp\/v2\/product_brand?post=13961"},{"taxonomy":"product_cat","embeddable":true,"href":"https:\/\/boreait.com\/de\/wp-json\/wp\/v2\/product_cat?post=13961"},{"taxonomy":"product_tag","embeddable":true,"href":"https:\/\/boreait.com\/de\/wp-json\/wp\/v2\/product_tag?post=13961"}],"curies":[{"name":"wp","href":"https:\/\/api.w.org\/{rel}","templated":true}]}}