{"id":13959,"date":"2025-09-15T16:50:16","date_gmt":"2025-09-15T14:50:16","guid":{"rendered":"https:\/\/boreait.com\/de\/?post_type=product&#038;p=13959"},"modified":"2026-01-27T11:30:40","modified_gmt":"2026-01-27T10:30:40","slug":"original-dell-latitude-14-7404-rugged-extreme-rueckseite-kunststoffabdeckung-r-rechte-seite-2","status":"publish","type":"product","link":"https:\/\/boreait.com\/de\/produkt\/original-dell-latitude-14-7404-rugged-extreme-rueckseite-kunststoffabdeckung-r-rechte-seite-2\/","title":{"rendered":"Original Dell Latitude 14 7404 Rugged Extreme R\u00fcckseite Kunststoffabdeckung R rechte Seite"},"content":{"rendered":"<p>Verbessern Sie die Haltbarkeit und das Erscheinungsbild Ihres Dell Latitude 14 7404 Rugged Extreme Laptops mit der Original-Kunststoffabdeckung f\u00fcr die rechte Seite. Dieses Original-Ersatzteil ist perfekt kompatibel und robust genug f\u00fcr den harten Einsatz. Es sch\u00fctzt Ihr Notebook und sieht dabei gro\u00dfartig aus.<\/p>\n<p>Hauptmerkmale:<\/p>\n<p>\u2013 Original Dell-Ersatzteil: Sichern Sie sich Kompatibilit\u00e4t und Zuverl\u00e4ssigkeit mit einem Original-Ersatzteil.<\/p>\n<p>\u2013 Einfache Installation: R\u00fcsten Sie Ihr Ger\u00e4t m\u00fchelos auf.<\/p>\n<p>\u2013 Verbesserte Haltbarkeit: Sch\u00fctzen Sie Ihr Notebook mit einer Abdeckung, die extremen Bedingungen standh\u00e4lt.<\/p>\n<p>\u2013 Perfekte Passform: Speziell f\u00fcr das Dell Latitude 14 7404 Rugged Extreme entwickelt, garantiert es eine nahtlose Passform.<\/p>\n<p>R\u00fcsten Sie Ihr Dell Latitude 14 7404 Rugged Extreme Laptop noch heute mit der Original-Kunststoffabdeckung f\u00fcr die rechte Seite auf. Kaufen Sie mit Vertrauen in ein hochwertiges Ersatzteil f\u00fcr Ihr Ger\u00e4t. Bei Fragen oder f\u00fcr Hilfe kontaktieren Sie uns gerne. Wir helfen Ihnen, die Funktionalit\u00e4t und Haltbarkeit Ihres Ger\u00e4ts zu verbessern.<\/p>\n","protected":false},"excerpt":{"rendered":"<p>R\u00fcsten Sie Ihr Dell Latitude 14 7404 Rugged Extreme mit dieser originalen Kunststoff-R\u00fcckabdeckung f\u00fcr die rechte Seite auf. Einfach zu installieren und perfekt kompatibel. Verbessern Sie noch heute die Haltbarkeit und Optik Ihres Laptops!<\/p>\n","protected":false},"featured_media":14016,"template":"","meta":[],"product_brand":[],"product_cat":[52],"product_tag":[53],"class_list":{"0":"post-13959","1":"product","2":"type-product","3":"status-publish","4":"has-post-thumbnail","6":"product_cat-laptop-housing","7":"product_tag-dell","9":"first","10":"instock","11":"taxable","12":"shipping-taxable","13":"purchasable","14":"product-type-simple"},"_links":{"self":[{"href":"https:\/\/boreait.com\/de\/wp-json\/wp\/v2\/product\/13959","targetHints":{"allow":["GET"]}}],"collection":[{"href":"https:\/\/boreait.com\/de\/wp-json\/wp\/v2\/product"}],"about":[{"href":"https:\/\/boreait.com\/de\/wp-json\/wp\/v2\/types\/product"}],"wp:featuredmedia":[{"embeddable":true,"href":"https:\/\/boreait.com\/de\/wp-json\/wp\/v2\/media\/14016"}],"wp:attachment":[{"href":"https:\/\/boreait.com\/de\/wp-json\/wp\/v2\/media?parent=13959"}],"wp:term":[{"taxonomy":"product_brand","embeddable":true,"href":"https:\/\/boreait.com\/de\/wp-json\/wp\/v2\/product_brand?post=13959"},{"taxonomy":"product_cat","embeddable":true,"href":"https:\/\/boreait.com\/de\/wp-json\/wp\/v2\/product_cat?post=13959"},{"taxonomy":"product_tag","embeddable":true,"href":"https:\/\/boreait.com\/de\/wp-json\/wp\/v2\/product_tag?post=13959"}],"curies":[{"name":"wp","href":"https:\/\/api.w.org\/{rel}","templated":true}]}}