{"id":13945,"date":"2025-09-15T16:49:46","date_gmt":"2025-09-15T14:49:46","guid":{"rendered":"https:\/\/boreait.com\/de\/?post_type=product&#038;p=13945"},"modified":"2026-01-27T11:29:38","modified_gmt":"2026-01-27T10:29:38","slug":"original-ibm-lenovo-t60-maustasten-touchpad-39t7208-39t7210","status":"publish","type":"product","link":"https:\/\/boreait.com\/de\/produkt\/original-ibm-lenovo-t60-maustasten-touchpad-39t7208-39t7210\/","title":{"rendered":"Original IBM Lenovo T60 Maustasten Touchpad 39T7208 39T7210"},"content":{"rendered":"<p>Verbessern Sie die Benutzerfreundlichkeit Ihres IBM Lenovo T60 Laptops mit dem Original-Maustasten-Touchpad, kompatibel mit den Teilenummern 39T7208 und 39T7210. Diese Original-Ersatzteile sind auf Langlebigkeit und Kompatibilit\u00e4t ausgelegt und gew\u00e4hrleisten zuverl\u00e4ssige Leistung und einfache Installation.<\/p>\n<p>Hauptmerkmale:<\/p>\n<p>\u2013 Original IBM Lenovo Ersatz: Gew\u00e4hrleisten Sie Kompatibilit\u00e4t und Zuverl\u00e4ssigkeit mit Original-Ersatzteilen.<\/p>\n<p>\u2013 Einfache Installation: R\u00fcsten Sie das Touchpad Ihres Laptops m\u00fchelos auf.<\/p>\n<p>\u2013 Verbesserte Benutzerfreundlichkeit: Verbessern Sie die Funktionalit\u00e4t Ihres Laptops mit reaktionsschnellen Maustasten.<\/p>\n<p>\u2013 Robuste Konstruktion: F\u00fcr den t\u00e4glichen Gebrauch konzipiert, gew\u00e4hrleistet Langlebigkeit und Zuverl\u00e4ssigkeit.<\/p>\n<p>R\u00fcsten Sie Ihren IBM Lenovo T60 Laptop noch heute mit dem Original-Maustasten-Touchpad auf. Kaufen Sie mit Vertrauen in die Gewissheit, in hochwertige Ersatzteile f\u00fcr Ihr Ger\u00e4t zu investieren. Bei Fragen oder f\u00fcr Hilfe kontaktieren Sie uns gerne. Wir helfen Ihnen gerne, die Benutzerfreundlichkeit Ihres Laptops zu verbessern.<\/p>\n","protected":false},"excerpt":{"rendered":"<p>R\u00fcsten Sie das Touchpad Ihres IBM Lenovo T60 mit diesem Original-Touchpad mit Maustasten auf. Einfach zu installieren und kompatibel mit den Teilenummern 39T7208 und 39T7210. Verbessern Sie noch heute die Benutzerfreundlichkeit Ihres Laptops!<\/p>\n","protected":false},"featured_media":13998,"template":"","meta":[],"product_brand":[],"product_cat":[78],"product_tag":[62],"class_list":{"0":"post-13945","1":"product","2":"type-product","3":"status-publish","4":"has-post-thumbnail","6":"product_cat-laptop-touchpads","7":"product_tag-lenovo","9":"first","10":"instock","11":"taxable","12":"shipping-taxable","13":"purchasable","14":"product-type-simple"},"_links":{"self":[{"href":"https:\/\/boreait.com\/de\/wp-json\/wp\/v2\/product\/13945","targetHints":{"allow":["GET"]}}],"collection":[{"href":"https:\/\/boreait.com\/de\/wp-json\/wp\/v2\/product"}],"about":[{"href":"https:\/\/boreait.com\/de\/wp-json\/wp\/v2\/types\/product"}],"wp:featuredmedia":[{"embeddable":true,"href":"https:\/\/boreait.com\/de\/wp-json\/wp\/v2\/media\/13998"}],"wp:attachment":[{"href":"https:\/\/boreait.com\/de\/wp-json\/wp\/v2\/media?parent=13945"}],"wp:term":[{"taxonomy":"product_brand","embeddable":true,"href":"https:\/\/boreait.com\/de\/wp-json\/wp\/v2\/product_brand?post=13945"},{"taxonomy":"product_cat","embeddable":true,"href":"https:\/\/boreait.com\/de\/wp-json\/wp\/v2\/product_cat?post=13945"},{"taxonomy":"product_tag","embeddable":true,"href":"https:\/\/boreait.com\/de\/wp-json\/wp\/v2\/product_tag?post=13945"}],"curies":[{"name":"wp","href":"https:\/\/api.w.org\/{rel}","templated":true}]}}