{"id":13941,"date":"2025-09-15T16:49:45","date_gmt":"2025-09-15T14:49:45","guid":{"rendered":"https:\/\/boreait.com\/de\/?post_type=product&#038;p=13941"},"modified":"2026-01-27T11:28:00","modified_gmt":"2026-01-27T10:28:00","slug":"original-lenovo-thinkpad-x230-x230i-webkamera-kit-set","status":"publish","type":"product","link":"https:\/\/boreait.com\/de\/produkt\/original-lenovo-thinkpad-x230-x230i-webkamera-kit-set\/","title":{"rendered":"Original Lenovo ThinkPad X230 X230i Webkamera-Kit-Set"},"content":{"rendered":"<p>Verbessern Sie die Videofunktionen Ihres Lenovo ThinkPad X230 oder X230i mit dem Original-Webcam-Kit. Dieses Original-Ersatzteil wurde f\u00fcr eine nahtlose Integration entwickelt und bietet hervorragende Videoqualit\u00e4t f\u00fcr alle Ihre Konferenz- und Kommunikationsanforderungen.<\/p>\n<p>Hauptmerkmale:<\/p>\n<p>\u2013 Original Lenovo Ersatzteil: Sichern Sie sich Kompatibilit\u00e4t und Zuverl\u00e4ssigkeit mit einem Original-Ersatzteil.<\/p>\n<p>\u2013 Einfache Installation: R\u00fcsten Sie Ihr Notebook m\u00fchelos auf.<\/p>\n<p>\u2013 \u00dcberragende Videoqualit\u00e4t: Genie\u00dfen Sie klare und scharfe Videos f\u00fcr alle Ihre Videokonferenz- und Kommunikationsanforderungen.<\/p>\n<p>\u2013 Kompatibilit\u00e4t: Speziell f\u00fcr die Modelle Lenovo ThinkPad X230 und X230i entwickelt.<\/p>\n<p>Steigern Sie die Leistung Ihres Notebooks:<\/p>\n<p>Erleben Sie verbesserte Videoqualit\u00e4t und verbesserte Funktionalit\u00e4t durch ein Upgrade der Webcam Ihres Notebooks. Ob f\u00fcr professionelle Videokonferenzen oder lockere Videochats \u2013 dieses Kamera-Kit sorgt daf\u00fcr, dass Sie klar und deutlich gesehen werden.<\/p>\n<p>Einfache Installation:<\/p>\n<p>Dank der benutzerfreundlichen Installation ist das Upgrade Ihrer Notebook-Webcam jetzt ganz einfach. Verbessern Sie die Videofunktionen Ihres Ger\u00e4ts mit diesem Original Lenovo Webcam-Kit.<\/p>\n<p>Qualit\u00e4tssicherung:<\/p>\n<p>Sie k\u00f6nnen sicher sein, dass Sie in ein hochwertiges Original Lenovo-Ersatzteil investieren. Alle unsere Produkte werden strengen Tests unterzogen, um hohe Leistungs- und Zuverl\u00e4ssigkeitsstandards zu erf\u00fcllen. Jeder Kauf enth\u00e4lt Fotos der Teile, die Sie erhalten.<\/p>\n<p>R\u00fcsten Sie Ihr Lenovo ThinkPad X230 oder X230i noch heute mit dem Original Lenovo Webcam-Kit auf. Kaufen Sie mit Vertrauen und wissen Sie, dass Sie in ein hochwertiges Ersatzteil f\u00fcr Ihr Notebook investieren. Bei Fragen oder f\u00fcr weitere Unterst\u00fctzung kontaktieren Sie uns gerne. Wir helfen Ihnen gerne, die Videofunktionen Ihres Notebooks zu verbessern.<\/p>\n","protected":false},"excerpt":{"rendered":"<p>R\u00fcsten Sie Ihr Lenovo ThinkPad X230 oder X230i mit diesem originalen Webcam-Set auf. Es ist einfach zu installieren und sorgt f\u00fcr klare Videoqualit\u00e4t bei Videokonferenzen. Erweitern Sie noch heute die Funktionalit\u00e4t Ihres Laptops!<\/p>\n","protected":false},"featured_media":13993,"template":"","meta":[],"product_brand":[],"product_cat":[63],"product_tag":[62],"class_list":{"0":"post-13941","1":"product","2":"type-product","3":"status-publish","4":"has-post-thumbnail","6":"product_cat-motherboards-board-parts","7":"product_tag-lenovo","9":"first","10":"instock","11":"taxable","12":"shipping-taxable","13":"purchasable","14":"product-type-simple"},"_links":{"self":[{"href":"https:\/\/boreait.com\/de\/wp-json\/wp\/v2\/product\/13941","targetHints":{"allow":["GET"]}}],"collection":[{"href":"https:\/\/boreait.com\/de\/wp-json\/wp\/v2\/product"}],"about":[{"href":"https:\/\/boreait.com\/de\/wp-json\/wp\/v2\/types\/product"}],"wp:featuredmedia":[{"embeddable":true,"href":"https:\/\/boreait.com\/de\/wp-json\/wp\/v2\/media\/13993"}],"wp:attachment":[{"href":"https:\/\/boreait.com\/de\/wp-json\/wp\/v2\/media?parent=13941"}],"wp:term":[{"taxonomy":"product_brand","embeddable":true,"href":"https:\/\/boreait.com\/de\/wp-json\/wp\/v2\/product_brand?post=13941"},{"taxonomy":"product_cat","embeddable":true,"href":"https:\/\/boreait.com\/de\/wp-json\/wp\/v2\/product_cat?post=13941"},{"taxonomy":"product_tag","embeddable":true,"href":"https:\/\/boreait.com\/de\/wp-json\/wp\/v2\/product_tag?post=13941"}],"curies":[{"name":"wp","href":"https:\/\/api.w.org\/{rel}","templated":true}]}}