{"id":13898,"date":"2025-09-15T16:48:54","date_gmt":"2025-09-15T14:48:54","guid":{"rendered":"https:\/\/boreait.com\/de\/?post_type=product&#038;p=13898"},"modified":"2026-01-27T11:16:02","modified_gmt":"2026-01-27T10:16:02","slug":"original-dell-latitude-e7470-laptop-lcd-scharniere-links-und-rechts-mrh5g-32hfd","status":"publish","type":"product","link":"https:\/\/boreait.com\/de\/produkt\/original-dell-latitude-e7470-laptop-lcd-scharniere-links-und-rechts-mrh5g-32hfd\/","title":{"rendered":"Original Dell Latitude E7470 Laptop LCD-Scharniere links und rechts MRH5G 32HFD"},"content":{"rendered":"<p>Verbessern Sie die Displayfunktionalit\u00e4t Ihres Dell Latitude E7470 Laptops mit diesen originalen linken und rechten LCD-Scharnieren, kompatibel mit den Teilenummern MRH5G und 32HFD. Diese Original-Ersatzteile sind auf Langlebigkeit und Kompatibilit\u00e4t ausgelegt und gew\u00e4hrleisten zuverl\u00e4ssige Leistung und einfache Installation.<\/p>\n<p>Hauptmerkmale:<\/p>\n<p>\u2013 Original Dell-Ersatz: Gew\u00e4hrleisten Sie Kompatibilit\u00e4t und Zuverl\u00e4ssigkeit mit Original-Ersatzteilen.<\/p>\n<p>\u2013 Einfache Installation: R\u00fcsten Sie die Displayscharniere Ihres Laptops m\u00fchelos auf.<\/p>\n<p>\u2013 Verbesserte Displayfunktionalit\u00e4t: Verbessern Sie die Stabilit\u00e4t und Einstellbarkeit Ihres Laptops f\u00fcr eine verbesserte Benutzerfreundlichkeit.<\/p>\n<p>\u2013 Robuste Konstruktion: Robust und langlebig.<\/p>\n<p>R\u00fcsten Sie Ihr Dell Latitude E7470 Laptop noch heute mit den originalen linken und rechten LCD-Scharnieren auf. Kaufen Sie mit Vertrauen in die Gewissheit, in hochwertige Ersatzteile f\u00fcr Ihr Ger\u00e4t zu investieren. Bei Fragen oder f\u00fcr Hilfe kontaktieren Sie uns gerne. Wir helfen Ihnen gerne, die Displayfunktionalit\u00e4t Ihres Laptops zu verbessern.<\/p>\n","protected":false},"excerpt":{"rendered":"<p>R\u00fcsten Sie die Displayscharniere Ihres Dell Latitude E7470 mit diesen originalen linken und rechten LCD-Scharnieren auf. Einfach zu installieren und kompatibel mit den Teilenummern MRH5G und 32HFD. Verbessern Sie noch heute die Displayfunktionalit\u00e4t Ihres Laptops!<\/p>\n","protected":false},"featured_media":13954,"template":"","meta":[],"product_brand":[],"product_cat":[55],"product_tag":[53],"class_list":{"0":"post-13898","1":"product","2":"type-product","3":"status-publish","4":"has-post-thumbnail","6":"product_cat-screen-hinge","7":"product_tag-dell","9":"first","10":"instock","11":"taxable","12":"shipping-taxable","13":"purchasable","14":"product-type-simple"},"_links":{"self":[{"href":"https:\/\/boreait.com\/de\/wp-json\/wp\/v2\/product\/13898","targetHints":{"allow":["GET"]}}],"collection":[{"href":"https:\/\/boreait.com\/de\/wp-json\/wp\/v2\/product"}],"about":[{"href":"https:\/\/boreait.com\/de\/wp-json\/wp\/v2\/types\/product"}],"wp:featuredmedia":[{"embeddable":true,"href":"https:\/\/boreait.com\/de\/wp-json\/wp\/v2\/media\/13954"}],"wp:attachment":[{"href":"https:\/\/boreait.com\/de\/wp-json\/wp\/v2\/media?parent=13898"}],"wp:term":[{"taxonomy":"product_brand","embeddable":true,"href":"https:\/\/boreait.com\/de\/wp-json\/wp\/v2\/product_brand?post=13898"},{"taxonomy":"product_cat","embeddable":true,"href":"https:\/\/boreait.com\/de\/wp-json\/wp\/v2\/product_cat?post=13898"},{"taxonomy":"product_tag","embeddable":true,"href":"https:\/\/boreait.com\/de\/wp-json\/wp\/v2\/product_tag?post=13898"}],"curies":[{"name":"wp","href":"https:\/\/api.w.org\/{rel}","templated":true}]}}