{"id":13895,"date":"2025-09-15T16:48:53","date_gmt":"2025-09-15T14:48:53","guid":{"rendered":"https:\/\/boreait.com\/de\/?post_type=product&#038;p=13895"},"modified":"2025-09-16T12:56:16","modified_gmt":"2025-09-16T10:56:16","slug":"0y4wd7-original-dell-latitude-7470-handauflage-touchpad-nie05-y4wd7","status":"publish","type":"product","link":"https:\/\/boreait.com\/de\/produkt\/0y4wd7-original-dell-latitude-7470-handauflage-touchpad-nie05-y4wd7\/","title":{"rendered":"0Y4WD7 ORIGINAL DELL LATITUDE 7470 HANDAUFLAGE TOUCHPAD -NIE05- Y4WD7"},"content":{"rendered":"<p>Verbessern Sie die Benutzerfreundlichkeit Ihres Dell Latitude 7470 Laptops mit dem Original-Handballenauflage-Touchpad (Teilenummer -NIE05- Y4WD7). Dieses Original-Ersatzteil ist auf Langlebigkeit und Kompatibilit\u00e4t ausgelegt und gew\u00e4hrleistet pr\u00e4zise Touchpad-Funktionalit\u00e4t und eine einfache Installation.<\/p>\n<p>Hauptmerkmale:<\/p>\n<p>\u2013 Original Dell-Ersatzteil: Sichern Sie sich Kompatibilit\u00e4t und Zuverl\u00e4ssigkeit mit einem Original-Ersatzteil.<\/p>\n<p>\u2013 Einfache Installation: R\u00fcsten Sie Ihr Touchpad m\u00fchelos auf.<\/p>\n<p>\u2013 Verbesserte Benutzerfreundlichkeit: Verbessern Sie die Benutzerfreundlichkeit Ihres Laptops mit einem pr\u00e4zisen Touchpad-Ersatzteil.<\/p>\n<p>\u2013 Robuste Konstruktion: F\u00fcr den t\u00e4glichen Gebrauch konzipiert, gew\u00e4hrleistet Langlebigkeit und Zuverl\u00e4ssigkeit.<\/p>\n<p>R\u00fcsten Sie Ihr Dell Latitude 7470 Laptop noch heute mit dem Original-Handballenauflage-Touchpad auf. Kaufen Sie mit Vertrauen in ein hochwertiges Ersatzteil f\u00fcr Ihr Ger\u00e4t. Bei Fragen oder f\u00fcr Hilfe kontaktieren Sie uns gerne. Wir helfen Ihnen gerne, die Funktionalit\u00e4t Ihres Ger\u00e4ts zu verbessern.<\/p>\n","protected":false},"excerpt":{"rendered":"<p>R\u00fcsten Sie das Touchpad Ihres Dell Latitude 7470 mit diesem originalen Handballenauflage-Touchpad auf. Einfach zu installieren und kompatibel mit Teilenummer -NIE05- Y4WD7. Verbessern Sie noch heute die Benutzerfreundlichkeit Ihres Laptops!<\/p>\n","protected":false},"featured_media":13949,"template":"","meta":[],"product_brand":[],"product_cat":[52],"product_tag":[53],"class_list":{"0":"post-13895","1":"product","2":"type-product","3":"status-publish","4":"has-post-thumbnail","6":"product_cat-laptop-housing","7":"product_tag-dell","9":"first","10":"instock","11":"taxable","12":"shipping-taxable","13":"purchasable","14":"product-type-simple"},"_links":{"self":[{"href":"https:\/\/boreait.com\/de\/wp-json\/wp\/v2\/product\/13895","targetHints":{"allow":["GET"]}}],"collection":[{"href":"https:\/\/boreait.com\/de\/wp-json\/wp\/v2\/product"}],"about":[{"href":"https:\/\/boreait.com\/de\/wp-json\/wp\/v2\/types\/product"}],"wp:featuredmedia":[{"embeddable":true,"href":"https:\/\/boreait.com\/de\/wp-json\/wp\/v2\/media\/13949"}],"wp:attachment":[{"href":"https:\/\/boreait.com\/de\/wp-json\/wp\/v2\/media?parent=13895"}],"wp:term":[{"taxonomy":"product_brand","embeddable":true,"href":"https:\/\/boreait.com\/de\/wp-json\/wp\/v2\/product_brand?post=13895"},{"taxonomy":"product_cat","embeddable":true,"href":"https:\/\/boreait.com\/de\/wp-json\/wp\/v2\/product_cat?post=13895"},{"taxonomy":"product_tag","embeddable":true,"href":"https:\/\/boreait.com\/de\/wp-json\/wp\/v2\/product_tag?post=13895"}],"curies":[{"name":"wp","href":"https:\/\/api.w.org\/{rel}","templated":true}]}}