{"id":13856,"date":"2025-09-15T16:48:00","date_gmt":"2025-09-15T14:48:00","guid":{"rendered":"https:\/\/boreait.com\/de\/?post_type=product&#038;p=13856"},"modified":"2026-03-29T22:20:13","modified_gmt":"2026-03-29T20:20:13","slug":"hynix-1x4gb-4gb-hmt351s6cfr8c-h9-ddr3-4gb-2rx8-pc3-10600s-laptop-ram-speicher-2","status":"publish","type":"product","link":"https:\/\/boreait.com\/de\/produkt\/hynix-1x4gb-4gb-hmt351s6cfr8c-h9-ddr3-4gb-2rx8-pc3-10600s-laptop-ram-speicher-2\/","title":{"rendered":"HYNIX 1X4GB 4GB HMT351S6CFR8C-H9 DDR3 4GB 2Rx8 PC3 10600S Laptop-RAM-Speicher"},"content":{"rendered":"<p>Steigern Sie die Leistung Ihres Laptops mit dem HYNIX 4 GB DDR3 Laptop-RAM-Speichermodul. Dieses Speichermodul ist mit verschiedenen Laptop-Modellen kompatibel und bietet eine nahtlose Installation sowie zuverl\u00e4ssige Leistung.<\/p>\n<p>Hauptmerkmale:<\/p>\n<p>\u2013 Kapazit\u00e4t: 4 GB<\/p>\n<p>\u2013 Typ: DDR3<\/p>\n<p>\u2013 Geschwindigkeit: PC3-10600S<\/p>\n<p>\u2013 Teilenummer: HMT351S6CFR8C-H9<\/p>\n<p>\u2013 Formfaktor: SODIMM<\/p>\n<p>\u2013 Kompatibilit\u00e4t: Getestet f\u00fcr eine Vielzahl von Laptop-Modellen<\/p>\n<p>\u2013 Originalteile von HYNIX: Garantiert Zuverl\u00e4ssigkeit und Leistung<\/p>\n<p>Steigern Sie die Leistung Ihres Laptops:<\/p>\n<p>Erleben Sie verbesserte Multitasking-F\u00e4higkeiten und einen reibungsloseren Betrieb durch ein Upgrade des Arbeitsspeichers Ihres Laptops. Egal, ob Sie professionell mit ressourcenintensiven Aufgaben arbeiten oder als Gelegenheitsnutzer eine Leistungssteigerung w\u00fcnschen \u2013 dieses HYNIX-Speichermodul ist die zuverl\u00e4ssige Wahl.<\/p>\n<p>Einfache Installation:<\/p>\n<p>Dank der benutzerfreundlichen Installation ist die Aufr\u00fcstung Ihres Laptop-Speichers jetzt ganz einfach. Steigern Sie die Geschwindigkeit und Reaktionsf\u00e4higkeit Ihres Ger\u00e4ts mit diesem DDR3-Speichermodul.<\/p>\n<p>Qualit\u00e4tssicherung:<\/p>\n<p>Sie k\u00f6nnen sich darauf verlassen, in echte HYNIX-Technologie zu investieren. Alle unsere Produkte werden strengen Tests unterzogen, um hohe Qualit\u00e4tsstandards zu erf\u00fcllen. Jeder Kauf enth\u00e4lt Fotos der genauen Teile, die Sie erhalten.<\/p>\n<p>R\u00fcsten Sie Ihren Laptop noch heute mit dem HYNIX 4 GB DDR3 Laptop-RAM-Speicher auf \u2013 eine clevere Investition f\u00fcr mehr Leistung und Effizienz. Bei Fragen oder Unterst\u00fctzung schreiben Sie uns gerne. Wir helfen Ihnen gerne, Ihr Computererlebnis zu verbessern.<\/p>\n","protected":false},"excerpt":{"rendered":"<p>Erweitern Sie den Arbeitsspeicher Ihres Laptops mit diesem HYNIX 4 GB DDR3 RAM-Modul. Dieses Speichermodul wurde f\u00fcr nahtlose Kompatibilit\u00e4t und optimale Leistung entwickelt und ist eine zuverl\u00e4ssige Wahl zur Verbesserung der Multitasking-F\u00e4higkeiten Ihres Ger\u00e4ts. R\u00fcsten Sie den Arbeitsspeicher Ihres Laptops noch heute auf!<\/p>\n","protected":false},"featured_media":13915,"template":"","meta":[],"product_brand":[],"product_cat":[73,72],"product_tag":[],"class_list":{"0":"post-13856","1":"product","2":"type-product","3":"status-publish","4":"has-post-thumbnail","6":"product_cat-ddr3-ddr3l","7":"product_cat-ram-memory","9":"first","10":"instock","11":"taxable","12":"shipping-taxable","13":"purchasable","14":"product-type-simple"},"_links":{"self":[{"href":"https:\/\/boreait.com\/de\/wp-json\/wp\/v2\/product\/13856","targetHints":{"allow":["GET"]}}],"collection":[{"href":"https:\/\/boreait.com\/de\/wp-json\/wp\/v2\/product"}],"about":[{"href":"https:\/\/boreait.com\/de\/wp-json\/wp\/v2\/types\/product"}],"wp:featuredmedia":[{"embeddable":true,"href":"https:\/\/boreait.com\/de\/wp-json\/wp\/v2\/media\/13915"}],"wp:attachment":[{"href":"https:\/\/boreait.com\/de\/wp-json\/wp\/v2\/media?parent=13856"}],"wp:term":[{"taxonomy":"product_brand","embeddable":true,"href":"https:\/\/boreait.com\/de\/wp-json\/wp\/v2\/product_brand?post=13856"},{"taxonomy":"product_cat","embeddable":true,"href":"https:\/\/boreait.com\/de\/wp-json\/wp\/v2\/product_cat?post=13856"},{"taxonomy":"product_tag","embeddable":true,"href":"https:\/\/boreait.com\/de\/wp-json\/wp\/v2\/product_tag?post=13856"}],"curies":[{"name":"wp","href":"https:\/\/api.w.org\/{rel}","templated":true}]}}