{"id":13854,"date":"2025-09-15T16:48:00","date_gmt":"2025-09-15T14:48:00","guid":{"rendered":"https:\/\/boreait.com\/de\/?post_type=product&#038;p=13854"},"modified":"2025-09-16T12:56:13","modified_gmt":"2025-09-16T10:56:13","slug":"original-lenovo-thinkpad-t430s-fingerabdruckleserplatine-48-4qe17-011","status":"publish","type":"product","link":"https:\/\/boreait.com\/de\/produkt\/original-lenovo-thinkpad-t430s-fingerabdruckleserplatine-48-4qe17-011\/","title":{"rendered":"Original Lenovo ThinkPad T430s Fingerabdruckleserplatine 48.4QE17.011"},"content":{"rendered":"<p>Verbessern Sie die Sicherheitsfunktionen Ihres Lenovo ThinkPad T430s Laptops mit der Original-Fingerabdruckleser-Platine (Teilenummer 48.4QE17.011). Dieses Original-Ersatzteil ist auf Zuverl\u00e4ssigkeit und Kompatibilit\u00e4t ausgelegt und gew\u00e4hrleistet sicheren Zugriff und eine einfache Installation.<\/p>\n<p>Hauptmerkmale:<\/p>\n<p>\u2013 Original Lenovo Ersatzteil: Gew\u00e4hrleisten Sie Kompatibilit\u00e4t und Zuverl\u00e4ssigkeit mit einem Original-Ersatzteil.<\/p>\n<p>\u2013 Einfache Installation: Verbessern Sie die Sicherheit Ihres Ger\u00e4ts m\u00fchelos durch einfache Installation.<\/p>\n<p>\u2013 Verbesserte Sicherheitsfunktionen: Erh\u00f6hen Sie die Sicherheit Ihres Laptops mit biometrischer Authentifizierung.<\/p>\n<p>\u2013 Robuste Konstruktion: F\u00fcr den t\u00e4glichen Gebrauch konzipiert, gew\u00e4hrleistet Langlebigkeit und Zuverl\u00e4ssigkeit.<\/p>\n<p>R\u00fcsten Sie Ihr Lenovo ThinkPad T430s Laptop noch heute mit der Original-Fingerabdruckleser-Platine auf. Kaufen Sie mit Vertrauen in ein hochwertiges Ersatzteil f\u00fcr Ihr Ger\u00e4t. Bei Fragen oder f\u00fcr Hilfe kontaktieren Sie uns gerne. Wir helfen Ihnen gerne, die Sicherheitsfunktionen Ihres Ger\u00e4ts zu verbessern.<\/p>\n","protected":false},"excerpt":{"rendered":"<p>Verbessern Sie Ihr Lenovo ThinkPad T430s mit dieser originalen Fingerabdruck-Lesekarte. Einfach zu installieren und kompatibel mit Teilenummer 48.4QE17.011. Verbessern Sie noch heute die Sicherheit Ihres Ger\u00e4ts!<\/p>\n","protected":false},"featured_media":13913,"template":"","meta":[],"product_brand":[],"product_cat":[63],"product_tag":[62],"class_list":{"0":"post-13854","1":"product","2":"type-product","3":"status-publish","4":"has-post-thumbnail","6":"product_cat-motherboards-board-parts","7":"product_tag-lenovo","9":"first","10":"instock","11":"taxable","12":"shipping-taxable","13":"purchasable","14":"product-type-simple"},"_links":{"self":[{"href":"https:\/\/boreait.com\/de\/wp-json\/wp\/v2\/product\/13854","targetHints":{"allow":["GET"]}}],"collection":[{"href":"https:\/\/boreait.com\/de\/wp-json\/wp\/v2\/product"}],"about":[{"href":"https:\/\/boreait.com\/de\/wp-json\/wp\/v2\/types\/product"}],"wp:featuredmedia":[{"embeddable":true,"href":"https:\/\/boreait.com\/de\/wp-json\/wp\/v2\/media\/13913"}],"wp:attachment":[{"href":"https:\/\/boreait.com\/de\/wp-json\/wp\/v2\/media?parent=13854"}],"wp:term":[{"taxonomy":"product_brand","embeddable":true,"href":"https:\/\/boreait.com\/de\/wp-json\/wp\/v2\/product_brand?post=13854"},{"taxonomy":"product_cat","embeddable":true,"href":"https:\/\/boreait.com\/de\/wp-json\/wp\/v2\/product_cat?post=13854"},{"taxonomy":"product_tag","embeddable":true,"href":"https:\/\/boreait.com\/de\/wp-json\/wp\/v2\/product_tag?post=13854"}],"curies":[{"name":"wp","href":"https:\/\/api.w.org\/{rel}","templated":true}]}}