{"id":13835,"date":"2025-09-15T16:47:32","date_gmt":"2025-09-15T14:47:32","guid":{"rendered":"https:\/\/boreait.com\/de\/?post_type=product&#038;p=13835"},"modified":"2025-09-16T12:56:12","modified_gmt":"2025-09-16T10:56:12","slug":"original-lenovo-thinkpad-x230-touchpad-n1-4rapd-001-ersatzteil","status":"publish","type":"product","link":"https:\/\/boreait.com\/de\/produkt\/original-lenovo-thinkpad-x230-touchpad-n1-4rapd-001-ersatzteil\/","title":{"rendered":"Original Lenovo Thinkpad X230 Touchpad N1.4RAPD.001 &#8211; Ersatzteil"},"content":{"rendered":"<p>Verbessern Sie die Navigation Ihres Lenovo Thinkpad X230 Laptops mit dem Original-Touchpad N1.4RAPD.001. Dieses authentische Ersatzteil wurde f\u00fcr Pr\u00e4zision und Zuverl\u00e4ssigkeit entwickelt und gew\u00e4hrleistet eine reibungslose und reaktionsschnelle Touchpad-Funktionalit\u00e4t.<\/p>\n<p>Hauptmerkmale:<\/p>\n<p>\u2013 Original Lenovo Ersatzteil: Sichern Sie sich Kompatibilit\u00e4t und Zuverl\u00e4ssigkeit mit einem Original-Ersatzteil.<\/p>\n<p>\u2013 Einfache Installation: R\u00fcsten Sie das Touchpad Ihres Laptops m\u00fchelos auf.<\/p>\n<p>\u2013 Verbesserte Navigation: Erleben Sie eine reibungslose und reaktionsschnelle Touchpad-Navigation f\u00fcr verbesserte Benutzerfreundlichkeit.<\/p>\n<p>\u2013 Kompatibilit\u00e4t: Speziell f\u00fcr das Lenovo Thinkpad X230 entwickelt, garantiert es perfekte Passform und nahtlose Integration.<\/p>\n<p>R\u00fcsten Sie Ihr Lenovo Thinkpad X230 Laptop noch heute mit dem Original-Touchpad N1.4RAPD.001 auf. Kaufen Sie mit Vertrauen in ein hochwertiges Ersatzteil f\u00fcr Ihr Ger\u00e4t. Bei Fragen oder f\u00fcr Hilfe kontaktieren Sie uns gerne. Wir helfen Ihnen gerne, die Funktionalit\u00e4t Ihres Laptops zu verbessern.<\/p>\n","protected":false},"excerpt":{"rendered":"<p>R\u00fcsten Sie das Touchpad Ihres Lenovo Thinkpad X230 mit diesem Original-Touchpad N1.4RAPD.001 auf. Einfach zu installieren und kompatibel mit Ihrem Ger\u00e4t. Verbessern Sie noch heute das Navigationserlebnis Ihres Laptops!<\/p>\n","protected":false},"featured_media":13889,"template":"","meta":[],"product_brand":[],"product_cat":[52],"product_tag":[62],"class_list":{"0":"post-13835","1":"product","2":"type-product","3":"status-publish","4":"has-post-thumbnail","6":"product_cat-laptop-housing","7":"product_tag-lenovo","9":"first","10":"instock","11":"taxable","12":"shipping-taxable","13":"purchasable","14":"product-type-simple"},"_links":{"self":[{"href":"https:\/\/boreait.com\/de\/wp-json\/wp\/v2\/product\/13835","targetHints":{"allow":["GET"]}}],"collection":[{"href":"https:\/\/boreait.com\/de\/wp-json\/wp\/v2\/product"}],"about":[{"href":"https:\/\/boreait.com\/de\/wp-json\/wp\/v2\/types\/product"}],"wp:featuredmedia":[{"embeddable":true,"href":"https:\/\/boreait.com\/de\/wp-json\/wp\/v2\/media\/13889"}],"wp:attachment":[{"href":"https:\/\/boreait.com\/de\/wp-json\/wp\/v2\/media?parent=13835"}],"wp:term":[{"taxonomy":"product_brand","embeddable":true,"href":"https:\/\/boreait.com\/de\/wp-json\/wp\/v2\/product_brand?post=13835"},{"taxonomy":"product_cat","embeddable":true,"href":"https:\/\/boreait.com\/de\/wp-json\/wp\/v2\/product_cat?post=13835"},{"taxonomy":"product_tag","embeddable":true,"href":"https:\/\/boreait.com\/de\/wp-json\/wp\/v2\/product_tag?post=13835"}],"curies":[{"name":"wp","href":"https:\/\/api.w.org\/{rel}","templated":true}]}}