{"id":13831,"date":"2025-09-15T16:47:32","date_gmt":"2025-09-15T14:47:32","guid":{"rendered":"https:\/\/boreait.com\/de\/?post_type=product&#038;p=13831"},"modified":"2025-09-16T12:56:12","modified_gmt":"2025-09-16T10:56:12","slug":"original-lenovo-thinkpad-t430s-t430si-t420si-t420s-lcd-videokabel-04w1686","status":"publish","type":"product","link":"https:\/\/boreait.com\/de\/produkt\/original-lenovo-thinkpad-t430s-t430si-t420si-t420s-lcd-videokabel-04w1686\/","title":{"rendered":"Original LENOVO THINKPAD T430S T430Si T420Si T420S LCD-VIDEOKABEL 04W1686"},"content":{"rendered":"<p>Verbessern Sie die Anzeigequalit\u00e4t Ihres Lenovo ThinkPad T430S\/T430Si\/T420Si\/T420S Laptops mit dem Original-LCD-Videokabel, Teilenummer 04W1686. Dieses Original-Ersatzteil ist auf Langlebigkeit und Kompatibilit\u00e4t ausgelegt und gew\u00e4hrleistet zuverl\u00e4ssige Leistung und einfache Installation.<\/p>\n<p>Hauptmerkmale:<\/p>\n<p>\u2013 Original Lenovo Ersatzteil: Sichern Sie sich Kompatibilit\u00e4t und Zuverl\u00e4ssigkeit mit einem Original-Ersatzteil.<\/p>\n<p>\u2013 Einfache Installation: R\u00fcsten Sie das Display Ihres Laptops m\u00fchelos auf.<\/p>\n<p>\u2013 Verbesserte Anzeigequalit\u00e4t: Verbessern Sie Ihr Seherlebnis mit einem hochwertigen LCD-Videokabel.<\/p>\n<p>\u2013 Robuste Konstruktion: Robust und langlebig f\u00fcr lange Lebensdauer und Zuverl\u00e4ssigkeit.<\/p>\n<p>R\u00fcsten Sie Ihr Lenovo ThinkPad T430S\/T430Si\/T420Si\/T420S Laptop noch heute mit dem Original-LCD-Videokabel auf. Kaufen Sie mit Vertrauen in die Gewissheit, in ein hochwertiges Ersatzteil f\u00fcr Ihr Ger\u00e4t zu investieren. Wenn Sie Fragen haben oder Hilfe ben\u00f6tigen, z\u00f6gern Sie nicht, uns zu kontaktieren. Wir helfen Ihnen gerne, die Anzeigequalit\u00e4t Ihres Ger\u00e4ts zu verbessern.<\/p>\n","protected":false},"excerpt":{"rendered":"<p>R\u00fcsten Sie Ihr Lenovo ThinkPad T430S\/T430Si\/T420Si\/T420S mit diesem originalen LCD-Videokabel auf. Einfach zu installieren und kompatibel mit Teilenummer 04W1686. Verbessern Sie noch heute das Display Ihres Laptops!<\/p>\n","protected":false},"featured_media":13883,"template":"","meta":[],"product_brand":[],"product_cat":[56],"product_tag":[62],"class_list":{"0":"post-13831","1":"product","2":"type-product","3":"status-publish","4":"has-post-thumbnail","6":"product_cat-cables","7":"product_tag-lenovo","9":"first","10":"instock","11":"taxable","12":"shipping-taxable","13":"purchasable","14":"product-type-simple"},"_links":{"self":[{"href":"https:\/\/boreait.com\/de\/wp-json\/wp\/v2\/product\/13831","targetHints":{"allow":["GET"]}}],"collection":[{"href":"https:\/\/boreait.com\/de\/wp-json\/wp\/v2\/product"}],"about":[{"href":"https:\/\/boreait.com\/de\/wp-json\/wp\/v2\/types\/product"}],"wp:featuredmedia":[{"embeddable":true,"href":"https:\/\/boreait.com\/de\/wp-json\/wp\/v2\/media\/13883"}],"wp:attachment":[{"href":"https:\/\/boreait.com\/de\/wp-json\/wp\/v2\/media?parent=13831"}],"wp:term":[{"taxonomy":"product_brand","embeddable":true,"href":"https:\/\/boreait.com\/de\/wp-json\/wp\/v2\/product_brand?post=13831"},{"taxonomy":"product_cat","embeddable":true,"href":"https:\/\/boreait.com\/de\/wp-json\/wp\/v2\/product_cat?post=13831"},{"taxonomy":"product_tag","embeddable":true,"href":"https:\/\/boreait.com\/de\/wp-json\/wp\/v2\/product_tag?post=13831"}],"curies":[{"name":"wp","href":"https:\/\/api.w.org\/{rel}","templated":true}]}}