{"id":13829,"date":"2025-09-15T16:47:31","date_gmt":"2025-09-15T14:47:31","guid":{"rendered":"https:\/\/boreait.com\/de\/?post_type=product&#038;p=13829"},"modified":"2026-01-27T11:11:59","modified_gmt":"2026-01-27T10:11:59","slug":"original-lenovo-thinkpad-t430s-hdd-festplattenanschlussplatine-pn-04w3996","status":"publish","type":"product","link":"https:\/\/boreait.com\/de\/produkt\/original-lenovo-thinkpad-t430s-hdd-festplattenanschlussplatine-pn-04w3996\/","title":{"rendered":"Original Lenovo ThinkPad T430S HDD-Festplattenanschlussplatine PN 04W3996"},"content":{"rendered":"<p>Erweitern Sie die Speicherkapazit\u00e4t Ihres Lenovo ThinkPad T430S Laptops mit der Original-HDD-Festplattenanschlussplatine (Teilenummer 04W3996). Dieses Original-Ersatzteil ist auf Kompatibilit\u00e4t und Zuverl\u00e4ssigkeit ausgelegt und gew\u00e4hrleistet zuverl\u00e4ssige Leistung und einfache Installation.<\/p>\n<p>Hauptmerkmale:<\/p>\n<p>\u2013 Original Lenovo Ersatzteil: Sichern Sie sich Kompatibilit\u00e4t und Zuverl\u00e4ssigkeit mit einem Original-Ersatzteil.<\/p>\n<p>\u2013 Einfache Installation: Erweitern Sie den Speicher Ihres Ger\u00e4ts m\u00fchelos durch einfache Installation.<\/p>\n<p>\u2013 Erweiterte Speicherkapazit\u00e4t: Erh\u00f6hen Sie die Speicherkapazit\u00e4t Ihres Laptops f\u00fcr verbesserte Funktionalit\u00e4t.<\/p>\n<p>\u2013 Robuste Konstruktion: Robust und langlebig.<\/p>\n<p>R\u00fcsten Sie Ihr Lenovo ThinkPad T430S Laptop noch heute mit der Original-HDD-Festplattenanschlussplatine auf. Kaufen Sie mit Vertrauen in ein hochwertiges Ersatzteil f\u00fcr Ihr Ger\u00e4t. Bei Fragen oder f\u00fcr Hilfe kontaktieren Sie uns gerne. Wir helfen Ihnen gerne, die Funktionalit\u00e4t Ihres Laptops zu verbessern.<\/p>\n","protected":false},"excerpt":{"rendered":"<p>R\u00fcsten Sie Ihr Lenovo ThinkPad T430S mit dieser originalen HDD-Festplattenanschlussplatine auf. Einfach zu installieren und kompatibel mit Teilenummer 04W3996. Erweitern Sie noch heute die Speicherkapazit\u00e4t Ihres Laptops!<\/p>\n","protected":false},"featured_media":13881,"template":"","meta":[],"product_brand":[],"product_cat":[63],"product_tag":[62],"class_list":{"0":"post-13829","1":"product","2":"type-product","3":"status-publish","4":"has-post-thumbnail","6":"product_cat-motherboards-board-parts","7":"product_tag-lenovo","9":"first","10":"instock","11":"taxable","12":"shipping-taxable","13":"purchasable","14":"product-type-simple"},"_links":{"self":[{"href":"https:\/\/boreait.com\/de\/wp-json\/wp\/v2\/product\/13829","targetHints":{"allow":["GET"]}}],"collection":[{"href":"https:\/\/boreait.com\/de\/wp-json\/wp\/v2\/product"}],"about":[{"href":"https:\/\/boreait.com\/de\/wp-json\/wp\/v2\/types\/product"}],"wp:featuredmedia":[{"embeddable":true,"href":"https:\/\/boreait.com\/de\/wp-json\/wp\/v2\/media\/13881"}],"wp:attachment":[{"href":"https:\/\/boreait.com\/de\/wp-json\/wp\/v2\/media?parent=13829"}],"wp:term":[{"taxonomy":"product_brand","embeddable":true,"href":"https:\/\/boreait.com\/de\/wp-json\/wp\/v2\/product_brand?post=13829"},{"taxonomy":"product_cat","embeddable":true,"href":"https:\/\/boreait.com\/de\/wp-json\/wp\/v2\/product_cat?post=13829"},{"taxonomy":"product_tag","embeddable":true,"href":"https:\/\/boreait.com\/de\/wp-json\/wp\/v2\/product_tag?post=13829"}],"curies":[{"name":"wp","href":"https:\/\/api.w.org\/{rel}","templated":true}]}}