{"id":13802,"date":"2025-09-15T16:47:01","date_gmt":"2025-09-15T14:47:01","guid":{"rendered":"https:\/\/boreait.com\/de\/?post_type=product&#038;p=13802"},"modified":"2025-09-16T12:56:10","modified_gmt":"2025-09-16T10:56:10","slug":"original-dell-latitude-12-rugged-extreme-7204-7214-netzschalterplatine-iva01-j8tn1","status":"publish","type":"product","link":"https:\/\/boreait.com\/de\/produkt\/original-dell-latitude-12-rugged-extreme-7204-7214-netzschalterplatine-iva01-j8tn1\/","title":{"rendered":"Original Dell Latitude 12 Rugged Extreme 7204 7214 Netzschalterplatine IVA01 J8TN1"},"content":{"rendered":"<p>Verbessern Sie die Funktionalit\u00e4t Ihres Dell Latitude 12 Rugged Extreme 7204\/7214 mit der Original-Netzschalterplatine (Teilenummer IVA01 J8TN1). Dieses Original-Ersatzteil ist auf Langlebigkeit und Kompatibilit\u00e4t ausgelegt und gew\u00e4hrleistet zuverl\u00e4ssige Leistung und einfache Installation.<\/p>\n<p>Hauptmerkmale:<\/p>\n<p>\u2013 Original Dell-Ersatzteil: Sichern Sie sich Kompatibilit\u00e4t und Zuverl\u00e4ssigkeit mit einem Original-Ersatzteil.<\/p>\n<p>\u2013 Einfache Installation: R\u00fcsten Sie den Netzschalter Ihres Ger\u00e4ts m\u00fchelos auf.<\/p>\n<p>\u2013 Verbesserte Funktionalit\u00e4t: Verbessern Sie die Funktionalit\u00e4t Ihres Laptops f\u00fcr einen reibungslosen Betrieb.<\/p>\n<p>\u2013 Robuste Konstruktion: F\u00fcr rauen Einsatz konzipiert, gew\u00e4hrleistet Langlebigkeit und Zuverl\u00e4ssigkeit.<\/p>\n<p>R\u00fcsten Sie Ihr Dell Latitude 12 Rugged Extreme 7204\/7214 noch heute mit der Original-Netzschalterplatine auf. Kaufen Sie mit Vertrauen in ein hochwertiges Ersatzteil f\u00fcr Ihr Ger\u00e4t. Bei Fragen oder f\u00fcr Hilfe kontaktieren Sie uns gerne. Wir sind hier, um Ihnen dabei zu helfen, die Funktionalit\u00e4t Ihres Ger\u00e4ts zu verbessern.<\/p>\n","protected":false},"excerpt":{"rendered":"<p>Verbessern Sie die Power-Button-Funktionalit\u00e4t Ihres Dell Latitude 7204 mit dieser originalen Power-Button-Platine. Einfach zu installieren und kompatibel mit Teilenummer 7204PWRBD. Verbessern Sie noch heute das Energiemanagement Ihres Ger\u00e4ts!<\/p>\n","protected":false},"featured_media":13860,"template":"","meta":[],"product_brand":[],"product_cat":[63],"product_tag":[],"class_list":{"0":"post-13802","1":"product","2":"type-product","3":"status-publish","4":"has-post-thumbnail","6":"product_cat-motherboards-board-parts","8":"first","9":"instock","10":"taxable","11":"shipping-taxable","12":"purchasable","13":"product-type-simple"},"_links":{"self":[{"href":"https:\/\/boreait.com\/de\/wp-json\/wp\/v2\/product\/13802","targetHints":{"allow":["GET"]}}],"collection":[{"href":"https:\/\/boreait.com\/de\/wp-json\/wp\/v2\/product"}],"about":[{"href":"https:\/\/boreait.com\/de\/wp-json\/wp\/v2\/types\/product"}],"wp:featuredmedia":[{"embeddable":true,"href":"https:\/\/boreait.com\/de\/wp-json\/wp\/v2\/media\/13860"}],"wp:attachment":[{"href":"https:\/\/boreait.com\/de\/wp-json\/wp\/v2\/media?parent=13802"}],"wp:term":[{"taxonomy":"product_brand","embeddable":true,"href":"https:\/\/boreait.com\/de\/wp-json\/wp\/v2\/product_brand?post=13802"},{"taxonomy":"product_cat","embeddable":true,"href":"https:\/\/boreait.com\/de\/wp-json\/wp\/v2\/product_cat?post=13802"},{"taxonomy":"product_tag","embeddable":true,"href":"https:\/\/boreait.com\/de\/wp-json\/wp\/v2\/product_tag?post=13802"}],"curies":[{"name":"wp","href":"https:\/\/api.w.org\/{rel}","templated":true}]}}