{"id":13801,"date":"2025-09-15T16:47:01","date_gmt":"2025-09-15T14:47:01","guid":{"rendered":"https:\/\/boreait.com\/de\/?post_type=product&#038;p=13801"},"modified":"2025-09-16T12:56:10","modified_gmt":"2025-09-16T10:56:10","slug":"original-dell-latitude-12-rugged-extreme-7214-usb-sd-kartenleser-io-fv8g4-0fv8g4","status":"publish","type":"product","link":"https:\/\/boreait.com\/de\/produkt\/original-dell-latitude-12-rugged-extreme-7214-usb-sd-kartenleser-io-fv8g4-0fv8g4\/","title":{"rendered":"Original Dell Latitude 12 Rugged Extreme 7214 USB-SD-Kartenleser IO FV8G4 0FV8G4"},"content":{"rendered":"<p>Erweitern Sie die Funktionalit\u00e4t Ihres Dell Latitude 12 Rugged Extreme 7214 mit dem Original USB-SD-Kartenleser IO, Teilenummer FV8G4 0FV8G4. Dieses Original-Ersatzteil ist auf Langlebigkeit und Kompatibilit\u00e4t ausgelegt und gew\u00e4hrleistet zuverl\u00e4ssige Leistung und einfache Installation.<\/p>\n<p>Hauptmerkmale:<\/p>\n<p>\u2013 Original Dell-Ersatzteil: Sichern Sie sich Kompatibilit\u00e4t und Zuverl\u00e4ssigkeit mit einem Original-Ersatzteil.<\/p>\n<p>\u2013 Einfache Installation: Erweitern Sie die Funktionalit\u00e4t Ihres Ger\u00e4ts m\u00fchelos durch einfache Installation.<\/p>\n<p>\u2013 Verbesserte Vielseitigkeit: Erweitern Sie die Konnektivit\u00e4tsoptionen Ihres Laptops mit diesem USB-SD-Kartenleser IO.<\/p>\n<p>\u2013 Kompatibel mit Dell Latitude 12 Rugged Extreme 7214: Speziell f\u00fcr Ihr Ger\u00e4t entwickelt f\u00fcr nahtlose Integration.<\/p>\n<p>R\u00fcsten Sie Ihr Dell Latitude 12 Rugged Extreme 7214 noch heute mit dem Original USB-SD-Kartenleser IO auf. Kaufen Sie mit Vertrauen in ein hochwertiges Ersatzteil f\u00fcr Ihr Ger\u00e4t. Bei Fragen oder f\u00fcr Hilfe kontaktieren Sie uns gerne. Wir sind hier, um Ihnen dabei zu helfen, die Funktionalit\u00e4t Ihres Ger\u00e4ts zu verbessern.<\/p>\n","protected":false},"excerpt":{"rendered":"<p>Erweitern Sie die Funktionalit\u00e4t Ihres Dell Latitude 12 Rugged Extreme 7214 mit diesem originalen USB-SD-Kartenleser IO. Einfach zu installieren und kompatibel mit Teilenummer FV8G4 0FV8G4. Erweitern Sie noch heute die Vielseitigkeit Ihres Ger\u00e4ts!<\/p>\n","protected":false},"featured_media":13859,"template":"","meta":[],"product_brand":[],"product_cat":[63],"product_tag":[53],"class_list":{"0":"post-13801","1":"product","2":"type-product","3":"status-publish","4":"has-post-thumbnail","6":"product_cat-motherboards-board-parts","7":"product_tag-dell","9":"first","10":"instock","11":"taxable","12":"shipping-taxable","13":"purchasable","14":"product-type-simple"},"_links":{"self":[{"href":"https:\/\/boreait.com\/de\/wp-json\/wp\/v2\/product\/13801","targetHints":{"allow":["GET"]}}],"collection":[{"href":"https:\/\/boreait.com\/de\/wp-json\/wp\/v2\/product"}],"about":[{"href":"https:\/\/boreait.com\/de\/wp-json\/wp\/v2\/types\/product"}],"wp:featuredmedia":[{"embeddable":true,"href":"https:\/\/boreait.com\/de\/wp-json\/wp\/v2\/media\/13859"}],"wp:attachment":[{"href":"https:\/\/boreait.com\/de\/wp-json\/wp\/v2\/media?parent=13801"}],"wp:term":[{"taxonomy":"product_brand","embeddable":true,"href":"https:\/\/boreait.com\/de\/wp-json\/wp\/v2\/product_brand?post=13801"},{"taxonomy":"product_cat","embeddable":true,"href":"https:\/\/boreait.com\/de\/wp-json\/wp\/v2\/product_cat?post=13801"},{"taxonomy":"product_tag","embeddable":true,"href":"https:\/\/boreait.com\/de\/wp-json\/wp\/v2\/product_tag?post=13801"}],"curies":[{"name":"wp","href":"https:\/\/api.w.org\/{rel}","templated":true}]}}