{"id":13717,"date":"2025-09-15T16:45:18","date_gmt":"2025-09-15T14:45:18","guid":{"rendered":"https:\/\/boreait.com\/de\/?post_type=product&#038;p=13717"},"modified":"2025-09-16T12:56:02","modified_gmt":"2025-09-16T10:56:02","slug":"dell-latitude-12-7204-laptop-motherboard-6346h-cn-06346h-i5-4310u-cpu-vollstaendig-getestet","status":"publish","type":"product","link":"https:\/\/boreait.com\/de\/produkt\/dell-latitude-12-7204-laptop-motherboard-6346h-cn-06346h-i5-4310u-cpu-vollstaendig-getestet\/","title":{"rendered":"Dell Latitude 12 7204 Laptop-Motherboard 6346H CN-06346H I5-4310u CPU vollst\u00e4ndig getestet"},"content":{"rendered":"<p>Steigern Sie die Leistung und Zuverl\u00e4ssigkeit Ihres Dell Latitude 12 7204 E7204 Laptops mit dem Original-Motherboard (Teilenummer 6346H 06346H CN-06346H TW-06346H) mit CPU I5 4310u. Dieses Original-Ersatzteil ist auf Kompatibilit\u00e4t ausgelegt und auf Zuverl\u00e4ssigkeit getestet und gew\u00e4hrleistet optimale Leistung.<\/p>\n<p>Hauptmerkmale:<\/p>\n<p>\u2013 Original Dell-Ersatzteil: Sichern Sie sich Kompatibilit\u00e4t und Zuverl\u00e4ssigkeit mit einem Original-Ersatzteil.<\/p>\n<p>\u2013 Vollst\u00e4ndig getestet: Garantiert 100 % auf Zuverl\u00e4ssigkeit und Leistung getestet.<\/p>\n<p>\u2013 Verbesserte Leistung: Steigern Sie die Leistung Ihres Laptops mit diesem hochwertigen Motherboard.<\/p>\n<p>\u2013 Kompatibilit\u00e4t: Entwickelt f\u00fcr die nahtlose Zusammenarbeit mit Dell Latitude 12 7204 E7204 Laptops.<\/p>\n<p>\u2013 DDR3-Unterst\u00fctzung: Kompatibel mit DDR3-Speicher f\u00fcr reibungslosen und effizienten Betrieb.<\/p>\n<p>R\u00fcsten Sie Ihr Dell Latitude 12 7204 E7204 Notebook noch heute mit dem Original-Motherboard auf. Kaufen Sie mit Vertrauen und seien Sie sicher, dass Sie in ein hochwertiges Ersatzteil f\u00fcr Ihr Ger\u00e4t investieren. Bei Fragen oder f\u00fcr Hilfe kontaktieren Sie uns gerne. Wir helfen Ihnen, die Leistung Ihres Laptops zu steigern.<\/p>\n","protected":false},"excerpt":{"rendered":"<p>R\u00fcsten Sie Ihr Dell Latitude 12 7204 E7204 Notebook mit diesem Original-Motherboard auf. Kompatibel mit Teilenummer 6346H 06346H CN-06346H TW-06346H, vollst\u00e4ndig auf Zuverl\u00e4ssigkeit getestet. Steigern Sie noch heute die Leistung Ihres Notebooks!<\/p>\n","protected":false},"featured_media":13774,"template":"","meta":[],"product_brand":[],"product_cat":[63],"product_tag":[53],"class_list":{"0":"post-13717","1":"product","2":"type-product","3":"status-publish","4":"has-post-thumbnail","6":"product_cat-motherboards-board-parts","7":"product_tag-dell","9":"first","10":"instock","11":"taxable","12":"shipping-taxable","13":"purchasable","14":"product-type-simple"},"_links":{"self":[{"href":"https:\/\/boreait.com\/de\/wp-json\/wp\/v2\/product\/13717","targetHints":{"allow":["GET"]}}],"collection":[{"href":"https:\/\/boreait.com\/de\/wp-json\/wp\/v2\/product"}],"about":[{"href":"https:\/\/boreait.com\/de\/wp-json\/wp\/v2\/types\/product"}],"wp:featuredmedia":[{"embeddable":true,"href":"https:\/\/boreait.com\/de\/wp-json\/wp\/v2\/media\/13774"}],"wp:attachment":[{"href":"https:\/\/boreait.com\/de\/wp-json\/wp\/v2\/media?parent=13717"}],"wp:term":[{"taxonomy":"product_brand","embeddable":true,"href":"https:\/\/boreait.com\/de\/wp-json\/wp\/v2\/product_brand?post=13717"},{"taxonomy":"product_cat","embeddable":true,"href":"https:\/\/boreait.com\/de\/wp-json\/wp\/v2\/product_cat?post=13717"},{"taxonomy":"product_tag","embeddable":true,"href":"https:\/\/boreait.com\/de\/wp-json\/wp\/v2\/product_tag?post=13717"}],"curies":[{"name":"wp","href":"https:\/\/api.w.org\/{rel}","templated":true}]}}