{"id":13712,"date":"2025-09-15T16:45:17","date_gmt":"2025-09-15T14:45:17","guid":{"rendered":"https:\/\/boreait.com\/de\/?post_type=product&#038;p=13712"},"modified":"2026-01-27T11:01:29","modified_gmt":"2026-01-27T10:01:29","slug":"oem-dell-latitude-12-rugged-extreme-7204-7214-ush-kb-anschlussplatine-hua01-ytgdr","status":"publish","type":"product","link":"https:\/\/boreait.com\/de\/produkt\/oem-dell-latitude-12-rugged-extreme-7204-7214-ush-kb-anschlussplatine-hua01-ytgdr\/","title":{"rendered":"OEM Dell Latitude 12 Rugged Extreme 7204 7214 USH KB Anschlussplatine HUA01 YTGDR"},"content":{"rendered":"<p>Verbessern Sie die Funktionalit\u00e4t Ihres Dell Latitude 12 Rugged Extreme 7204 7214 mit dem originalen USH KB Junction Board, Teilenummer HUA01 YTGDR. Dieses Original-Ersatzteil ist auf Kompatibilit\u00e4t und Zuverl\u00e4ssigkeit ausgelegt und gew\u00e4hrleistet nahtlose Integration und zuverl\u00e4ssige Leistung.<\/p>\n<p>Hauptmerkmale:<\/p>\n<p>\u2013 Original Dell-Ersatzteil: Sichern Sie sich Kompatibilit\u00e4t und Zuverl\u00e4ssigkeit mit einem Original-Ersatzteil.<\/p>\n<p>\u2013 Einfache Installation: Erweitern Sie die Funktionalit\u00e4t Ihres Ger\u00e4ts m\u00fchelos durch einfache Installation.<\/p>\n<p>\u2013 Verbesserte Ger\u00e4tefunktionalit\u00e4t: Verbessern Sie die Funktionalit\u00e4t Ihres Laptops mit diesem Original-Ersatzteil.<\/p>\n<p>\u2013 Robuste Konstruktion: H\u00e4lt rauen Bedingungen stand und gew\u00e4hrleistet Langlebigkeit und Zuverl\u00e4ssigkeit.<\/p>\n<p>R\u00fcsten Sie Ihr Dell Latitude 12 Rugged Extreme 7204 7214 noch heute mit dem originalen USH KB Junction Board auf. Kaufen Sie mit Vertrauen in ein hochwertiges Ersatzteil f\u00fcr Ihr Ger\u00e4t. Bei Fragen oder f\u00fcr Hilfe kontaktieren Sie uns gerne. Wir sind hier, um Ihnen dabei zu helfen, die Funktionalit\u00e4t Ihres Ger\u00e4ts zu verbessern.<\/p>\n","protected":false},"excerpt":{"rendered":"<p>R\u00fcsten Sie Ihr Dell Latitude 12 Rugged Extreme 7204 7214 mit dieser originalen USH KB Junction Board auf. Einfach zu installieren und kompatibel mit Teilenummer HUA01 YTGDR. Erweitern Sie noch heute die Funktionalit\u00e4t Ihres Ger\u00e4ts!<\/p>\n","protected":false},"featured_media":13764,"template":"","meta":[],"product_brand":[],"product_cat":[63],"product_tag":[53],"class_list":{"0":"post-13712","1":"product","2":"type-product","3":"status-publish","4":"has-post-thumbnail","6":"product_cat-motherboards-board-parts","7":"product_tag-dell","9":"first","10":"instock","11":"taxable","12":"shipping-taxable","13":"purchasable","14":"product-type-simple"},"_links":{"self":[{"href":"https:\/\/boreait.com\/de\/wp-json\/wp\/v2\/product\/13712","targetHints":{"allow":["GET"]}}],"collection":[{"href":"https:\/\/boreait.com\/de\/wp-json\/wp\/v2\/product"}],"about":[{"href":"https:\/\/boreait.com\/de\/wp-json\/wp\/v2\/types\/product"}],"wp:featuredmedia":[{"embeddable":true,"href":"https:\/\/boreait.com\/de\/wp-json\/wp\/v2\/media\/13764"}],"wp:attachment":[{"href":"https:\/\/boreait.com\/de\/wp-json\/wp\/v2\/media?parent=13712"}],"wp:term":[{"taxonomy":"product_brand","embeddable":true,"href":"https:\/\/boreait.com\/de\/wp-json\/wp\/v2\/product_brand?post=13712"},{"taxonomy":"product_cat","embeddable":true,"href":"https:\/\/boreait.com\/de\/wp-json\/wp\/v2\/product_cat?post=13712"},{"taxonomy":"product_tag","embeddable":true,"href":"https:\/\/boreait.com\/de\/wp-json\/wp\/v2\/product_tag?post=13712"}],"curies":[{"name":"wp","href":"https:\/\/api.w.org\/{rel}","templated":true}]}}