{"id":13625,"date":"2025-09-15T16:43:33","date_gmt":"2025-09-15T14:43:33","guid":{"rendered":"https:\/\/boreait.com\/de\/?post_type=product&#038;p=13625"},"modified":"2025-09-16T12:55:54","modified_gmt":"2025-09-16T10:55:54","slug":"original-dell-latitude-7214-rugged-keyboard-junction-board-aa002a-ersatz","status":"publish","type":"product","link":"https:\/\/boreait.com\/de\/produkt\/original-dell-latitude-7214-rugged-keyboard-junction-board-aa002a-ersatz\/","title":{"rendered":"Original Dell Latitude 7214 Rugged Keyboard Junction Board AA002A Ersatz"},"content":{"rendered":"<p>Verbessern Sie die Funktionalit\u00e4t Ihres Dell Latitude 7214 Rugged Laptops mit dem Original-Ersatzteil f\u00fcr die Tastaturanschlussplatine AA002A. Dieses Original-Ersatzteil ist auf Langlebigkeit und Kompatibilit\u00e4t ausgelegt und gew\u00e4hrleistet zuverl\u00e4ssige Leistung und einfache Installation.<\/p>\n<p>Hauptmerkmale:<\/p>\n<p>\u2013 Original-Ersatzteil von Dell: Sichern Sie sich Kompatibilit\u00e4t und Zuverl\u00e4ssigkeit mit einem Original-Ersatzteil.<\/p>\n<p>\u2013 Einfache Installation: Verbessern Sie die Funktionalit\u00e4t Ihres Ger\u00e4ts m\u00fchelos durch einfache Installation.<\/p>\n<p>\u2013 Kompatibilit\u00e4t: Entwickelt f\u00fcr die nahtlose Zusammenarbeit mit einer Vielzahl von Dell Latitude 7214 Rugged Modellen.<\/p>\n<p>\u2013 Robuste Konstruktion: H\u00e4lt rauen Bedingungen stand und gew\u00e4hrleistet Langlebigkeit und Zuverl\u00e4ssigkeit.<\/p>\n<p>R\u00fcsten Sie Ihr Dell Latitude 7214 Rugged Laptop noch heute mit dem Original-Ersatzteil f\u00fcr die Tastaturanschlussplatine AA002A auf. Kaufen Sie mit Vertrauen in ein hochwertiges Ersatzteil f\u00fcr Ihr Ger\u00e4t. Bei Fragen oder f\u00fcr Hilfe kontaktieren Sie uns gerne. Wir helfen Ihnen gerne, die Funktionalit\u00e4t Ihres Ger\u00e4ts zu verbessern.<\/p>\n","protected":false},"excerpt":{"rendered":"<p>R\u00fcsten Sie Ihr Dell Latitude 7214 Rugged mit diesem originalen Ersatz-Keyboard-Anschlussboard AA002A auf. Einfach zu installieren und kompatibel mit verschiedenen Modellen. Erweitern Sie noch heute die Funktionalit\u00e4t Ihres Ger\u00e4ts!<\/p>\n","protected":false},"featured_media":13674,"template":"","meta":[],"product_brand":[],"product_cat":[63],"product_tag":[],"class_list":{"0":"post-13625","1":"product","2":"type-product","3":"status-publish","4":"has-post-thumbnail","6":"product_cat-motherboards-board-parts","8":"first","9":"instock","10":"taxable","11":"shipping-taxable","12":"purchasable","13":"product-type-simple"},"_links":{"self":[{"href":"https:\/\/boreait.com\/de\/wp-json\/wp\/v2\/product\/13625","targetHints":{"allow":["GET"]}}],"collection":[{"href":"https:\/\/boreait.com\/de\/wp-json\/wp\/v2\/product"}],"about":[{"href":"https:\/\/boreait.com\/de\/wp-json\/wp\/v2\/types\/product"}],"wp:featuredmedia":[{"embeddable":true,"href":"https:\/\/boreait.com\/de\/wp-json\/wp\/v2\/media\/13674"}],"wp:attachment":[{"href":"https:\/\/boreait.com\/de\/wp-json\/wp\/v2\/media?parent=13625"}],"wp:term":[{"taxonomy":"product_brand","embeddable":true,"href":"https:\/\/boreait.com\/de\/wp-json\/wp\/v2\/product_brand?post=13625"},{"taxonomy":"product_cat","embeddable":true,"href":"https:\/\/boreait.com\/de\/wp-json\/wp\/v2\/product_cat?post=13625"},{"taxonomy":"product_tag","embeddable":true,"href":"https:\/\/boreait.com\/de\/wp-json\/wp\/v2\/product_tag?post=13625"}],"curies":[{"name":"wp","href":"https:\/\/api.w.org\/{rel}","templated":true}]}}