{"id":13557,"date":"2025-09-15T16:41:36","date_gmt":"2025-09-15T14:41:36","guid":{"rendered":"https:\/\/boreait.com\/de\/?post_type=product&#038;p=13557"},"modified":"2026-01-27T10:59:58","modified_gmt":"2026-01-27T09:59:58","slug":"original-dell-nydvx-latitude-12-7204-rugged-extreme-webcam-modul","status":"publish","type":"product","link":"https:\/\/boreait.com\/de\/produkt\/original-dell-nydvx-latitude-12-7204-rugged-extreme-webcam-modul\/","title":{"rendered":"Original Dell NYDVX Latitude 12 7204 Rugged Extreme Webcam-Modul"},"content":{"rendered":"<p>Erweitern Sie die Funktionalit\u00e4t Ihres Dell Latitude 12 7204 Rugged Extreme Laptops mit dem Original-Webcam-Modul (Teilenummer NYDVX \/ 0NYDVX). Dieses Original-Ersatzteil ist auf Langlebigkeit und Kompatibilit\u00e4t ausgelegt und gew\u00e4hrleistet zuverl\u00e4ssige Leistung und einfache Installation.<\/p>\n<p>Hauptmerkmale:<\/p>\n<p>\u2013 Original Dell-Ersatzteil: Sichern Sie sich Kompatibilit\u00e4t und Zuverl\u00e4ssigkeit mit einem Original-Ersatzteil.<\/p>\n<p>\u2013 Einfache Installation: Erweitern Sie die Funktionalit\u00e4t Ihres Ger\u00e4ts m\u00fchelos durch einfache Installation.<\/p>\n<p>\u2013 Verbesserte Webcam-Funktionen: Verbessern Sie Videokonferenzen und Kommunikation mit einem hochwertigen Webcam-Modul.<\/p>\n<p>\u2013 Robuste Konstruktion: Robust f\u00fcr rauen Einsatz und Langlebigkeit sowie Zuverl\u00e4ssigkeit.<\/p>\n<p>R\u00fcsten Sie Ihr Dell Latitude 12 7204 Rugged Extreme Laptop noch heute mit dem Original-Webcam-Modul auf. Kaufen Sie mit Vertrauen in ein hochwertiges Ersatzteil f\u00fcr Ihr Ger\u00e4t. Bei Fragen oder f\u00fcr Hilfe kontaktieren Sie uns gerne. Wir helfen Ihnen gerne, die Funktionalit\u00e4t Ihres Ger\u00e4ts zu verbessern.<\/p>\n","protected":false},"excerpt":{"rendered":"<p>Erweitern Sie die Funktionalit\u00e4t Ihres Dell Latitude 12 7204 Rugged Extreme mit diesem originalen Webcam-Modul. Einfach zu installieren und kompatibel mit der Teilenummer NYDVX. Erweitern Sie noch heute die Leistung Ihres Ger\u00e4ts!<\/p>\n","protected":false},"featured_media":13613,"template":"","meta":[],"product_brand":[],"product_cat":[59],"product_tag":[53],"class_list":{"0":"post-13557","1":"product","2":"type-product","3":"status-publish","4":"has-post-thumbnail","6":"product_cat-laptop-camera","7":"product_tag-dell","9":"first","10":"instock","11":"taxable","12":"shipping-taxable","13":"purchasable","14":"product-type-simple"},"_links":{"self":[{"href":"https:\/\/boreait.com\/de\/wp-json\/wp\/v2\/product\/13557","targetHints":{"allow":["GET"]}}],"collection":[{"href":"https:\/\/boreait.com\/de\/wp-json\/wp\/v2\/product"}],"about":[{"href":"https:\/\/boreait.com\/de\/wp-json\/wp\/v2\/types\/product"}],"wp:featuredmedia":[{"embeddable":true,"href":"https:\/\/boreait.com\/de\/wp-json\/wp\/v2\/media\/13613"}],"wp:attachment":[{"href":"https:\/\/boreait.com\/de\/wp-json\/wp\/v2\/media?parent=13557"}],"wp:term":[{"taxonomy":"product_brand","embeddable":true,"href":"https:\/\/boreait.com\/de\/wp-json\/wp\/v2\/product_brand?post=13557"},{"taxonomy":"product_cat","embeddable":true,"href":"https:\/\/boreait.com\/de\/wp-json\/wp\/v2\/product_cat?post=13557"},{"taxonomy":"product_tag","embeddable":true,"href":"https:\/\/boreait.com\/de\/wp-json\/wp\/v2\/product_tag?post=13557"}],"curies":[{"name":"wp","href":"https:\/\/api.w.org\/{rel}","templated":true}]}}