{"id":13540,"date":"2025-09-15T16:41:07","date_gmt":"2025-09-15T14:41:07","guid":{"rendered":"https:\/\/boreait.com\/de\/?post_type=product&#038;p=13540"},"modified":"2026-01-27T10:54:19","modified_gmt":"2026-01-27T09:54:19","slug":"original-dell-latitude-7204-robuste-smartcard-platine-g0t8h-0g0t8h-cn-0g0t8h","status":"publish","type":"product","link":"https:\/\/boreait.com\/de\/produkt\/original-dell-latitude-7204-robuste-smartcard-platine-g0t8h-0g0t8h-cn-0g0t8h\/","title":{"rendered":"Original Dell Latitude 7204 Robuste Smartcard-Platine G0T8H 0G0T8H CN-0G0T8H"},"content":{"rendered":"<p>Verbessern Sie die Sicherheitsfunktionen Ihres Dell Latitude 7204 Rugged Laptops mit der Original-Smartcard-Platine (Teilenummer G0T8H 0G0T8H CN-0G0T8H). Dieses Original-Ersatzteil ist auf Langlebigkeit und Kompatibilit\u00e4t ausgelegt und gew\u00e4hrleistet zuverl\u00e4ssige Leistung und einfache Installation.<\/p>\n<p>Hauptmerkmale:<\/p>\n<p>\u2013 Original Dell-Ersatzteil: Sichern Sie sich Kompatibilit\u00e4t und Zuverl\u00e4ssigkeit mit einem Original-Ersatzteil.<\/p>\n<p>\u2013 Einfache Installation: Verbessern Sie die Sicherheitsfunktionen Ihres Ger\u00e4ts m\u00fchelos durch einfache Installation.<\/p>\n<p>\u2013 Verbesserte Sicherheit: Erweitern Sie Ihr Notebook um Smartcard-Funktionen f\u00fcr verbesserte Sicherheitsma\u00dfnahmen.<\/p>\n<p>\u2013 Robuste Konstruktion: F\u00fcr rauen Einsatz konzipiert, gew\u00e4hrleistet Langlebigkeit und Zuverl\u00e4ssigkeit.<\/p>\n<p>R\u00fcsten Sie Ihr Dell Latitude 7204 Rugged Laptop noch heute mit der Original-Smartcard-Platine auf. Kaufen Sie mit Vertrauen in ein hochwertiges Ersatzteil f\u00fcr Ihr Ger\u00e4t. Bei Fragen oder f\u00fcr Hilfe kontaktieren Sie uns gerne. Wir helfen Ihnen, die Sicherheit Ihres Ger\u00e4ts zu verbessern.<\/p>\n","protected":false},"excerpt":{"rendered":"<p>R\u00fcsten Sie Ihr Dell Latitude 7204 Rugged mit diesem originalen Smartcard-Board auf. Einfach zu installieren und kompatibel mit der Teilenummer G0T8H 0G0T8H CN-0G0T8H. Verbessern Sie noch heute die Sicherheitsfunktionen Ihres Ger\u00e4ts!<\/p>\n","protected":false},"featured_media":13594,"template":"","meta":[],"product_brand":[],"product_cat":[63],"product_tag":[53],"class_list":{"0":"post-13540","1":"product","2":"type-product","3":"status-publish","4":"has-post-thumbnail","6":"product_cat-motherboards-board-parts","7":"product_tag-dell","9":"first","10":"instock","11":"taxable","12":"shipping-taxable","13":"purchasable","14":"product-type-simple"},"_links":{"self":[{"href":"https:\/\/boreait.com\/de\/wp-json\/wp\/v2\/product\/13540","targetHints":{"allow":["GET"]}}],"collection":[{"href":"https:\/\/boreait.com\/de\/wp-json\/wp\/v2\/product"}],"about":[{"href":"https:\/\/boreait.com\/de\/wp-json\/wp\/v2\/types\/product"}],"wp:featuredmedia":[{"embeddable":true,"href":"https:\/\/boreait.com\/de\/wp-json\/wp\/v2\/media\/13594"}],"wp:attachment":[{"href":"https:\/\/boreait.com\/de\/wp-json\/wp\/v2\/media?parent=13540"}],"wp:term":[{"taxonomy":"product_brand","embeddable":true,"href":"https:\/\/boreait.com\/de\/wp-json\/wp\/v2\/product_brand?post=13540"},{"taxonomy":"product_cat","embeddable":true,"href":"https:\/\/boreait.com\/de\/wp-json\/wp\/v2\/product_cat?post=13540"},{"taxonomy":"product_tag","embeddable":true,"href":"https:\/\/boreait.com\/de\/wp-json\/wp\/v2\/product_tag?post=13540"}],"curies":[{"name":"wp","href":"https:\/\/api.w.org\/{rel}","templated":true}]}}