{"id":13493,"date":"2025-09-15T16:40:14","date_gmt":"2025-09-15T14:40:14","guid":{"rendered":"https:\/\/boreait.com\/de\/?post_type=product&#038;p=13493"},"modified":"2025-09-16T12:55:45","modified_gmt":"2025-09-16T10:55:45","slug":"original-ersatz-laptop-lcd-touchscreen-display-116-zoll-fuer-dell-latitude-12-rugged-extreme-7204-gvgpf-0gvgpf-cn-0gvgpf-75hnh-075hnh","status":"publish","type":"product","link":"https:\/\/boreait.com\/de\/produkt\/original-ersatz-laptop-lcd-touchscreen-display-116-zoll-fuer-dell-latitude-12-rugged-extreme-7204-gvgpf-0gvgpf-cn-0gvgpf-75hnh-075hnh\/","title":{"rendered":"Original-Ersatz-Laptop-LCD-Touchscreen-Display 11,6 Zoll f\u00fcr Dell Latitude 12 Rugged Extreme 7204 GVGPF 0GVGPF CN-0GVGPF 75HNH 075HNH"},"content":{"rendered":"<p>Verbessern Sie das Seherlebnis Ihres Dell Latitude 12 Rugged Extreme 7204 Laptops mit dem originalen 11,6-Zoll-Touchscreen-LCD-Display. Dieses Original-Ersatzteil bietet gestochen scharfe Bilder und reaktionsschnelle Touch-Funktionalit\u00e4t und sorgt f\u00fcr ein beeindruckendes Computererlebnis.<\/p>\n<p>Hauptmerkmale:<\/p>\n<ul>\n<li>Original Dell Ersatzteil: Sichern Sie sich Kompatibilit\u00e4t und Zuverl\u00e4ssigkeit mit einem Original-Ersatzteil.<\/li>\n<li>Verbessertes Seherlebnis: Genie\u00dfen Sie lebendige Farben und gestochen scharfe Details auf dem Display Ihres Laptops.<\/li>\n<li>Reaktionsschnelle Touch-Funktionalit\u00e4t: Bedienen Sie Ihr Ger\u00e4t m\u00fchelos \u00fcber den Touchscreen.<\/li>\n<li>Kompatibilit\u00e4t: Speziell f\u00fcr das Dell Latitude 12 Rugged Extreme 7204 entwickelt, garantiert es eine perfekte Passform.<\/li>\n<li>Einfache Installation: R\u00fcsten Sie Ihr Laptop-Display ganz einfach auf, ohne professionelle Hilfe.<\/li>\n<\/ul>\n<p>R\u00fcsten Sie Ihr Dell Latitude 12 Rugged Extreme 7204 auf Laptop noch heute mit dem originalen 11,6-Zoll-Touchscreen-LCD-Display. Kaufen Sie mit der Gewissheit, in ein hochwertiges Ersatzteil f\u00fcr Ihren Laptop zu investieren. Wenn Sie Fragen haben oder weitere Hilfe ben\u00f6tigen, z\u00f6gern Sie nicht, uns zu kontaktieren. Wir helfen Ihnen, Ihr Computererlebnis zu verbessern.<\/p>\n","protected":false},"excerpt":{"rendered":"<p>Werten Sie das Display Ihres Dell Latitude 12 Rugged Extreme 7204 mit diesem originalen 11,6-Zoll-Touchscreen-LCD-Display auf. Kompatibel mit Teilenummer GVGPF 0GVGPF CN-0GVGPF 75HNH 075HNH. Verbessern Sie noch heute die Displayqualit\u00e4t Ihres Laptops!<\/p>\n","protected":false},"featured_media":13549,"template":"","meta":[],"product_brand":[],"product_cat":[99,57],"product_tag":[53],"class_list":{"0":"post-13493","1":"product","2":"type-product","3":"status-publish","4":"has-post-thumbnail","6":"product_cat-11-6","7":"product_cat-laptop-screens-lcd-panels","8":"product_tag-dell","10":"first","11":"instock","12":"taxable","13":"shipping-taxable","14":"purchasable","15":"product-type-simple"},"_links":{"self":[{"href":"https:\/\/boreait.com\/de\/wp-json\/wp\/v2\/product\/13493","targetHints":{"allow":["GET"]}}],"collection":[{"href":"https:\/\/boreait.com\/de\/wp-json\/wp\/v2\/product"}],"about":[{"href":"https:\/\/boreait.com\/de\/wp-json\/wp\/v2\/types\/product"}],"wp:featuredmedia":[{"embeddable":true,"href":"https:\/\/boreait.com\/de\/wp-json\/wp\/v2\/media\/13549"}],"wp:attachment":[{"href":"https:\/\/boreait.com\/de\/wp-json\/wp\/v2\/media?parent=13493"}],"wp:term":[{"taxonomy":"product_brand","embeddable":true,"href":"https:\/\/boreait.com\/de\/wp-json\/wp\/v2\/product_brand?post=13493"},{"taxonomy":"product_cat","embeddable":true,"href":"https:\/\/boreait.com\/de\/wp-json\/wp\/v2\/product_cat?post=13493"},{"taxonomy":"product_tag","embeddable":true,"href":"https:\/\/boreait.com\/de\/wp-json\/wp\/v2\/product_tag?post=13493"}],"curies":[{"name":"wp","href":"https:\/\/api.w.org\/{rel}","templated":true}]}}