{"id":13425,"date":"2025-09-15T16:38:51","date_gmt":"2025-09-15T14:38:51","guid":{"rendered":"https:\/\/boreait.com\/de\/?post_type=product&#038;p=13425"},"modified":"2025-09-16T12:55:39","modified_gmt":"2025-09-16T10:55:39","slug":"14-led-fhd-1920x1080-ips-mattes-display-nv140fhm-n63-30-pin-anti-glare","status":"publish","type":"product","link":"https:\/\/boreait.com\/de\/produkt\/14-led-fhd-1920x1080-ips-mattes-display-nv140fhm-n63-30-pin-anti-glare\/","title":{"rendered":"14&#8243; LED FHD 1920&#215;1080 IPS Mattes Display NV140FHM-N63, 30-Pin, Anti-Glare"},"content":{"rendered":"<p><strong>Aktuelles Bildschirmmodell: B140HAN04.D \/ B140HA07.1 \/ NV140FHM-N4T V8.2 \/ N140HCA-EEK \u2013 voll kompatibel mit NV140FHM-N63.<\/strong><\/p>\n<p>Wir pr\u00e4sentieren den NV140FHM-N63 \u2013 ein hochmodernes 14-Zoll-LED-Full-HD-IPS-Display f\u00fcr ein optimiertes Seherlebnis. Mit einer Aufl\u00f6sung von 1920 x 1080 Pixeln bietet dieser Bildschirm un\u00fcbertroffene Klarheit und Detailtreue und erweckt Ihre Inhalte mit lebendigen Farben und tiefen Kontrasten zum Leben. Die matte Antireflexbeschichtung reduziert Reflexionen und Lichtreflexionen und sorgt so f\u00fcr ein optimales Seherlebnis bei allen Lichtverh\u00e4ltnissen.<\/p>\n<p><strong>Hauptmerkmale:<\/strong><\/p>\n<ul>\n<li><strong>Full-HD-Aufl\u00f6sung:<\/strong> Tauchen Sie ein in eine Welt kristallklarer Bilder mit Full HD. Ob professionelle Designarbeit, Multimedia-Unterhaltung oder allt\u00e4glicher Gebrauch \u2013 die Sch\u00e4rfe und Detailtreue des Displays werden Sie begeistern.<\/li>\n<li><strong>IPS-Technologie:<\/strong> Genie\u00dfen Sie konsistente Farben und gro\u00dfe Betrachtungswinkel. Das IPS-Panel sorgt f\u00fcr naturgetreue und lebendige Farben, unabh\u00e4ngig von Ihrer Betrachtungsposition. Ideal f\u00fcr die gemeinsame Nutzung Ihres Bildschirms mit anderen.<\/li>\n<li><strong>Matt-Antireflexbeschichtung:<\/strong> Schluss mit st\u00f6renden Reflexionen. Arbeiten Sie bequem in hellen Umgebungen \u2013 dank der matten Oberfl\u00e4che, die Blendeffekte deutlich reduziert, Ihren Sehkomfort verbessert und die Augen schont.<\/li>\n<li><strong>30-Pin-Anschluss:<\/strong> Dank der nahtlosen Kompatibilit\u00e4t mit einer Vielzahl von Ger\u00e4ten erm\u00f6glicht der 30-Pin-Anschluss dieses Displays eine schnelle und einfache Installation, sodass Sie Ihr Seherlebnis problemlos verbessern k\u00f6nnen.<\/li>\n<\/ul>\n<p>Der NV140FHM-N63 ist mehr als nur ein Display; er ist eine Investition in Ihren Sehkomfort und Ihre Produktivit\u00e4t. Sein schlankes Design und die fortschrittlichen Funktionen machen ihn zu einer vielseitigen Wahl f\u00fcr jeden Benutzer \u2013 vom Profi, der eine pr\u00e4zise Farbdarstellung ben\u00f6tigt, bis hin zu Gamern und Filmliebhabern, die beeindruckende Bilder suchen. R\u00fcsten Sie Ihr Ger\u00e4t mit dem NV140FHM-N63 auf und tauchen Sie ein in eine hellere, lebendigere Welt.<\/p>\n","protected":false},"excerpt":{"rendered":"<p>Verbessern Sie Ihr Seherlebnis mit dem NV140FHM-N63, einem 14-Zoll-LED-FHD-IPS-Mattbildschirm. Mit einer scharfen Aufl\u00f6sung von 1920 x 1080 und einem 30-poligen Anschluss bietet dieses entspiegelte Display lebendige Farben und weite Betrachtungswinkel \u2013 perfekt f\u00fcr Arbeit und Unterhaltung.<\/p>\n","protected":false},"featured_media":13452,"template":"","meta":[],"product_brand":[],"product_cat":[98,95],"product_tag":[],"class_list":{"0":"post-13425","1":"product","2":"type-product","3":"status-publish","4":"has-post-thumbnail","6":"product_cat-14-new-laptop-screens-lcd-panels","7":"product_cat-new-laptop-screens-lcd-panels","9":"first","10":"instock","11":"taxable","12":"shipping-taxable","13":"purchasable","14":"product-type-simple"},"_links":{"self":[{"href":"https:\/\/boreait.com\/de\/wp-json\/wp\/v2\/product\/13425","targetHints":{"allow":["GET"]}}],"collection":[{"href":"https:\/\/boreait.com\/de\/wp-json\/wp\/v2\/product"}],"about":[{"href":"https:\/\/boreait.com\/de\/wp-json\/wp\/v2\/types\/product"}],"wp:featuredmedia":[{"embeddable":true,"href":"https:\/\/boreait.com\/de\/wp-json\/wp\/v2\/media\/13452"}],"wp:attachment":[{"href":"https:\/\/boreait.com\/de\/wp-json\/wp\/v2\/media?parent=13425"}],"wp:term":[{"taxonomy":"product_brand","embeddable":true,"href":"https:\/\/boreait.com\/de\/wp-json\/wp\/v2\/product_brand?post=13425"},{"taxonomy":"product_cat","embeddable":true,"href":"https:\/\/boreait.com\/de\/wp-json\/wp\/v2\/product_cat?post=13425"},{"taxonomy":"product_tag","embeddable":true,"href":"https:\/\/boreait.com\/de\/wp-json\/wp\/v2\/product_tag?post=13425"}],"curies":[{"name":"wp","href":"https:\/\/api.w.org\/{rel}","templated":true}]}}