{"id":13418,"date":"2025-09-15T16:38:49","date_gmt":"2025-09-15T14:38:49","guid":{"rendered":"https:\/\/boreait.com\/de\/?post_type=product&#038;p=13418"},"modified":"2025-09-16T12:55:39","modified_gmt":"2025-09-16T10:55:39","slug":"17-fhd-ips-matte-display-fuer-asus-rog-g731g-30-pin-ohne-halterungen-brandneu","status":"publish","type":"product","link":"https:\/\/boreait.com\/de\/produkt\/17-fhd-ips-matte-display-fuer-asus-rog-g731g-30-pin-ohne-halterungen-brandneu\/","title":{"rendered":"17&#8243; FHD IPS Matte Display f\u00fcr Asus Rog G731G, 30-Pin, ohne Halterungen, brandneu"},"content":{"rendered":"<p><strong>Aktuelles Modell: NV173FHM-N49 v8.0 \/ NV173FHM-N4L \/ N173HCE-E3C<\/strong><\/p>\n<p>Wir pr\u00e4sentieren unseren hochwertigen 17-Zoll-Full-HD-IPS-Bildschirm mit matter Oberfl\u00e4che \u2013 die perfekte Erg\u00e4nzung f\u00fcr Ihr Asus Rog G731G. Dieses hochmoderne Display f\u00fcgt sich nahtlos in Ihr Ger\u00e4t ein und bietet ein hervorragendes visuelles Upgrade ohne zus\u00e4tzliche Halterungen. Der 30-Pin-Anschluss sorgt f\u00fcr eine problemlose Installation und bringt Ihre Gaming- und Arbeitssessions mit unvergleichlicher Klarheit und Komfort auf ein neues Niveau.<\/p>\n<p><strong>Herausragende Funktionen:<\/strong><\/p>\n<ul>\n<li><strong>Full-HD-Klarheit:<\/strong> Tauchen Sie ein in die Tiefen der Full-HD-Aufl\u00f6sung (1920 x 1080), in der jedes Detail pr\u00e4zise wiedergegeben wird und Ihre Spiele, Filme und Projekte zum Leben erweckt.<\/li>\n<li><strong>IPS-Technologie:<\/strong> Erleben Sie dank der fortschrittlichen IPS-Technologie konsistente, lebendige Farben aus jedem Betrachtungswinkel und verbessern Sie Ihre Fernsehsitzungen mit \u00fcberragender Farbgenauigkeit und weiten Betrachtungswinkeln.<\/li>\n<li><strong>Matte Oberfl\u00e4che:<\/strong> Unsere speziell entwickelte matte Oberfl\u00e4che reduziert Blendeffekte und Reflexionen auf dem Bildschirm, sodass Sie Ihren Bildschirm bei allen Lichtverh\u00e4ltnissen ohne Anstrengung genie\u00dfen k\u00f6nnen.<\/li>\n<li><strong>Nahtlose Kompatibilit\u00e4t:<\/strong> Dieser Bildschirm wurde speziell f\u00fcr das Asus Rog G731G entwickelt und gew\u00e4hrleistet dank seiner pr\u00e4zisen Kompatibilit\u00e4t und des 30-Pin-Anschlusses eine perfekte Passform und optimale Leistung.<\/li>\n<li><strong>Halterungsloses Design:<\/strong> Profitieren Sie von einem optimierten Installationsprozess dank unseres halterungslosen Designs, das das Aufr\u00fcsten Ihres Laptop-Displays so einfach wie nie macht.<\/li>\n<\/ul>\n<p>Unser 17-Zoll-FHD-IPS-Mattbildschirm ist ideal f\u00fcr Nutzer des Asus Rog G731G, die die Leistung und Bildqualit\u00e4t ihres Displays verbessern m\u00f6chten. Er bietet ein transformatives Seherlebnis. Ob Sie hochaufl\u00f6sende Spiele spielen, Videos bearbeiten oder einfach nur Ihre Lieblingsinhalte genie\u00dfen \u2013 dieser Bildschirm bietet Ihnen \u00fcberragende Klarheit und Komfort.<\/p>\n","protected":false},"excerpt":{"rendered":"<p>Steigern Sie Ihr Asus Rog G731G-Erlebnis mit unserem neuen matten 17-Zoll-Full-HD-IPS-Bildschirm. Dieses 30-polige, halterungslose Display ist auf einwandfreie Kompatibilit\u00e4t ausgelegt und verbessert Ihr Seherlebnis mit kristallklaren Bildern und reduzierter Blendung. Damit ist es perfekt f\u00fcr Gaming und Produktivit\u00e4t.<\/p>\n","protected":false},"featured_media":12899,"template":"","meta":[],"product_brand":[],"product_cat":[96,95],"product_tag":[66],"class_list":{"0":"post-13418","1":"product","2":"type-product","3":"status-publish","4":"has-post-thumbnail","6":"product_cat-17-3","7":"product_cat-new-laptop-screens-lcd-panels","8":"product_tag-asus","10":"first","11":"instock","12":"taxable","13":"shipping-taxable","14":"purchasable","15":"product-type-simple"},"_links":{"self":[{"href":"https:\/\/boreait.com\/de\/wp-json\/wp\/v2\/product\/13418","targetHints":{"allow":["GET"]}}],"collection":[{"href":"https:\/\/boreait.com\/de\/wp-json\/wp\/v2\/product"}],"about":[{"href":"https:\/\/boreait.com\/de\/wp-json\/wp\/v2\/types\/product"}],"wp:featuredmedia":[{"embeddable":true,"href":"https:\/\/boreait.com\/de\/wp-json\/wp\/v2\/media\/12899"}],"wp:attachment":[{"href":"https:\/\/boreait.com\/de\/wp-json\/wp\/v2\/media?parent=13418"}],"wp:term":[{"taxonomy":"product_brand","embeddable":true,"href":"https:\/\/boreait.com\/de\/wp-json\/wp\/v2\/product_brand?post=13418"},{"taxonomy":"product_cat","embeddable":true,"href":"https:\/\/boreait.com\/de\/wp-json\/wp\/v2\/product_cat?post=13418"},{"taxonomy":"product_tag","embeddable":true,"href":"https:\/\/boreait.com\/de\/wp-json\/wp\/v2\/product_tag?post=13418"}],"curies":[{"name":"wp","href":"https:\/\/api.w.org\/{rel}","templated":true}]}}