{"id":13416,"date":"2025-09-15T16:38:49","date_gmt":"2025-09-15T14:38:49","guid":{"rendered":"https:\/\/boreait.com\/de\/?post_type=product&#038;p=13416"},"modified":"2026-01-14T12:47:05","modified_gmt":"2026-01-14T11:47:05","slug":"17-fhd-ips-mattbildschirm-30-pin-keine-halterungen-kompatibel-mit-nv173fhm-n4g-neu","status":"publish","type":"product","link":"https:\/\/boreait.com\/de\/produkt\/17-fhd-ips-mattbildschirm-30-pin-keine-halterungen-kompatibel-mit-nv173fhm-n4g-neu\/","title":{"rendered":"17&#8243; FHD IPS Mattbildschirm 30-Pin, keine Halterungen, kompatibel mit NV173FHM-N4G Neu"},"content":{"rendered":"<p><strong>Aktuelles Modell: NV173FHM-N49 v8.0 \/ NV173FHM-N4L \/ N173HCE-E3C<\/strong><\/p>\n<p>Unser neuester 17-Zoll-Full-HD-IPS-Bildschirm mit matter Oberfl\u00e4che ist ein echter Meilenstein f\u00fcr alle, die ihr Display aufr\u00fcsten m\u00f6chten. Dieser Bildschirm ist vollst\u00e4ndig kompatibel mit dem NV173FHM-N4G und liefert dank seiner hochwertigen matten Oberfl\u00e4che atemberaubende HD-Bilder ohne st\u00f6rende Blendeffekte. Der Verzicht auf Halterungen und der integrierte 30-Pin-Anschluss sorgen f\u00fcr eine reibungslose Installation und erm\u00f6glichen Ihnen sofort verbesserte Bildqualit\u00e4t.<\/p>\n<p><strong>Hauptfunktionen:<\/strong><\/p>\n<ul>\n<li><strong>Full-HD-Aufl\u00f6sung:<\/strong> Tauchen Sie ein in die Tiefe der Full-HD-Aufl\u00f6sung (1920 x 1080) und erleben Sie scharfe, detailreiche Bilder, die Ihre Inhalte zum Leben erwecken \u2013 egal ob beim Gaming, Streaming oder bei professionellen Grafikarbeiten.<\/li>\n<li><strong>IPS-Technologie:<\/strong> Erleben Sie dank modernster IPS-Technologie konsistente, pr\u00e4zise Farben aus gro\u00dfen Betrachtungswinkeln. Genie\u00dfen Sie lebendige Bilder ohne Farbverzerrungen, egal aus welchem \u200b\u200bBlickwinkel Sie sie betrachten.<\/li>\n<li><strong>Matte Oberfl\u00e4che f\u00fcr Blendschutz:<\/strong> Verabschieden Sie sich von st\u00f6renden Bildschirmreflexionen dank unserer matten Oberfl\u00e4che. Es reduziert Reflexionen, wodurch der Bildschirm auch bei hellen Lichtverh\u00e4ltnissen besser ablesbar und \u00fcber l\u00e4ngere Zeitr\u00e4ume augenschonend ist.<\/li>\n<li><strong>Nahtlose Kompatibilit\u00e4t:<\/strong> Speziell f\u00fcr den NV173FHM-N4G entwickelt, gew\u00e4hrleistet es eine perfekte Passform und optimale Leistung ohne zus\u00e4tzliche Modifikationen oder Halterungen.<\/li>\n<li><strong>Einfache Installation:<\/strong> Das unkomplizierte 30-Pin-Anschlussdesign erm\u00f6glicht eine einfache Einrichtung und erm\u00f6glicht Ihnen, die Anzeigefunktionen Ihres Ger\u00e4ts schnell zu erweitern.<\/li>\n<\/ul>\n<p>Dieser 17-Zoll-FHD-IPS-Mattbildschirm ist nicht nur ein Upgrade \u2013 er ver\u00e4ndert Ihr Seherlebnis. Egal, ob Sie beruflich pr\u00e4zise Farbdarstellung ben\u00f6tigen, studieren und stundenlang recherchieren oder ein immersives Gaming- und Videoerlebnis suchen \u2013 dieser Bildschirm ist auf Ihre Bed\u00fcrfnisse zugeschnitten und kombiniert hochwertige Grafik mit dem Komfort der Antireflextechnologie.<\/p>\n","protected":false},"excerpt":{"rendered":"<p>Verbessern Sie Ihr Seherlebnis mit unserem matten 17-Zoll-Full-HD-IPS-Display, perfekt kompatibel mit dem NV173FHM-N4G. Dieser halterungslose Bildschirm mit 30-Pin-Anschluss bietet gestochen scharfe, klare Bilder ohne Blendeffekte und ist somit ideal f\u00fcr Arbeit und Freizeit. Upgraden Sie f\u00fcr \u00fcberragende Klarheit und Komfort.<\/p>\n","protected":false},"featured_media":12899,"template":"","meta":[],"product_brand":[],"product_cat":[96,95],"product_tag":[],"class_list":{"0":"post-13416","1":"product","2":"type-product","3":"status-publish","4":"has-post-thumbnail","6":"product_cat-17-3","7":"product_cat-new-laptop-screens-lcd-panels","9":"first","10":"instock","11":"taxable","12":"shipping-taxable","13":"purchasable","14":"product-type-simple"},"_links":{"self":[{"href":"https:\/\/boreait.com\/de\/wp-json\/wp\/v2\/product\/13416","targetHints":{"allow":["GET"]}}],"collection":[{"href":"https:\/\/boreait.com\/de\/wp-json\/wp\/v2\/product"}],"about":[{"href":"https:\/\/boreait.com\/de\/wp-json\/wp\/v2\/types\/product"}],"wp:featuredmedia":[{"embeddable":true,"href":"https:\/\/boreait.com\/de\/wp-json\/wp\/v2\/media\/12899"}],"wp:attachment":[{"href":"https:\/\/boreait.com\/de\/wp-json\/wp\/v2\/media?parent=13416"}],"wp:term":[{"taxonomy":"product_brand","embeddable":true,"href":"https:\/\/boreait.com\/de\/wp-json\/wp\/v2\/product_brand?post=13416"},{"taxonomy":"product_cat","embeddable":true,"href":"https:\/\/boreait.com\/de\/wp-json\/wp\/v2\/product_cat?post=13416"},{"taxonomy":"product_tag","embeddable":true,"href":"https:\/\/boreait.com\/de\/wp-json\/wp\/v2\/product_tag?post=13416"}],"curies":[{"name":"wp","href":"https:\/\/api.w.org\/{rel}","templated":true}]}}