{"id":13394,"date":"2025-09-15T16:38:23","date_gmt":"2025-09-15T14:38:23","guid":{"rendered":"https:\/\/boreait.com\/de\/?post_type=product&#038;p=13394"},"modified":"2025-09-16T12:55:35","modified_gmt":"2025-09-16T10:55:35","slug":"neuer-17-fhd-ips-matt-bildschirm-n173hce-e3c-30-pin-anschluss-keine-halterungen","status":"publish","type":"product","link":"https:\/\/boreait.com\/de\/produkt\/neuer-17-fhd-ips-matt-bildschirm-n173hce-e3c-30-pin-anschluss-keine-halterungen\/","title":{"rendered":"Neuer 17&#8243; FHD IPS Matt-Bildschirm N173HCE-E3C, 30-Pin-Anschluss, keine Halterungen"},"content":{"rendered":"<p><strong>Aktuelles Modell: NV173FHM-N49 v8.0 \/ NV173FHM-N4L \/ N173HCE-E3C<\/strong><\/p>\n<p>Optimieren Sie das Display Ihres Laptops mit unserem hochmodernen 17-Zoll-Full-HD-IPS-Mattbildschirm. Er wurde sorgf\u00e4ltig gefertigt und bietet ein au\u00dfergew\u00f6hnliches Seherlebnis. Dieser Bildschirm ist mit dem Modell N173HCE-E3C kompatibel und das ultimative Upgrade f\u00fcr Nutzer, die unvergleichliche Klarheit und Detailtreue ohne st\u00f6rende Blendeffekte suchen.<\/p>\n<p><strong>Hauptmerkmale:<\/strong><\/p>\n<ul>\n<li><strong>Lebendiges Display:<\/strong> Genie\u00dfen Sie lebendige Farben und gestochen scharfe Details mit der Full-HD-Aufl\u00f6sung \u2013 f\u00fcr mehr Spa\u00df bei jeder Aufgabe, von der professionellen Arbeit bis zum Gaming.<\/li>\n<li><strong>IPS-Technologie:<\/strong> Das IPS-Panel sorgt f\u00fcr konsistente, pr\u00e4zise Farben aus allen Blickwinkeln sowie \u00fcberragende Kontrast- und Helligkeitswerte.<\/li>\n<li><strong>Matte Oberfl\u00e4che:<\/strong> Unser matter Bildschirm minimiert Reflexionen und Blendeffekte und sorgt so f\u00fcr ein angenehmeres Seherlebnis, insbesondere in hell erleuchteten Umgebungen.<\/li>\n<li><strong>Einfache Installation:<\/strong> Dank des 30-poligen Anschlusses verspricht dieser Bildschirm eine problemlose Installation und l\u00e4sst sich nahtlos und ohne Halterungen anschlie\u00dfen.<\/li>\n<li><strong>Kompatibilit\u00e4t:<\/strong> Speziell f\u00fcr die Kompatibilit\u00e4t mit dem Modell N173HCE-E3C entwickelt, gew\u00e4hrleistet er eine perfekte Passform und optimale Leistung.<\/li>\n<\/ul>\n<p>Dieser Bildschirm ist ideal f\u00fcr Profis und Gaming-Enthusiasten und steigert die Leistung Ihres Laptops und Ihr gesamtes Seherlebnis. Verabschieden Sie sich von Blendeffekten und freuen Sie sich auf kristallklare Bilder mit unserem matten 17-Zoll-FHD-IPS-Display. Ob Sie Videos bearbeiten, Zahlen verarbeiten oder in Ihr Lieblingsspiel eintauchen \u2013 dieser Bildschirm wird Sie nicht entt\u00e4uschen.<\/p>\n","protected":false},"excerpt":{"rendered":"<p>Verbessern Sie Ihr Seherlebnis mit unserem neuesten 17-Zoll-Full-HD-IPS-Mattbildschirm, der nahtlos mit dem Modell N173HCE-E3C kompatibel ist. Dieser Bildschirm bietet ein scharfes, klares Bild ohne Blendeffekte und verf\u00fcgt \u00fcber einen 30-poligen Anschluss f\u00fcr eine einfache Installation. Das halterungslose Design ist perfekt f\u00fcr Profis und Gamer und sorgt f\u00fcr eine reibungslose Einrichtung.<\/p>\n","protected":false},"featured_media":12899,"template":"","meta":[],"product_brand":[],"product_cat":[96,95],"product_tag":[],"class_list":{"0":"post-13394","1":"product","2":"type-product","3":"status-publish","4":"has-post-thumbnail","6":"product_cat-17-3","7":"product_cat-new-laptop-screens-lcd-panels","9":"first","10":"instock","11":"taxable","12":"shipping-taxable","13":"purchasable","14":"product-type-simple"},"_links":{"self":[{"href":"https:\/\/boreait.com\/de\/wp-json\/wp\/v2\/product\/13394","targetHints":{"allow":["GET"]}}],"collection":[{"href":"https:\/\/boreait.com\/de\/wp-json\/wp\/v2\/product"}],"about":[{"href":"https:\/\/boreait.com\/de\/wp-json\/wp\/v2\/types\/product"}],"wp:featuredmedia":[{"embeddable":true,"href":"https:\/\/boreait.com\/de\/wp-json\/wp\/v2\/media\/12899"}],"wp:attachment":[{"href":"https:\/\/boreait.com\/de\/wp-json\/wp\/v2\/media?parent=13394"}],"wp:term":[{"taxonomy":"product_brand","embeddable":true,"href":"https:\/\/boreait.com\/de\/wp-json\/wp\/v2\/product_brand?post=13394"},{"taxonomy":"product_cat","embeddable":true,"href":"https:\/\/boreait.com\/de\/wp-json\/wp\/v2\/product_cat?post=13394"},{"taxonomy":"product_tag","embeddable":true,"href":"https:\/\/boreait.com\/de\/wp-json\/wp\/v2\/product_tag?post=13394"}],"curies":[{"name":"wp","href":"https:\/\/api.w.org\/{rel}","templated":true}]}}