{"id":13364,"date":"2025-09-15T16:37:35","date_gmt":"2025-09-15T14:37:35","guid":{"rendered":"https:\/\/boreait.com\/de\/?post_type=product&#038;p=13364"},"modified":"2026-01-27T10:25:58","modified_gmt":"2026-01-27T09:25:58","slug":"original-power-button-board-kabel-fuer-hp-compaq-nx6325-laptop-ersatzteil","status":"publish","type":"product","link":"https:\/\/boreait.com\/de\/produkt\/original-power-button-board-kabel-fuer-hp-compaq-nx6325-laptop-ersatzteil\/","title":{"rendered":"Original Power Button Board &#038; Kabel f\u00fcr HP Compaq NX6325 Laptop \u2013 Ersatzteil"},"content":{"rendered":"<p>Verbessern Sie die Funktionalit\u00e4t und Benutzerfreundlichkeit Ihres HP Compaq NX6325 Laptops mit der Original-Netzschalterplatine und dem Original-Netzschalterkabel. Dieses Original-Ersatzteil wurde pr\u00e4zise und zuverl\u00e4ssig gefertigt und gew\u00e4hrleistet nahtlose Kompatibilit\u00e4t und einfache Installation.<\/p>\n<p>Hauptmerkmale:<\/p>\n<ul>\n<li>Original HP Ersatzteil: Sichern Sie sich Kompatibilit\u00e4t und Zuverl\u00e4ssigkeit mit einem Original-Ersatzteil.<\/li>\n<li>Einfache Installation: Erweitern Sie die Funktionalit\u00e4t Ihres Laptops m\u00fchelos durch einfache Installation \u2013 ganz ohne professionelle Hilfe.<\/li>\n<li>Erweiterte Funktionalit\u00e4t: Stellen Sie die Funktion des Netzschalters Ihres HP Compaq NX6325 Laptops mit diesem zuverl\u00e4ssigen Ersatzteil wieder her.<\/li>\n<li>Nahtlose Kompatibilit\u00e4t: Speziell f\u00fcr das HP Compaq NX6325 Modell entwickelt, garantiert es perfekte Passform und optimale Leistung.<\/li>\n<\/ul>\n<p>R\u00fcsten Sie Ihren HP Compaq NX6325 Laptop noch heute mit der Original-Netzschalterplatine und dem Original-Netzschalterkabel auf. Kaufen Sie mit Vertrauen in ein hochwertiges Ersatzteil f\u00fcr Ihren Laptop. Bei Fragen oder f\u00fcr weitere Unterst\u00fctzung kontaktieren Sie uns gerne. Wir helfen Ihnen gerne, die Funktionalit\u00e4t Ihres Ger\u00e4ts zu verbessern.<\/p>\n","protected":false},"excerpt":{"rendered":"<p>Erweitern Sie die Funktionalit\u00e4t Ihres HP Compaq NX6325 Laptops mit dieser originalen Power Button Board &#038; Kabel. Entwickelt f\u00fcr nahtlose Kompatibilit\u00e4t und einfache Installation. R\u00fcsten Sie Ihren Laptop noch heute m\u00fchelos auf!<\/p>\n","protected":false},"featured_media":13429,"template":"","meta":[],"product_brand":[],"product_cat":[63],"product_tag":[61],"class_list":{"0":"post-13364","1":"product","2":"type-product","3":"status-publish","4":"has-post-thumbnail","6":"product_cat-motherboards-board-parts","7":"product_tag-hp","9":"first","10":"instock","11":"taxable","12":"shipping-taxable","13":"purchasable","14":"product-type-simple"},"_links":{"self":[{"href":"https:\/\/boreait.com\/de\/wp-json\/wp\/v2\/product\/13364","targetHints":{"allow":["GET"]}}],"collection":[{"href":"https:\/\/boreait.com\/de\/wp-json\/wp\/v2\/product"}],"about":[{"href":"https:\/\/boreait.com\/de\/wp-json\/wp\/v2\/types\/product"}],"wp:featuredmedia":[{"embeddable":true,"href":"https:\/\/boreait.com\/de\/wp-json\/wp\/v2\/media\/13429"}],"wp:attachment":[{"href":"https:\/\/boreait.com\/de\/wp-json\/wp\/v2\/media?parent=13364"}],"wp:term":[{"taxonomy":"product_brand","embeddable":true,"href":"https:\/\/boreait.com\/de\/wp-json\/wp\/v2\/product_brand?post=13364"},{"taxonomy":"product_cat","embeddable":true,"href":"https:\/\/boreait.com\/de\/wp-json\/wp\/v2\/product_cat?post=13364"},{"taxonomy":"product_tag","embeddable":true,"href":"https:\/\/boreait.com\/de\/wp-json\/wp\/v2\/product_tag?post=13364"}],"curies":[{"name":"wp","href":"https:\/\/api.w.org\/{rel}","templated":true}]}}