{"id":13347,"date":"2025-09-15T16:37:06","date_gmt":"2025-09-15T14:37:06","guid":{"rendered":"https:\/\/boreait.com\/de\/?post_type=product&#038;p=13347"},"modified":"2026-01-27T10:25:43","modified_gmt":"2026-01-27T09:25:43","slug":"hd-hdd-festplattengehaeuse-caddy-fuer-hp-probook-6465b-6460b-6470b-6475b-6560b-6570b","status":"publish","type":"product","link":"https:\/\/boreait.com\/de\/produkt\/hd-hdd-festplattengehaeuse-caddy-fuer-hp-probook-6465b-6460b-6470b-6475b-6560b-6570b\/","title":{"rendered":"HD HDD Festplattengeh\u00e4use Caddy f\u00fcr HP PROBOOK 6465B 6460B 6470B 6475B 6560B 6570B"},"content":{"rendered":"<p>Erweitern Sie die Speicherkapazit\u00e4t Ihres HP PROBOOK Laptops m\u00fchelos mit dem HD HDD Hard Drive Case Caddy. Kompatibel mit den Modellen 6465B, 6460B, 6470B, 6475B, 6560B und 6570B erm\u00f6glicht dieser Case Caddy den Einbau einer zus\u00e4tzlichen Festplatte f\u00fcr mehr Speicherplatz oder Backup-L\u00f6sungen. <\/p>\n<p>Hauptmerkmale:<\/p>\n<ul>\n<li>Kompatibilit\u00e4t: Speziell f\u00fcr die HP PROBOOK Modelle 6465B, 6460B, 6470B, 6475B, 6560B und 6570B entwickelt, gew\u00e4hrleistet es eine nahtlose Integration.<\/li>\n<li>Einfache Installation: Dank der einfachen Installation k\u00f6nnen Sie die Speicherkapazit\u00e4t Ihres Laptops ganz ohne professionelle Hilfe erweitern.<\/li>\n<li>Hochwertige Konstruktion: Dieses Geh\u00e4use aus langlebigen Materialien bietet zuverl\u00e4ssigen Schutz f\u00fcr Ihre zus\u00e4tzliche Festplatte.<\/li>\n<li>Mehr Speicherplatz: Erweitern Sie Ihren Laptop mit einer zus\u00e4tzlichen Festplatte f\u00fcr mehr Speicherplatz oder Backup-L\u00f6sungen und steigern Sie so Ihre Produktivit\u00e4t und Datensicherheit.<\/li>\n<\/ul>\n<p>R\u00fcsten Sie Ihr HP PROBOOK Laptop noch heute mit dem HD HDD Hard Drive Case Caddy auf. Ob Sie zus\u00e4tzlichen Speicherplatz f\u00fcr Ihre Dateien, Multimedia-Inhalte oder Backup-L\u00f6sungen ben\u00f6tigen \u2013 dieses Geh\u00e4use bietet eine praktische und zuverl\u00e4ssige L\u00f6sung. Kaufen Sie mit Vertrauen in ein hochwertiges Zubeh\u00f6r, das die Funktionalit\u00e4t Ihres Laptops erweitert. Bei Fragen oder f\u00fcr weitere Unterst\u00fctzung kontaktieren Sie uns gerne. Wir helfen Ihnen, die Speicherkapazit\u00e4t Ihres Laptops optimal zu nutzen.<\/p>\n","protected":false},"excerpt":{"rendered":"<p>Erweitern Sie die Speicherkapazit\u00e4t Ihres HP PROBOOK Laptops mit diesem HD HDD Festplattengeh\u00e4use. Kompatibel mit den Modellen 6465B, 6460B, 6470B, 6475B, 6560B und 6570B. Einfache Installation f\u00fcr eine nahtlose Speichererweiterung.<\/p>\n","protected":false},"featured_media":13411,"template":"","meta":[],"product_brand":[],"product_cat":[63],"product_tag":[61],"class_list":{"0":"post-13347","1":"product","2":"type-product","3":"status-publish","4":"has-post-thumbnail","6":"product_cat-motherboards-board-parts","7":"product_tag-hp","9":"first","10":"instock","11":"taxable","12":"shipping-taxable","13":"purchasable","14":"product-type-simple"},"_links":{"self":[{"href":"https:\/\/boreait.com\/de\/wp-json\/wp\/v2\/product\/13347","targetHints":{"allow":["GET"]}}],"collection":[{"href":"https:\/\/boreait.com\/de\/wp-json\/wp\/v2\/product"}],"about":[{"href":"https:\/\/boreait.com\/de\/wp-json\/wp\/v2\/types\/product"}],"wp:featuredmedia":[{"embeddable":true,"href":"https:\/\/boreait.com\/de\/wp-json\/wp\/v2\/media\/13411"}],"wp:attachment":[{"href":"https:\/\/boreait.com\/de\/wp-json\/wp\/v2\/media?parent=13347"}],"wp:term":[{"taxonomy":"product_brand","embeddable":true,"href":"https:\/\/boreait.com\/de\/wp-json\/wp\/v2\/product_brand?post=13347"},{"taxonomy":"product_cat","embeddable":true,"href":"https:\/\/boreait.com\/de\/wp-json\/wp\/v2\/product_cat?post=13347"},{"taxonomy":"product_tag","embeddable":true,"href":"https:\/\/boreait.com\/de\/wp-json\/wp\/v2\/product_tag?post=13347"}],"curies":[{"name":"wp","href":"https:\/\/api.w.org\/{rel}","templated":true}]}}