{"id":13329,"date":"2025-09-15T16:36:40","date_gmt":"2025-09-15T14:36:40","guid":{"rendered":"https:\/\/boreait.com\/de\/?post_type=product&#038;p=13329"},"modified":"2026-01-27T10:15:38","modified_gmt":"2026-01-27T09:15:38","slug":"hp-probook-6570b-fingerabdruckleserplatine-560700a00-21a-g-gebraucht-original","status":"publish","type":"product","link":"https:\/\/boreait.com\/de\/produkt\/hp-probook-6570b-fingerabdruckleserplatine-560700a00-21a-g-gebraucht-original\/","title":{"rendered":"HP ProBook 6570b Fingerabdruckleserplatine 560700A00-21A-G, gebraucht, Original"},"content":{"rendered":"<p>Verbessern Sie die Sicherheitsfunktionen Ihres HP ProBook 6570b mit dieser gebrauchten Original-Fingerabdruck-Lesekarte, kompatibel mit Modell 560700A00-21A-G. Diese Karte bietet zus\u00e4tzliche Sicherheit f\u00fcr Ihren Laptop und erm\u00f6glicht eine sichere Authentifizierung per Fingerabdruckerkennung.<\/p>\n<p>Hauptmerkmale:<\/p>\n<ul>\n<li>Original HP Gebrauchtteil: Gew\u00e4hrleisten Sie Kompatibilit\u00e4t und Authentizit\u00e4t mit einer gebrauchten Original-Fingerabdruck-Lesekarte.<\/li>\n<li>Erh\u00f6hte Sicherheit: Sch\u00fctzen Sie Ihren Laptop und Ihre Daten mit sicherer Fingerabdruck-Authentifizierung.<\/li>\n<li>Kompatibles Modell: Speziell f\u00fcr das HP ProBook 6570b mit der Modellnummer 560700A00-21A-G entwickelt.<\/li>\n<\/ul>\n<p>Erleben Sie eine problemlose Installation mit dieser gebrauchten Karte. Es liegen keine detaillierten Installationsanweisungen bei. Bei Fragen oder Unterst\u00fctzung wenden Sie sich gerne an uns. Bitte beachten Sie, dass es sich bei dieser Karte um ein gebrauchtes Produkt handelt, das jedoch getestet und auf Funktionsf\u00e4higkeit gepr\u00fcft wurde.<\/p>\n<p>Erweitern Sie die Sicherheitsfunktionen Ihres HP ProBook 6570b noch heute mit dieser originalen gebrauchten Fingerabdruckleser-Karte. Kaufen Sie mit Vertrauen und sichern Sie sich die Sicherheit Ihres Laptops. Bei Fragen oder f\u00fcr weitere Unterst\u00fctzung kontaktieren Sie uns gerne. Wir helfen Ihnen gerne, die Sicherheit Ihres Ger\u00e4ts zu erh\u00f6hen.<\/p>\n","protected":false},"excerpt":{"rendered":"<p>Erh\u00f6hen Sie die Sicherheit Ihres HP ProBook 6570b mit dieser gebrauchten Original-Fingerabdruckleserplatine. Kompatibel mit Modell 560700A00-21A-G, verbessern Sie die Sicherheitsfunktionen Ihres Laptops nahtlos.<\/p>\n","protected":false},"featured_media":13399,"template":"","meta":[],"product_brand":[],"product_cat":[63],"product_tag":[61],"class_list":{"0":"post-13329","1":"product","2":"type-product","3":"status-publish","4":"has-post-thumbnail","6":"product_cat-motherboards-board-parts","7":"product_tag-hp","9":"first","10":"instock","11":"taxable","12":"shipping-taxable","13":"purchasable","14":"product-type-simple"},"_links":{"self":[{"href":"https:\/\/boreait.com\/de\/wp-json\/wp\/v2\/product\/13329","targetHints":{"allow":["GET"]}}],"collection":[{"href":"https:\/\/boreait.com\/de\/wp-json\/wp\/v2\/product"}],"about":[{"href":"https:\/\/boreait.com\/de\/wp-json\/wp\/v2\/types\/product"}],"wp:featuredmedia":[{"embeddable":true,"href":"https:\/\/boreait.com\/de\/wp-json\/wp\/v2\/media\/13399"}],"wp:attachment":[{"href":"https:\/\/boreait.com\/de\/wp-json\/wp\/v2\/media?parent=13329"}],"wp:term":[{"taxonomy":"product_brand","embeddable":true,"href":"https:\/\/boreait.com\/de\/wp-json\/wp\/v2\/product_brand?post=13329"},{"taxonomy":"product_cat","embeddable":true,"href":"https:\/\/boreait.com\/de\/wp-json\/wp\/v2\/product_cat?post=13329"},{"taxonomy":"product_tag","embeddable":true,"href":"https:\/\/boreait.com\/de\/wp-json\/wp\/v2\/product_tag?post=13329"}],"curies":[{"name":"wp","href":"https:\/\/api.w.org\/{rel}","templated":true}]}}