{"id":13248,"date":"2025-09-15T16:34:24","date_gmt":"2025-09-15T14:34:24","guid":{"rendered":"https:\/\/boreait.com\/de\/?post_type=product&#038;p=13248"},"modified":"2025-09-16T12:55:27","modified_gmt":"2025-09-16T10:55:27","slug":"apple-a1502-macbookpro121-motherboard-originalersatz-fuer-i5-5257u-8gb-modell","status":"publish","type":"product","link":"https:\/\/boreait.com\/de\/produkt\/apple-a1502-macbookpro121-motherboard-originalersatz-fuer-i5-5257u-8gb-modell\/","title":{"rendered":"Apple A1502 MacBookPro12,1 Motherboard &#8211; Originalersatz f\u00fcr I5-5257U 8GB Modell"},"content":{"rendered":"<p>Steigern Sie die Leistung Ihres MacBookPro12.1 mit dem originalen Apple A1502 Motherboard. Dieses auf Kompatibilit\u00e4t und Langlebigkeit ausgelegte Motherboard verf\u00fcgt \u00fcber einen I5-5257U Prozessor und 8 GB RAM und sorgt so f\u00fcr reibungslosen Betrieb und zuverl\u00e4ssige Leistung Ihres Laptops.<\/p>\n<p><strong>Hauptmerkmale:<\/strong><\/p>\n<p><strong>Original Apple Ersatzteil:<\/strong> Dieses Motherboard ist ein originales Apple-Teil und gew\u00e4hrleistet Kompatibilit\u00e4t und optimale Leistung f\u00fcr Ihr MacBookPro12.1.<\/p>\n<p><strong>Leistungsstarker Prozessor:<\/strong> Ausgestattet mit einem I5-5257U Prozessor bietet dieses Motherboard leistungsstarke Leistung f\u00fcr Multitasking, Produktivit\u00e4t und Multimedia-Aufgaben.<\/p>\n<p><strong>8 GB RAM:<\/strong> Mit 8 GB RAM bietet dieses Motherboard ausreichend Speicher f\u00fcr reibungslosen Betrieb und effizientes Multitasking und sorgt so f\u00fcr reaktionsschnelle Leistung Ihrer Anwendungen und Arbeitsabl\u00e4ufe.<\/p>\n<p><strong>Einfache Installation:<\/strong> Dank der unkomplizierten Installation ist der Austausch der Hauptplatine schnell und problemlos, sodass Sie Ihr MacBookPro12.1 problemlos aufr\u00fcsten k\u00f6nnen.<\/p>\n<p>R\u00fcsten Sie Ihr MacBookPro12.1 mit Vertrauen auf \u2013 bestellen Sie noch heute Ihre originale Apple A1502 Hauptplatine bei Siggmo. Wir stellen Ihnen Fotos der genauen Hauptplatine zur Verf\u00fcgung, die Sie erhalten, und unser Qualit\u00e4tsanspruch garantiert Ihre Zufriedenheit mit jedem Kauf.<\/p>\n<p><strong>Hinweis:<\/strong> Wir stellen zwar keine detaillierten Installationsanweisungen zur Verf\u00fcgung, unser Kundensupport-Team steht Ihnen jedoch bei Fragen und Anliegen gerne zur Verf\u00fcgung. Vertrauen Sie Siggmo f\u00fcr Original-Apple-Laptopteile und steigern Sie die Leistung Ihres MacBookPro12.1.<\/p>\n","protected":false},"excerpt":{"rendered":"<p>R\u00fcsten Sie Ihr MacBookPro12,1 mit dem originalen Apple A1502 Logic Board auf. Dieses Board wurde f\u00fcr Kompatibilit\u00e4t und Leistung entwickelt und gew\u00e4hrleistet optimale Funktionalit\u00e4t f\u00fcr Ihren Laptop. Vertrauen Sie Siggmo f\u00fcr hochwertige Laptop-Teile.<\/p>\n","protected":false},"featured_media":13307,"template":"","meta":[],"product_brand":[],"product_cat":[63],"product_tag":[87],"class_list":{"0":"post-13248","1":"product","2":"type-product","3":"status-publish","4":"has-post-thumbnail","6":"product_cat-motherboards-board-parts","7":"product_tag-apple","9":"first","10":"instock","11":"taxable","12":"shipping-taxable","13":"purchasable","14":"product-type-simple"},"_links":{"self":[{"href":"https:\/\/boreait.com\/de\/wp-json\/wp\/v2\/product\/13248","targetHints":{"allow":["GET"]}}],"collection":[{"href":"https:\/\/boreait.com\/de\/wp-json\/wp\/v2\/product"}],"about":[{"href":"https:\/\/boreait.com\/de\/wp-json\/wp\/v2\/types\/product"}],"wp:featuredmedia":[{"embeddable":true,"href":"https:\/\/boreait.com\/de\/wp-json\/wp\/v2\/media\/13307"}],"wp:attachment":[{"href":"https:\/\/boreait.com\/de\/wp-json\/wp\/v2\/media?parent=13248"}],"wp:term":[{"taxonomy":"product_brand","embeddable":true,"href":"https:\/\/boreait.com\/de\/wp-json\/wp\/v2\/product_brand?post=13248"},{"taxonomy":"product_cat","embeddable":true,"href":"https:\/\/boreait.com\/de\/wp-json\/wp\/v2\/product_cat?post=13248"},{"taxonomy":"product_tag","embeddable":true,"href":"https:\/\/boreait.com\/de\/wp-json\/wp\/v2\/product_tag?post=13248"}],"curies":[{"name":"wp","href":"https:\/\/api.w.org\/{rel}","templated":true}]}}